{"id":89,"date":"2023-06-20T10:51:54","date_gmt":"2023-06-20T10:51:54","guid":{"rendered":"https:\/\/promo.evolution.com\/latam\/"},"modified":"2026-04-28T14:29:04","modified_gmt":"2026-04-28T14:29:04","slug":"latam","status":"publish","type":"page","link":"https:\/\/promo.evolution.com\/pt\/latam\/","title":{"rendered":"LATAM &#8211; Ranking"},"content":{"rendered":"\n<section class=\"container-fluid banner\" style=\"background-image: url('https:\/\/promo.evolution.com\/wp-content\/uploads\/2026\/04\/Evolution_ctrl-alt-win_key_visual_pt_1080x1080_2026.png')\">\n\t<div class=\"container px-0 banner-inner \">\n\t\t<h1 class=\"banner-title\">Ctrl+Alt+Win<\/h1>\n\t\t<div class=\"table-wrapper campaign-details\">\n\t\t\t<div class=\"icon-title\">\n\t\t\t\t<img decoding=\"async\" src=\"https:\/\/promo.evolution.com\/wp-content\/themes\/evolution-promo\/assets\/img\/icon\/info.svg\">\n\t\t\t\t<h2>Informa\u00e7\u00f5es Importantes<\/h2>\n\t\t\t<\/div>\n\n\t\t\t<table class=\"table\">\n\t\t\t\t<tbody>\n\t\t\t\t\t\t\t\t\t\t\t<tr>\n\t\t\t\t\t\t\t<th>Per\u00edodo da Promo\u00e7\u00e3o<\/th>\n\n\t\t\t\t\t\t\t<td>\n\t\t\t\t\t\t\t\t01\/05 00:00 &#8211; 08\/05 22:59\n\t\t\t\t\t\t\t\t<span class=\"timezone\">(UTC-3)<\/span><\/td>\t\t\t\t\t\t\t<\/td>\n\t\t\t\t\t\t<\/tr>\n\t\t\t\t\t\t\t\t\t\t\t<tr> \n\n\t\t\t\t\t\t\t<th>Data do an\u00fancio dos Ganhadores<\/th>\n\t\t\t\t\t\t\t<td>\n\t\t\t\t\t\t\t\t12\/05 11:00\t\t\t\t\t\t\t\t\n\t\t\t\t\t\t\t\t<span class=\"timezone\">(UTC-3)<\/span><\/td>\t\t\t\t\t\t\t<\/td>\n\t\t\t\t\t\t<\/tr>\n\t\t\t\t\t\t\t\t\t\t\t<tr>\n\t\t\t\t\t\t\t<th>N\u00famero de Ganhadores<\/th>\n\t\t\t\t\t\t\t<td>100<\/td>\n\t\t\t\t\t\t<\/tr>\n\t\t\t\t\t\t\t\t\t\t\t<tr>\n\t\t\t\t\t\t\t<th>Valor do Pr\u00eamio<\/th>\n\t\t\t\t\t\t\t<td>R$ 25,000 <\/td>\n\t\t\t\t\t\t<\/tr>\n\t\t\t\t\t\t\t\t\t\t\t<tr>\n\t\t\t\t\t\t\t<th>Jogos V\u00e1lidos<\/th>\n\t\t\t\t\t\t\t<td>Nine to Five, Duck Hunters, Outsourced, Supersized, Fire in the Hole 2<\/td>\n\t\t\t\t\t\t<\/tr>\n\t\t\t\t\t\t\t\t\t<\/tbody>\n\t\t\t<\/table>\n\t\t<\/div>\n\n\t\t<div class=\"winners-link\">\n\n\t\t\t<a href=\"#winners\">Ir para a lista de ganhadores<\/a>\t\t\t\n\t\t\t\n\t\t<\/div>\n\t<\/div>\n\n\t<div class=\"custom-shape-divider-bottom-banner\">\n\t\t<svg data-name=\"Layer 1\" xmlns=\"http:\/\/www.w3.org\/2000\/svg\" viewBox=\"0 0 1200 120\" preserveAspectRatio=\"none\">\n\t\t\t<path d=\"M985.66,92.83C906.67,72,823.78,31,743.84,14.19c-82.26-17.34-168.06-16.33-250.45.39-57.84,11.73-114,31.07-172,41.86A600.21,600.21,0,0,1,0,27.35V120H1200V95.8C1132.19,118.92,1055.71,111.31,985.66,92.83Z\" class=\"shape-fill\"><\/path>\n\t\t<\/svg>\n\t<\/div>\n<\/section>\n\n\n<section class=\"container-fluid games-list\">\n\t<div class=\"container px-0 games-list-inner\">\n\t\t<div class=\"gradient-border\">\n\t\t\t<span class=\"gradient-border-inner\">\n\t\t\t\t<div class=\"icon-title\">\n\t\t\t\t\t<img decoding=\"async\" src=\"https:\/\/promo.evolution.com\/wp-content\/themes\/evolution-promo\/assets\/img\/icon\/gambling.svg\"><h3>Jogos V\u00e1lidos<\/h3>\t\t\t\t<\/div>\n\t\t\t<\/span>\n\t\t<\/div>\n\t\t\n\t\t<div class=\"games-list-row\"><span>\n\t\t\t\t\t<img decoding=\"async\" class=\"game-logo\" src=\"https:\/\/promo.evolution.com\/wp-content\/uploads\/2024\/07\/Logo-1.png\">\n\t\t\t\t\t<small>Nine to Five<\/small>\n\t\t\t\t\t<img decoding=\"async\" class=\"brand-logo\" src=\"https:\/\/promo.evolution.com\/wp-content\/uploads\/2023\/07\/nolimit-city.svg\">\n\t\t\t\t<\/span><span>\n\t\t\t\t\t<img decoding=\"async\" class=\"game-logo\" src=\"https:\/\/promo.evolution.com\/wp-content\/uploads\/2025\/08\/Logo-Duck-Hunters-scaled.png\">\n\t\t\t\t\t<small>Duck Hunters<\/small>\n\t\t\t\t\t<img decoding=\"async\" class=\"brand-logo\" src=\"https:\/\/promo.evolution.com\/wp-content\/uploads\/2023\/07\/nolimit-city.svg\">\n\t\t\t\t<\/span><span>\n\t\t\t\t\t<img decoding=\"async\" class=\"game-logo\" src=\"https:\/\/promo.evolution.com\/wp-content\/uploads\/2024\/11\/Outsourced-Logo_Game.png\">\n\t\t\t\t\t<small>Outsourced<\/small>\n\t\t\t\t\t<img decoding=\"async\" class=\"brand-logo\" src=\"https:\/\/promo.evolution.com\/wp-content\/uploads\/2023\/07\/nolimit-city.svg\">\n\t\t\t\t<\/span><span>\n\t\t\t\t\t<img decoding=\"async\" class=\"game-logo\" src=\"https:\/\/promo.evolution.com\/wp-content\/uploads\/2026\/03\/Logo-Supersized.png\">\n\t\t\t\t\t<small>Supersized<\/small>\n\t\t\t\t\t<img decoding=\"async\" class=\"brand-logo\" src=\"https:\/\/promo.evolution.com\/wp-content\/uploads\/2023\/07\/nolimit-city.svg\">\n\t\t\t\t<\/span><span>\n\t\t\t\t\t<img decoding=\"async\" class=\"game-logo\" src=\"https:\/\/promo.evolution.com\/wp-content\/uploads\/2024\/11\/Fire-in-the-Hole-2-Logo.png\">\n\t\t\t\t\t<small>Fire in the Hole 2<\/small>\n\t\t\t\t\t<img decoding=\"async\" class=\"brand-logo\" src=\"https:\/\/promo.evolution.com\/wp-content\/uploads\/2023\/07\/nolimit-city.svg\">\n\t\t\t\t<\/span><\/div>\t<\/div>\n<\/section>\n\n\n\n<section class=\"container-fluid payouts\" id=\"payouts\">\n\t<div class=\"container px-0 payouts-inner\">\n\t\t<div class=\"table-wrapper payouts-table right-align-final-col bold-final-row  \">\n\t\t\t<div class=\"icon-title\">\n\t\t\t\t<img decoding=\"async\" src=\"https:\/\/promo.evolution.com\/wp-content\/themes\/evolution-promo\/assets\/img\/icon\/gift.svg\">\n\n\t\t\t\t<h2>Tabela de Pr\u00eamios<\/h2>\t\t\t<\/div>\n\n\t\t\t<table class=\"table\">\n\t\t\t\t<caption><\/caption><thead><tr><th scope=\"col\">Puesto<\/th><th scope=\"col\">R$<\/th><\/tr><\/thead><tbody><tr><td>1<\/td><td>R$ 5,000<\/td><\/tr><tr><td>2<\/td><td>R$ 2,500<\/td><\/tr><tr><td>3<\/td><td>R$ 1,250<\/td><\/tr><tr><td>4 &#8211; 9\n<\/td><td>R$ 375<\/td><\/tr><tr><td>10 &#8211; 30<\/td><td>R$ 250<\/td><\/tr><tr><td>31 &#8211; 100<\/td><td>R$ 125<\/td><\/tr><tr><td>Total<\/td><td>R$ 25,000<\/td><\/tr><\/tbody>\t\t\t<\/table>\n\n\t\t\t<p class=\"rate-message\"><em>Por favor, observe que a taxa de c\u00e2mbio real pode variar dos valores mostrados na tabela.\n\n<\/em><\/p>\n\t\t<\/div>\n\t<\/div>\n<\/section>\n\n\n<section class=\"container-fluid terms-conditions\">\n\t<div class=\"custom-shape-divider-top-terms-conditions\">\n\t\t<svg data-name=\"Layer 1\" xmlns=\"http:\/\/www.w3.org\/2000\/svg\" viewBox=\"0 0 1200 120\" preserveAspectRatio=\"none\">\n\t\t\t<path d=\"M321.39,56.44c58-10.79,114.16-30.13,172-41.86,82.39-16.72,168.19-17.73,250.45-.39C823.78,31,906.67,72,985.66,92.83c70.05,18.48,146.53,26.09,214.34,3V0H0V27.35A600.21,600.21,0,0,0,321.39,56.44Z\" class=\"shape-fill\"><\/path>\n\t\t<\/svg>\n\t<\/div>\n\n\t<div class=\"container px-0 terms-conditions-inner\">\n\t\t<div class=\"gradient-border\">\n\t\t\t<span class=\"gradient-border-inner\">\n\t\t\t\t<div class=\"icon-title\">\n\t\t\t\t\t<img decoding=\"async\" src=\"https:\/\/promo.evolution.com\/wp-content\/themes\/evolution-promo\/assets\/img\/icon\/terms.svg\">\n\t\t\t\t\t<h3>Termos &#038; Condi\u00e7\u00f5es<\/h3>\n\t\t\t\t<\/div>\n\t\t\t<\/span>\n\t\t<\/div>\n\n\t\t<div class=\"terms-conditions-content\">\n\t\t\t<h3 style=\"text-align: center\">Ctrl+Alt+Win<\/h3>\n<ul>\n<li><span class=\"NormalTextRun SCXW158842315 BCX8\"><span class=\"TextRun SCXW119307035 BCX8\" lang=\"PT-BR\" xml:lang=\"PT-BR\" data-contrast=\"auto\"><span class=\"NormalTextRun SCXW119307035 BCX8\">\u00a0A promo\u00e7\u00e3o \u201cCtrl+Alt+Win\u201d estar\u00e1 ativa a partir das<br \/>\n00:01 (UTC-3) do dia 1\u00ba de maio at\u00e9 \u00e0s 23:59 (UTC-3) do dia 8 de maio.<\/span><\/span><span class=\"EOP SCXW119307035 BCX8\" data-ccp-props=\"{}\">\u00a0<\/span><\/span><\/li>\n<li>A promo\u00e7\u00e3o ser\u00e1 v\u00e1lida nos jogos \u201cNine to Five, Duck Hunters, Outsourced, Supersized, Fire in the Hole 2&#8243;<\/li>\n<\/ul>\n<h3>Termos &amp; Condi\u00e7\u00f5es<\/h3>\n<ul>\n<li><span class=\"TextRun SCXW234682006 BCX8\" lang=\"EN-US\" xml:lang=\"EN-US\" data-contrast=\"none\"><span class=\"NormalTextRun SpellingErrorV2Themed SCXW234682006 BCX8\">Os<\/span><span class=\"NormalTextRun SCXW234682006 BCX8\">\u00a0<\/span><span class=\"NormalTextRun SpellingErrorV2Themed SCXW234682006 BCX8\">pontos<\/span><span class=\"NormalTextRun SCXW234682006 BCX8\">\u00a0<\/span><span class=\"NormalTextRun SpellingErrorV2Themed SCXW234682006 BCX8\">s\u00e3o<\/span><span class=\"NormalTextRun SCXW234682006 BCX8\">\u00a0<\/span><span class=\"NormalTextRun SpellingErrorV2Themed SCXW234682006 BCX8\">acumulados<\/span><span class=\"NormalTextRun SCXW234682006 BCX8\">\u00a0<\/span><span class=\"NormalTextRun SpellingErrorV2Themed SCXW234682006 BCX8\">por<\/span><span class=\"NormalTextRun SCXW234682006 BCX8\">\u00a0<\/span><span class=\"NormalTextRun SpellingErrorV2Themed SCXW234682006 BCX8\">dia<\/span><span class=\"NormalTextRun SCXW234682006 BCX8\">\u00a0<\/span><span class=\"NormalTextRun SCXW234682006 BCX8\">com base no\u00a0<\/span><span class=\"NormalTextRun SpellingErrorV2Themed SCXW234682006 BCX8\">seguinte<\/span><span class=\"NormalTextRun SCXW234682006 BCX8\">\u00a0<\/span><span class=\"NormalTextRun SpellingErrorV2Themed SCXW234682006 BCX8\">c\u00e1lculo<\/span><span class=\"NormalTextRun SCXW234682006 BCX8\">:\u00a0<\/span><\/span><span class=\"TextRun SCXW234682006 BCX8\" lang=\"EN-US\" xml:lang=\"EN-US\" data-contrast=\"none\"><span class=\"NormalTextRun SpellingErrorV2Themed SCXW234682006 BCX8\">Ganhos<\/span><span class=\"NormalTextRun SCXW234682006 BCX8\">\u00a0\/\u00a0<\/span><span class=\"NormalTextRun SpellingErrorV2Themed SCXW234682006 BCX8\">Aposta<\/span><span class=\"NormalTextRun SpellingErrorV2Themed SCXW234682006 BCX8\">s<\/span><\/span><span class=\"TextRun SCXW234682006 BCX8\" lang=\"EN-US\" xml:lang=\"EN-US\" data-contrast=\"none\"><span class=\"NormalTextRun SCXW234682006 BCX8\">.<\/span><\/span><span class=\"LineBreakBlob BlobObject DragDrop SCXW234682006 BCX8\"><span class=\"SCXW234682006 BCX8\">\u00a0<\/span><br class=\"SCXW234682006 BCX8\" \/><\/span><span class=\"TextRun SCXW234682006 BCX8\" lang=\"EN-US\" xml:lang=\"EN-US\" data-contrast=\"none\"><span class=\"NormalTextRun SCXW234682006 BCX8\">Os 100\u00a0<\/span><span class=\"NormalTextRun SpellingErrorV2Themed SCXW234682006 BCX8\">melhores<\/span><span class=\"NormalTextRun SCXW234682006 BCX8\">\u00a0<\/span><span class=\"NormalTextRun SpellingErrorV2Themed SCXW234682006 BCX8\">jogadores<\/span><span class=\"NormalTextRun SCXW234682006 BCX8\">\u00a0do ranking\u00a0<\/span><span class=\"NormalTextRun SpellingErrorV2Themed SCXW234682006 BCX8\">dividir\u00e3o<\/span><span class=\"NormalTextRun SCXW234682006 BCX8\">\u00a0um\u00a0<\/span><span class=\"NormalTextRun SpellingErrorV2Themed SCXW234682006 BCX8\">pr\u00eamio<\/span><span class=\"NormalTextRun SCXW234682006 BCX8\">\u00a0total de \u20ac5.000\u00a0<\/span><span class=\"NormalTextRun SCXW234682006 BCX8\">(<\/span><span class=\"NormalTextRun SpellingErrorV2Themed SCXW234682006 BCX8\">em<\/span><span class=\"NormalTextRun SCXW234682006 BCX8\">\u00a0<\/span><span class=\"NormalTextRun SpellingErrorV2Themed SCXW234682006 BCX8\">moeda<\/span><span class=\"NormalTextRun SCXW234682006 BCX8\">\u00a0<\/span><span class=\"NormalTextRun SpellingErrorV2Themed SCXW234682006 BCX8\">equivalente<\/span><span class=\"NormalTextRun SCXW234682006 BCX8\">).<\/span><span class=\"NormalTextRun SCXW234682006 BCX8\">\u00a0<\/span><span class=\"NormalTextRun SpellingErrorV2Themed SCXW234682006 BCX8\">N\u00e3o<\/span><span class=\"NormalTextRun SCXW234682006 BCX8\">\u00a0<\/span><span class=\"NormalTextRun SpellingErrorV2Themed SCXW234682006 BCX8\">h\u00e1<\/span><span class=\"NormalTextRun SCXW234682006 BCX8\">\u00a0<\/span><span class=\"NormalTextRun SpellingErrorV2Themed SCXW234682006 BCX8\">requisito<\/span><span class=\"NormalTextRun SCXW234682006 BCX8\">\u00a0<\/span><span class=\"NormalTextRun SpellingErrorV2Themed SCXW234682006 BCX8\">m\u00ednimo<\/span><span class=\"NormalTextRun SCXW234682006 BCX8\">\u00a0de\u00a0<\/span><span class=\"NormalTextRun SpellingErrorV2Themed SCXW234682006 BCX8\">aposta<\/span><span class=\"NormalTextRun SCXW234682006 BCX8\">;\u00a0<\/span><span class=\"NormalTextRun SpellingErrorV2Themed SCXW234682006 BCX8\">todas<\/span><span class=\"NormalTextRun SCXW234682006 BCX8\">\u00a0as\u00a0<\/span><span class=\"NormalTextRun SpellingErrorV2Themed SCXW234682006 BCX8\">rodadas<\/span><span class=\"NormalTextRun SCXW234682006 BCX8\">\u00a0<\/span><span class=\"NormalTextRun SpellingErrorV2Themed SCXW234682006 BCX8\">s\u00e3o<\/span><span class=\"NormalTextRun SCXW234682006 BCX8\">\u00a0<\/span><span class=\"NormalTextRun SpellingErrorV2Themed SCXW234682006 BCX8\">eleg\u00edveis<\/span><span class=\"NormalTextRun SCXW234682006 BCX8\">.\u00a0\u00a0<\/span><\/span><span class=\"EOP SCXW234682006 BCX8\" data-ccp-props=\"{&quot;201341983&quot;:0,&quot;335559740&quot;:259}\">\u00a0<\/span><\/li>\n<li>Ao participar da Promo\u00e7\u00e3o, voc\u00ea aceita e consente expressamente que seu nome de usu\u00e1rio apare\u00e7a publicamente na classifica\u00e7\u00e3o e seja usado para fins relacionados \u00e0 din\u00e2mica da Promo\u00e7\u00e3o.<\/li>\n<li>O pr\u00eamio ser\u00e1 entregue 96 horas ap\u00f3s o t\u00e9rmino da promo\u00e7\u00e3o.<\/li>\n<\/ul>\n\t\t<\/div>\n\t<\/div>\n\t\n\t<div class=\"custom-shape-divider-bottom-terms-conditions\">\n\t\t<svg data-name=\"Layer 1\" xmlns=\"http:\/\/www.w3.org\/2000\/svg\" viewBox=\"0 0 1200 120\" preserveAspectRatio=\"none\">\n\t\t\t<path d=\"M985.66,92.83C906.67,72,823.78,31,743.84,14.19c-82.26-17.34-168.06-16.33-250.45.39-57.84,11.73-114,31.07-172,41.86A600.21,600.21,0,0,1,0,27.35V120H1200V95.8C1132.19,118.92,1055.71,111.31,985.66,92.83Z\" class=\"shape-fill\"><\/path>\n\t\t<\/svg>\n\t<\/div>\n<\/section>","protected":false},"excerpt":{"rendered":"","protected":false},"author":1,"featured_media":0,"parent":0,"menu_order":0,"comment_status":"closed","ping_status":"closed","template":"","meta":{"_acf_changed":false,"footnotes":""},"class_list":["post-89","page","type-page","status-publish","hentry"],"acf":[],"_links":{"self":[{"href":"https:\/\/promo.evolution.com\/pt\/wp-json\/wp\/v2\/pages\/89","targetHints":{"allow":["GET"]}}],"collection":[{"href":"https:\/\/promo.evolution.com\/pt\/wp-json\/wp\/v2\/pages"}],"about":[{"href":"https:\/\/promo.evolution.com\/pt\/wp-json\/wp\/v2\/types\/page"}],"author":[{"embeddable":true,"href":"https:\/\/promo.evolution.com\/pt\/wp-json\/wp\/v2\/users\/1"}],"replies":[{"embeddable":true,"href":"https:\/\/promo.evolution.com\/pt\/wp-json\/wp\/v2\/comments?post=89"}],"version-history":[{"count":422,"href":"https:\/\/promo.evolution.com\/pt\/wp-json\/wp\/v2\/pages\/89\/revisions"}],"predecessor-version":[{"id":39524,"href":"https:\/\/promo.evolution.com\/pt\/wp-json\/wp\/v2\/pages\/89\/revisions\/39524"}],"wp:attachment":[{"href":"https:\/\/promo.evolution.com\/pt\/wp-json\/wp\/v2\/media?parent=89"}],"curies":[{"name":"wp","href":"https:\/\/api.w.org\/{rel}","templated":true}]}}