{"id":357,"date":"2023-08-09T18:05:08","date_gmt":"2023-08-09T18:05:08","guid":{"rendered":"https:\/\/promo.evolution.com\/latam-2\/"},"modified":"2024-08-01T16:42:48","modified_gmt":"2024-08-01T16:42:48","slug":"latam2","status":"publish","type":"page","link":"https:\/\/promo.evolution.com\/pt\/latam2\/","title":{"rendered":"LATAM &#8211; Prize Pool"},"content":{"rendered":"\n<section class=\"container-fluid banner\" style=\"background-image: url('https:\/\/promo.evolution.com\/wp-content\/uploads\/2024\/07\/welcome_to_the_jungle_banner_1800x1012_2024_05_01-1.png')\">\n\t<div class=\"container px-0 banner-inner \">\n\t\t<h1 class=\"banner-title\">Bem-vindo \u00e0 Selva \ud83e\udd8d\ud83d\udc05<\/h1><h2 class=\"banner-subtitle\">Tenha uma semana selvagem!<\/h2>\n\t\t<div class=\"table-wrapper campaign-details\">\n\t\t\t<div class=\"icon-title\">\n\t\t\t\t<img decoding=\"async\" src=\"https:\/\/promo.evolution.com\/wp-content\/themes\/evolution-promo\/assets\/img\/icon\/info.svg\">\n\t\t\t\t<h2>Informa\u00e7\u00f5es Importantes<\/h2>\n\t\t\t<\/div>\n\n\t\t\t<table class=\"table\">\n\t\t\t\t<tbody>\n\t\t\t\t\t\t\t\t\t\t\t<tr>\n\t\t\t\t\t\t\t<th>Per\u00edodo da Promo\u00e7\u00e3o<\/th>\n\n\t\t\t\t\t\t\t<td>\n\t\t\t\t\t\t\t\t23\/07 00:00 &#8211; 28\/05 23:59\n\t\t\t\t\t\t\t\t<span class=\"timezone\">(UTC-5)<\/span><\/td>\t\t\t\t\t\t\t<\/td>\n\t\t\t\t\t\t<\/tr>\n\t\t\t\t\t\t\t\t\t\t\t<tr>\n\t\t\t\t\t\t\t<th>Tipo de Promo\u00e7\u00e3o<\/th>\n\t\t\t\t\t\t\t<td>Prize Pool<\/td>\n\t\t\t\t\t\t<\/tr>\n\t\t\t\t\t\t\t\t\t\t\t<tr> \n\n\t\t\t\t\t\t\t<th>Data do an\u00fancio dos Ganhadores<\/th>\n\t\t\t\t\t\t\t<td>\n\t\t\t\t\t\t\t\t30\/07 09:00\t\t\t\t\t\t\t\t\n\t\t\t\t\t\t\t\t<span class=\"timezone\">(UTC-5)<\/span><\/td>\t\t\t\t\t\t\t<\/td>\n\t\t\t\t\t\t<\/tr>\n\t\t\t\t\t\t\t\t\t\t\t<tr>\n\t\t\t\t\t\t\t<th>Valor do Pr\u00eamio<\/th>\n\t\t\t\t\t\t\t<td>R$ 50,000<\/td>\n\t\t\t\t\t\t<\/tr>\n\t\t\t\t\t\t\t\t\t\t\t<tr>\n\t\t\t\t\t\t\t<th>Jogos V\u00e1lidos<\/th>\n\t\t\t\t\t\t\t<td>Primate King, Primate King Megaways, Jungle Spirit, Rainforest Gold, Gorilla Kingdom, Jungle Spirit Megaways<\/td>\n\t\t\t\t\t\t<\/tr>\n\t\t\t\t\t\t\t\t\t<\/tbody>\n\t\t\t<\/table>\n\t\t<\/div>\n\n\t\t<div class=\"winners-link\">\n\n\t\t\t<a href=\"#winners\">Ir para a lista de ganhadores<\/a>\t\t\t\n\t\t\t\n\t\t<\/div>\n\t<\/div>\n\n\t<div class=\"custom-shape-divider-bottom-banner\">\n\t\t<svg data-name=\"Layer 1\" xmlns=\"http:\/\/www.w3.org\/2000\/svg\" viewBox=\"0 0 1200 120\" preserveAspectRatio=\"none\">\n\t\t\t<path d=\"M985.66,92.83C906.67,72,823.78,31,743.84,14.19c-82.26-17.34-168.06-16.33-250.45.39-57.84,11.73-114,31.07-172,41.86A600.21,600.21,0,0,1,0,27.35V120H1200V95.8C1132.19,118.92,1055.71,111.31,985.66,92.83Z\" class=\"shape-fill\"><\/path>\n\t\t<\/svg>\n\t<\/div>\n<\/section>\n\n\n<section class=\"container-fluid games-list\">\n\t<div class=\"container px-0 games-list-inner\">\n\t\t<div class=\"gradient-border\">\n\t\t\t<span class=\"gradient-border-inner\">\n\t\t\t\t<div class=\"icon-title\">\n\t\t\t\t\t<img decoding=\"async\" src=\"https:\/\/promo.evolution.com\/wp-content\/themes\/evolution-promo\/assets\/img\/icon\/gambling.svg\"><h3>Jogos V\u00e1lidos<\/h3>\t\t\t\t<\/div>\n\t\t\t<\/span>\n\t\t<\/div>\n\t\t\n\t\t<div class=\"games-list-row\"><span>\n\t\t\t\t\t<img decoding=\"async\" class=\"game-logo\" src=\"https:\/\/promo.evolution.com\/wp-content\/uploads\/2023\/08\/primate-king-1.png\">\n\t\t\t\t\t<small>Primate King<\/small>\n\t\t\t\t\t<img decoding=\"async\" class=\"brand-logo\" src=\"https:\/\/promo.evolution.com\/wp-content\/uploads\/2023\/07\/red-tiger.svg\">\n\t\t\t\t<\/span><span>\n\t\t\t\t\t<img decoding=\"async\" class=\"game-logo\" src=\"https:\/\/promo.evolution.com\/wp-content\/uploads\/2024\/03\/Test_9.png\">\n\t\t\t\t\t<small>Primate King Megaways\u2122<\/small>\n\t\t\t\t\t<img decoding=\"async\" class=\"brand-logo\" src=\"https:\/\/promo.evolution.com\/wp-content\/uploads\/2023\/07\/red-tiger.svg\">\n\t\t\t\t<\/span><span>\n\t\t\t\t\t<img decoding=\"async\" class=\"game-logo\" src=\"https:\/\/promo.evolution.com\/wp-content\/uploads\/2024\/07\/rainforest_gold_logo_2024_01_2.png\">\n\t\t\t\t\t<small>Rainforest Gold<\/small>\n\t\t\t\t\t<img decoding=\"async\" class=\"brand-logo\" src=\"https:\/\/promo.evolution.com\/wp-content\/uploads\/2023\/07\/netent.svg\">\n\t\t\t\t<\/span><span>\n\t\t\t\t\t<img decoding=\"async\" class=\"game-logo\" src=\"https:\/\/promo.evolution.com\/wp-content\/uploads\/2023\/11\/Jungle-Spirit.png\">\n\t\t\t\t\t<small>Jungle Spirit: Call of the Wild<\/small>\n\t\t\t\t\t<img decoding=\"async\" class=\"brand-logo\" src=\"https:\/\/promo.evolution.com\/wp-content\/uploads\/2023\/07\/netent.svg\">\n\t\t\t\t<\/span><span>\n\t\t\t\t\t<img decoding=\"async\" class=\"game-logo\" src=\"https:\/\/promo.evolution.com\/wp-content\/uploads\/2024\/06\/01_logo_gorillakingdom.png\">\n\t\t\t\t\t<small>Gorilla Kingdom<\/small>\n\t\t\t\t\t<img decoding=\"async\" class=\"brand-logo\" src=\"https:\/\/promo.evolution.com\/wp-content\/uploads\/2023\/07\/netent.svg\">\n\t\t\t\t<\/span><span>\n\t\t\t\t\t<img decoding=\"async\" class=\"game-logo\" src=\"https:\/\/promo.evolution.com\/wp-content\/uploads\/2024\/07\/jungle_spirit_megaways_logo_2024_01.png\">\n\t\t\t\t\t<small>Jungle Spirit Megaways<\/small>\n\t\t\t\t\t<img decoding=\"async\" class=\"brand-logo\" src=\"https:\/\/promo.evolution.com\/wp-content\/uploads\/2023\/07\/netent.svg\">\n\t\t\t\t<\/span><\/div>\t<\/div>\n<\/section>\n\n\n\n<section class=\"container-fluid terms-conditions\">\n\t<div class=\"custom-shape-divider-top-terms-conditions\">\n\t\t<svg data-name=\"Layer 1\" xmlns=\"http:\/\/www.w3.org\/2000\/svg\" viewBox=\"0 0 1200 120\" preserveAspectRatio=\"none\">\n\t\t\t<path d=\"M321.39,56.44c58-10.79,114.16-30.13,172-41.86,82.39-16.72,168.19-17.73,250.45-.39C823.78,31,906.67,72,985.66,92.83c70.05,18.48,146.53,26.09,214.34,3V0H0V27.35A600.21,600.21,0,0,0,321.39,56.44Z\" class=\"shape-fill\"><\/path>\n\t\t<\/svg>\n\t<\/div>\n\n\t<div class=\"container px-0 terms-conditions-inner\">\n\t\t<div class=\"gradient-border\">\n\t\t\t<span class=\"gradient-border-inner\">\n\t\t\t\t<div class=\"icon-title\">\n\t\t\t\t\t<img decoding=\"async\" src=\"https:\/\/promo.evolution.com\/wp-content\/themes\/evolution-promo\/assets\/img\/icon\/terms.svg\">\n\t\t\t\t\t<h3>Termos &#038; Condi\u00e7\u00f5es<\/h3>\n\t\t\t\t<\/div>\n\t\t\t<\/span>\n\t\t<\/div>\n\n\t\t<div class=\"terms-conditions-content\">\n\t\t\t<p><strong>Bem-vindo \u00e0 Selva \ud83e\udd8d\ud83d\udc05<\/strong><\/p>\n<ul>\n<li>A promo\u00e7\u00e3o de rede &#8221;Bem-vindo \u00e0 Selva&#8221; ser\u00e1 realizada de:<br \/>\n00:01 (UTC-5) 23 de julho at\u00e9 23:59 (UTC-5) 28 de julho.<\/li>\n<li>A promo\u00e7\u00e3o ser\u00e1 realizada os seguintes jogos:<br \/>\nPrimate King, Primate King Megaways, Jungle Spirit, Rainforest Gold, Gorilla Kingdom, Jungle Spirit Megaways<\/li>\n<\/ul>\n<p><strong>Termos e Condi\u00e7\u00f5es<\/strong><\/p>\n<ul>\n<li>Cada Rodada de Jogo jogada em qualquer um dos jogos da Promo\u00e7\u00e3o da Rede &#8220;Bem-vindo \u00e0 Selva&#8221;, durante todo o Per\u00edodo Promocional, conceder\u00e1 1 ponto ao(s) jogador(es).<\/li>\n<li>Os jogadores com 3,000 pontos ou mais se qualificar\u00e3o para compartilhar igualmente um pr\u00eamio total de \u20ac10.000 &#8211; R$ 50,000 (ou moeda equivalente).<\/li>\n<li>Os pontos para cada rodada de jogo jogada ser\u00e3o alocados independentemente de o resultado da rodada de jogo ser a vit\u00f3ria ou a derrota do jogador.<\/li>\n<li>N\u00e3o h\u00e1 requisitos de aposta m\u00ednima.<\/li>\n<li>Ao participar do Torneio, voc\u00ea concorda e autoriza expressamente que seu nome de usu\u00e1rio apare\u00e7a publicamente na tabela de classifica\u00e7\u00e3o e seja usado para os mesmos fins que a din\u00e2mica do Torneio.<\/li>\n<li>O pr\u00eamio ser\u00e1 entregue entre 48h e 72h ap\u00f3s o t\u00e9rmino da promo\u00e7\u00e3o.<\/li>\n<\/ul>\n<p>&nbsp;<\/p>\n\t\t<\/div>\n\t<\/div>\n\t\n\t<div class=\"custom-shape-divider-bottom-terms-conditions\">\n\t\t<svg data-name=\"Layer 1\" xmlns=\"http:\/\/www.w3.org\/2000\/svg\" viewBox=\"0 0 1200 120\" preserveAspectRatio=\"none\">\n\t\t\t<path d=\"M985.66,92.83C906.67,72,823.78,31,743.84,14.19c-82.26-17.34-168.06-16.33-250.45.39-57.84,11.73-114,31.07-172,41.86A600.21,600.21,0,0,1,0,27.35V120H1200V95.8C1132.19,118.92,1055.71,111.31,985.66,92.83Z\" class=\"shape-fill\"><\/path>\n\t\t<\/svg>\n\t<\/div>\n<\/section>\n\n\n<section class=\"container-fluid payouts\" id=\"payouts\">\n\t<div class=\"container px-0 payouts-inner\">\n\t\t<div class=\"table-wrapper payouts-table right-align-final-col bold-final-row show-message\">\n\t\t\t<div class=\"icon-title\">\n\t\t\t\t<img decoding=\"async\" src=\"https:\/\/promo.evolution.com\/wp-content\/themes\/evolution-promo\/assets\/img\/icon\/gift.svg\">\n\n\t\t\t\t<h2>Tabela de Pagamento<\/h2>\t\t\t<\/div>\n\n\t\t\t<table class=\"table\">\n\t\t\t\t<caption><\/caption><thead><tr><th scope=\"col\">EURO<\/th><th scope=\"col\">DOLLAR<\/th><th scope=\"col\">BRL<\/th><th scope=\"col\">COP<\/th><th scope=\"col\">CLP<\/th><th scope=\"col\">MXN<\/th><th scope=\"col\">PEN<\/th><th scope=\"col\">ARS<\/th><\/tr><\/thead><tbody><tr><td>\u20ac10,000\n<\/td><td>$10,000<\/td><td>R$ 50,000<\/td><td>COP$ 44,500,000<\/td><td>CLP 10,100,000<\/td><td>200,000 MXN<\/td><td>S\/ 40,000<\/td><td>10,000,000 ARS<\/td><\/tr><\/tbody>\t\t\t<\/table>\n\n\t\t\t<p class=\"rate-message\"><em>Por favor, observe que a taxa de c\u00e2mbio real pode variar dos valores mostrados na tabela.\n\n<\/em><\/p>\n\t\t<\/div>\n\t<\/div>\n<\/section>\n\n\t<section class=\"container-fluid winners\" id=\"winners\" style=\"background-image: url('https:\/\/promo.evolution.com\/wp-content\/uploads\/2024\/07\/welcome_to_the_jungle_banner_1800x1012_2024_05_01-1.png')\">\n\t\t<div class=\"custom-shape-divider-top-winners\">\n\t\t\t<svg data-name=\"Layer 1\" xmlns=\"http:\/\/www.w3.org\/2000\/svg\" viewBox=\"0 0 1200 120\" preserveAspectRatio=\"none\">\n\t\t\t\t<path d=\"M321.39,56.44c58-10.79,114.16-30.13,172-41.86,82.39-16.72,168.19-17.73,250.45-.39C823.78,31,906.67,72,985.66,92.83c70.05,18.48,146.53,26.09,214.34,3V0H0V27.35A600.21,600.21,0,0,0,321.39,56.44Z\" class=\"shape-fill\"><\/path>\n\t\t\t<\/svg>\n\t\t<\/div>\n\n\t\t<div class=\"container px-0 winners-inner\">\n\t\t\t<div class=\"table-wrapper winners-table\">\n\t\t\t\t<div class=\"icon-title\">\n\t\t\t\t\t<img decoding=\"async\" src=\"https:\/\/promo.evolution.com\/wp-content\/themes\/evolution-promo\/assets\/img\/icon\/trophy.svg\">\n\n\t\t\t\t\t<h2>Lista Final <\/h2>\t\t\t\t<\/div>\n\n\t\t\t\t\t\t\t\t\n\t\t\t\t<table class=\"table\">\n\t\t\t\t\t\t\t\t\t\t\t<thead>\n\t\t\t\t\t\t\t<tr>\n\t\t\t\t\t\t\t\t<th scope=\"col\">ID<\/th><th scope=\"col\">Screen Name<\/th><th scope=\"col\">Accumulated Points<\/th>\t\t\t\t\t\t\t<\/tr>\n\t\t\t\t\t\t<\/thead>\n\t\t\t\t\t\n\t\t\t\t\t<tbody>\n\t\t\t\t\t\t<tr><td>ID-2945630<\/td><td>2525****<\/td><td>14640<\/td><\/tr><tr><td>ID-2_6781<\/td><td>Wal****<\/td><td>8914<\/td><\/tr><tr><td>ID-1792636067-ARS<\/td><td>play****<\/td><td>8186<\/td><\/tr><tr><td>ID-TM_PROD_128321<\/td><td>Edua****<\/td><td>8108<\/td><\/tr><tr><td>ID-879785<\/td><td>Alis****<\/td><td>7955<\/td><\/tr><tr><td>ID-1792409215-ARS<\/td><td>cari****<\/td><td>7810<\/td><\/tr><tr><td>ID-1093475<\/td><td>(bla****<\/td><td>7658<\/td><\/tr><tr><td>ID-1307304<\/td><td>(bla****<\/td><td>7449<\/td><\/tr><tr><td>ID-710979<\/td><td>(bla****<\/td><td>7245<\/td><\/tr><tr><td>ID-5972ecf8-284b-41cd-811c-17cb191ca0f5<\/td><td>luis****<\/td><td>7037<\/td><\/tr><tr><td>ID-320168327<\/td><td>(bla****<\/td><td>6626<\/td><\/tr><tr><td>ID-3389806<\/td><td>(bla****<\/td><td>6596<\/td><\/tr><tr><td>ID-PCC_PLC_3181597<\/td><td>C*******<\/td><td>6009<\/td><\/tr><tr><td>ID-1091513289-ARS<\/td><td>gold****<\/td><td>5958<\/td><\/tr><tr><td>ID-116572<\/td><td>(bla****<\/td><td>5922<\/td><\/tr><tr><td>ID-1234380<\/td><td>(bla****<\/td><td>5815<\/td><\/tr><tr><td>ID-1792451658-ARS<\/td><td>deni****<\/td><td>5596<\/td><\/tr><tr><td>ID-2_595484599<\/td><td>zed****<\/td><td>5366<\/td><\/tr><tr><td>ID-1027249<\/td><td>fico****<\/td><td>5366<\/td><\/tr><tr><td>ID-196931<\/td><td>Tiag****<\/td><td>5320<\/td><\/tr><tr><td>ID-260361<\/td><td>(bla****<\/td><td>5256<\/td><\/tr><tr><td>ID-4_574568005<\/td><td>Mari****<\/td><td>5240<\/td><\/tr><tr><td>ID-1061016<\/td><td>Thia****<\/td><td>5091<\/td><\/tr><tr><td>ID-995136<\/td><td>(bla****<\/td><td>5051<\/td><\/tr><tr><td>ID-491540680-ARS<\/td><td>play****<\/td><td>5040<\/td><\/tr><tr><td>ID-1091557363-ARS<\/td><td>play****<\/td><td>4944<\/td><\/tr><tr><td>ID-1792229009-ARS<\/td><td>luis****<\/td><td>4916<\/td><\/tr><tr><td>ID-3109651<\/td><td>(bla****<\/td><td>4915<\/td><\/tr><tr><td>ID-1275948<\/td><td>(bla****<\/td><td>4915<\/td><\/tr><tr><td>ID-1377440<\/td><td>(bla****<\/td><td>4913<\/td><\/tr><tr><td>ID-1744406<\/td><td>Shuo****<\/td><td>4861<\/td><\/tr><tr><td>ID-978173<\/td><td>Seve****<\/td><td>4860<\/td><\/tr><tr><td>ID-191512859-ARS<\/td><td>play****<\/td><td>4847<\/td><\/tr><tr><td>ID-11116<\/td><td>tuta****<\/td><td>4830<\/td><\/tr><tr><td>ID-lackie22<\/td><td>lack****<\/td><td>4806<\/td><\/tr><tr><td>ID-25943613<\/td><td>jean****<\/td><td>4695<\/td><\/tr><tr><td>ID-1261340<\/td><td>(bla****<\/td><td>4607<\/td><\/tr><tr><td>ID-TM_PROD_90400<\/td><td>Coke****<\/td><td>4601<\/td><\/tr><tr><td>ID-23277816<\/td><td>Edua****<\/td><td>4558<\/td><\/tr><tr><td>ID-1793245627-ARS<\/td><td>(bla****<\/td><td>4464<\/td><\/tr><tr><td>ID-1170089<\/td><td>(bla****<\/td><td>4424<\/td><\/tr><tr><td>ID-1792422039-ARS<\/td><td>fla_****<\/td><td>4361<\/td><\/tr><tr><td>ID-1820768<\/td><td>(bla****<\/td><td>4323<\/td><\/tr><tr><td>ID-1091607161-ARS<\/td><td>vero****<\/td><td>4222<\/td><\/tr><tr><td>ID-3762948<\/td><td>(bla****<\/td><td>4217<\/td><\/tr><tr><td>ID-2282612<\/td><td>(bla****<\/td><td>4190<\/td><\/tr><tr><td>ID-1091543361-ARS<\/td><td>play****<\/td><td>4166<\/td><\/tr><tr><td>ID-1161802<\/td><td>(bla****<\/td><td>4149<\/td><\/tr><tr><td>ID-198947<\/td><td>M10****<\/td><td>4128<\/td><\/tr><tr><td>ID-2041755<\/td><td>aleg****<\/td><td>4040<\/td><\/tr><tr><td>ID-1067514<\/td><td>Mug****<\/td><td>4013<\/td><\/tr><tr><td>ID-1793120713-ARS<\/td><td>facc****<\/td><td>4006<\/td><\/tr><tr><td>ID-1467396<\/td><td>?999****<\/td><td>3987<\/td><\/tr><tr><td>ID-1552<\/td><td>Arie****<\/td><td>3939<\/td><\/tr><tr><td>ID-1793060205-ARS<\/td><td>KING****<\/td><td>3936<\/td><\/tr><tr><td>ID-129842<\/td><td>Nelb****<\/td><td>3911<\/td><\/tr><tr><td>ID-98475<\/td><td>Edso****<\/td><td>3908<\/td><\/tr><tr><td>ID-1091536992-ARS<\/td><td>chaw****<\/td><td>3907<\/td><\/tr><tr><td>ID-1793249356-ARS<\/td><td>(bla****<\/td><td>3889<\/td><\/tr><tr><td>ID-191507881-ARS<\/td><td>avoh****<\/td><td>3885<\/td><\/tr><tr><td>ID-1792999891-ARS<\/td><td>self****<\/td><td>3884<\/td><\/tr><tr><td>ID-2297831<\/td><td>(bla****<\/td><td>3879<\/td><\/tr><tr><td>ID-1_3454285<\/td><td>chit****<\/td><td>3876<\/td><\/tr><tr><td>ID-1793060191-ARS<\/td><td>Agus****<\/td><td>3855<\/td><\/tr><tr><td>ID-1_434132<\/td><td>stor****<\/td><td>3849<\/td><\/tr><tr><td>ID-1793175897-ARS<\/td><td>moni****<\/td><td>3831<\/td><\/tr><tr><td>ID-shuo<\/td><td>Shuo****<\/td><td>3820<\/td><\/tr><tr><td>ID-1793114716-ARS<\/td><td>play****<\/td><td>3820<\/td><\/tr><tr><td>ID-610657<\/td><td>(bla****<\/td><td>3818<\/td><\/tr><tr><td>ID-1_301467199<\/td><td>Gaby****<\/td><td>3815<\/td><\/tr><tr><td>ID-1793257367-ARS<\/td><td>moto****<\/td><td>3813<\/td><\/tr><tr><td>ID-1_720758682<\/td><td>(bla****<\/td><td>3807<\/td><\/tr><tr><td>ID-191507702-ARS<\/td><td>salo****<\/td><td>3783<\/td><\/tr><tr><td>ID-1793074563-ARS<\/td><td>play****<\/td><td>3774<\/td><\/tr><tr><td>ID-598683<\/td><td>(bla****<\/td><td>3769<\/td><\/tr><tr><td>ID-1793175404-ARS<\/td><td>Kytt****<\/td><td>3768<\/td><\/tr><tr><td>ID-4_1001644767<\/td><td>Ale****<\/td><td>3767<\/td><\/tr><tr><td>ID-1200292<\/td><td>Anto****<\/td><td>3738<\/td><\/tr><tr><td>ID-491541149-ARS<\/td><td>felo****<\/td><td>3732<\/td><\/tr><tr><td>ID-1793079831-ARS<\/td><td>lAUR****<\/td><td>3731<\/td><\/tr><tr><td>ID-1793175642-ARS<\/td><td>fati****<\/td><td>3727<\/td><\/tr><tr><td>ID-1793250600-ARS<\/td><td>(bla****<\/td><td>3724<\/td><\/tr><tr><td>ID-2db8c115-ab4b-49f7-bcc3-340e0cfa1eeb<\/td><td>Anag****<\/td><td>3719<\/td><\/tr><tr><td>ID-1793175803-ARS<\/td><td>maxi****<\/td><td>3718<\/td><\/tr><tr><td>ID-2_255475752<\/td><td>Fern****<\/td><td>3716<\/td><\/tr><tr><td>ID-27359355<\/td><td>Feli****<\/td><td>3711<\/td><\/tr><tr><td>ID-1793114705-ARS<\/td><td>Jorg****<\/td><td>3700<\/td><\/tr><tr><td>ID-191513438-ARS<\/td><td>jose****<\/td><td>3698<\/td><\/tr><tr><td>ID-1792995979-ARS<\/td><td>play****<\/td><td>3696<\/td><\/tr><tr><td>ID-3091315<\/td><td>(bla****<\/td><td>3689<\/td><\/tr><tr><td>ID-22721<\/td><td>pepi****<\/td><td>3678<\/td><\/tr><tr><td>ID-1793175553-ARS<\/td><td>quot****<\/td><td>3671<\/td><\/tr><tr><td>ID-821399<\/td><td>Oiee****<\/td><td>3663<\/td><\/tr><tr><td>ID-1793074561-ARS<\/td><td>yumi****<\/td><td>3639<\/td><\/tr><tr><td>ID-789152<\/td><td>Dieg****<\/td><td>3634<\/td><\/tr><tr><td>ID-1792999624-ARS<\/td><td>marc****<\/td><td>3631<\/td><\/tr><tr><td>ID-3538475<\/td><td>(bla****<\/td><td>3622<\/td><\/tr><tr><td>ID-1792999902-ARS<\/td><td>Elen****<\/td><td>3622<\/td><\/tr><tr><td>ID-1630516<\/td><td>FAZZ****<\/td><td>3622<\/td><\/tr><tr><td>ID-1793257354-ARS<\/td><td>gord****<\/td><td>3617<\/td><\/tr><tr><td>ID-2557061<\/td><td>(bla****<\/td><td>3612<\/td><\/tr><tr><td>ID-1793102224-ARS<\/td><td>MANT****<\/td><td>3600<\/td><\/tr><tr><td>ID-1793022316-ARS<\/td><td>mini****<\/td><td>3600<\/td><\/tr><tr><td>ID-1754096<\/td><td>FCHE****<\/td><td>3566<\/td><\/tr><tr><td>ID-1915233<\/td><td>(bla****<\/td><td>3556<\/td><\/tr><tr><td>ID-3774710<\/td><td>(bla****<\/td><td>3552<\/td><\/tr><tr><td>ID-1793423202-ARS<\/td><td>(bla****<\/td><td>3551<\/td><\/tr><tr><td>ID-210852<\/td><td>arin****<\/td><td>3545<\/td><\/tr><tr><td>ID-1793175882-ARS<\/td><td>grac****<\/td><td>3544<\/td><\/tr><tr><td>ID-1792489824-ARS<\/td><td>moni****<\/td><td>3535<\/td><\/tr><tr><td>ID-3_1001764074<\/td><td>Cesa****<\/td><td>3514<\/td><\/tr><tr><td>ID-3772538<\/td><td>(bla****<\/td><td>3497<\/td><\/tr><tr><td>ID-7249<\/td><td>Fazz****<\/td><td>3486<\/td><\/tr><tr><td>ID-1748096<\/td><td>part****<\/td><td>3483<\/td><\/tr><tr><td>ID-solgorza<\/td><td>Cona****<\/td><td>3473<\/td><\/tr><tr><td>ID-1793175791-ARS<\/td><td>maxi****<\/td><td>3468<\/td><\/tr><tr><td>ID-1793175688-ARS<\/td><td>Flor****<\/td><td>3463<\/td><\/tr><tr><td>ID-1793077898-ARS<\/td><td>anot****<\/td><td>3463<\/td><\/tr><tr><td>ID-1792929976-ARS<\/td><td>play****<\/td><td>3461<\/td><\/tr><tr><td>ID-1792015598-ARS<\/td><td>(bla****<\/td><td>3451<\/td><\/tr><tr><td>ID-3_468363457<\/td><td>ezel****<\/td><td>3447<\/td><\/tr><tr><td>ID-2_81873<\/td><td>3244****<\/td><td>3439<\/td><\/tr><tr><td>ID-1436879<\/td><td>(bla****<\/td><td>3423<\/td><\/tr><tr><td>ID-1071556<\/td><td>Cand****<\/td><td>3422<\/td><\/tr><tr><td>ID-1793247119-ARS<\/td><td>(bla****<\/td><td>3418<\/td><\/tr><tr><td>ID-1800853<\/td><td>alex****<\/td><td>3402<\/td><\/tr><tr><td>ID-1091607718-ARS<\/td><td>fede****<\/td><td>3353<\/td><\/tr><tr><td>ID-104959<\/td><td>(bla****<\/td><td>3353<\/td><\/tr><tr><td>ID-1_1000364918<\/td><td>Ga11****<\/td><td>3351<\/td><\/tr><tr><td>ID-1792523550-ARS<\/td><td>cynt****<\/td><td>3350<\/td><\/tr><tr><td>ID-1_358735883<\/td><td>Gian****<\/td><td>3344<\/td><\/tr><tr><td>ID-1792419048-ARS<\/td><td>play****<\/td><td>3328<\/td><\/tr><tr><td>ID-491541114-ARS<\/td><td>Faci****<\/td><td>3322<\/td><\/tr><tr><td>ID-1792033809-ARS<\/td><td>play****<\/td><td>3317<\/td><\/tr><tr><td>ID-1091626596-ARS<\/td><td>play****<\/td><td>3315<\/td><\/tr><tr><td>ID-3_1001815755<\/td><td>cr10****<\/td><td>3304<\/td><\/tr><tr><td>ID-1793074533-ARS<\/td><td>play****<\/td><td>3304<\/td><\/tr><tr><td>ID-1091874330-ARS<\/td><td>elen****<\/td><td>3300<\/td><\/tr><tr><td>ID-1793142998-ARS<\/td><td>Wong****<\/td><td>3298<\/td><\/tr><tr><td>ID-1793251334-ARS<\/td><td>(bla****<\/td><td>3293<\/td><\/tr><tr><td>ID-1792850<\/td><td>Wong****<\/td><td>3283<\/td><\/tr><tr><td>ID-1792995959-ARS<\/td><td>play****<\/td><td>3281<\/td><\/tr><tr><td>ID-291522607-ARS<\/td><td>play****<\/td><td>3269<\/td><\/tr><tr><td>ID-1793142806-ARS<\/td><td>wast****<\/td><td>3268<\/td><\/tr><tr><td>ID-577085<\/td><td>(bla****<\/td><td>3256<\/td><\/tr><tr><td>ID-3_662276997<\/td><td>rrrr****<\/td><td>3254<\/td><\/tr><tr><td>ID-556257<\/td><td>(bla****<\/td><td>3252<\/td><\/tr><tr><td>ID-353564047<\/td><td>(bla****<\/td><td>3251<\/td><\/tr><tr><td>ID-313670<\/td><td>(bla****<\/td><td>3241<\/td><\/tr><tr><td>ID-818001<\/td><td>Luco****<\/td><td>3226<\/td><\/tr><tr><td>ID-1341596<\/td><td>Jr****<\/td><td>3221<\/td><\/tr><tr><td>ID-1_114129321<\/td><td>hhhk****<\/td><td>3209<\/td><\/tr><tr><td>ID-nachocasvill<\/td><td>Nach****<\/td><td>3202<\/td><\/tr><tr><td>ID-691563150-ARS<\/td><td>(bla****<\/td><td>3199<\/td><\/tr><tr><td>ID-1_244226<\/td><td>chen****<\/td><td>3185<\/td><\/tr><tr><td>ID-3_1001524033<\/td><td>Euge****<\/td><td>3182<\/td><\/tr><tr><td>ID-491541109-ARS<\/td><td>chaw****<\/td><td>3171<\/td><\/tr><tr><td>ID-786565<\/td><td>(bla****<\/td><td>3170<\/td><\/tr><tr><td>ID-283032<\/td><td>(bla****<\/td><td>3170<\/td><\/tr><tr><td>ID-2_42799<\/td><td>Nuev****<\/td><td>3164<\/td><\/tr><tr><td>ID-394394363<\/td><td>(bla****<\/td><td>3155<\/td><\/tr><tr><td>ID-1793248143-ARS<\/td><td>(bla****<\/td><td>3155<\/td><\/tr><tr><td>ID-1792416302-ARS<\/td><td>(bla****<\/td><td>3149<\/td><\/tr><tr><td>ID-636403<\/td><td>raul****<\/td><td>3127<\/td><\/tr><tr><td>ID-23309322<\/td><td>elkk****<\/td><td>3122<\/td><\/tr><tr><td>ID-1793251276-ARS<\/td><td>(bla****<\/td><td>3121<\/td><\/tr><tr><td>ID-1793433910-ARS<\/td><td>(bla****<\/td><td>3106<\/td><\/tr><tr><td>ID-3778059<\/td><td>(bla****<\/td><td>3102<\/td><\/tr><tr><td>ID-1091550396-ARS<\/td><td>Chip****<\/td><td>3093<\/td><\/tr><tr><td>ID-3_3074996<\/td><td>Javi****<\/td><td>3092<\/td><\/tr><tr><td>ID-4_421558500<\/td><td>LOBO****<\/td><td>3080<\/td><\/tr><tr><td>ID-3336837<\/td><td>Aia****<\/td><td>3069<\/td><\/tr><tr><td>ID-2055416<\/td><td>silv****<\/td><td>3069<\/td><\/tr><tr><td>ID-2272696<\/td><td>(bla****<\/td><td>3067<\/td><\/tr><tr><td>ID-3_1000910630<\/td><td>(bla****<\/td><td>3065<\/td><\/tr><tr><td>ID-aff8ff82-9859-4628-86db-478d241c5681<\/td><td>conn****<\/td><td>3052<\/td><\/tr><tr><td>ID-3791734<\/td><td>(bla****<\/td><td>3052<\/td><\/tr><tr><td>ID-40553<\/td><td>Fede****<\/td><td>3044<\/td><\/tr><tr><td>ID-1792610922-ARS<\/td><td>(bla****<\/td><td>3042<\/td><\/tr><tr><td>ID-560318<\/td><td>Luan****<\/td><td>3040<\/td><\/tr><tr><td>ID-1501461<\/td><td>(bla****<\/td><td>3037<\/td><\/tr><tr><td>ID-3138078<\/td><td>(bla****<\/td><td>3034<\/td><\/tr><tr><td>ID-3669550<\/td><td>(bla****<\/td><td>3032<\/td><\/tr><tr><td>ID-1091715370-ARS<\/td><td>edua****<\/td><td>3028<\/td><\/tr><tr><td>ID-1_410448034<\/td><td>Mica****<\/td><td>3022<\/td><\/tr><tr><td>ID-3_1000608880<\/td><td>Fant****<\/td><td>3016<\/td><\/tr><tr><td>ID-2_713586365<\/td><td>seba****<\/td><td>3015<\/td><\/tr><tr><td>ID-3550498<\/td><td>(bla****<\/td><td>3004<\/td><\/tr>\t\t\t\t\t<\/tbody>\n\t\t\t\t<\/table>\n\t\t\t<\/div>\n\t\t<\/div>\n\t<\/section>\n","protected":false},"excerpt":{"rendered":"","protected":false},"author":1,"featured_media":0,"parent":0,"menu_order":0,"comment_status":"closed","ping_status":"closed","template":"","meta":{"_acf_changed":false,"footnotes":""},"class_list":["post-357","page","type-page","status-publish","hentry"],"acf":[],"_links":{"self":[{"href":"https:\/\/promo.evolution.com\/pt\/wp-json\/wp\/v2\/pages\/357","targetHints":{"allow":["GET"]}}],"collection":[{"href":"https:\/\/promo.evolution.com\/pt\/wp-json\/wp\/v2\/pages"}],"about":[{"href":"https:\/\/promo.evolution.com\/pt\/wp-json\/wp\/v2\/types\/page"}],"author":[{"embeddable":true,"href":"https:\/\/promo.evolution.com\/pt\/wp-json\/wp\/v2\/users\/1"}],"replies":[{"embeddable":true,"href":"https:\/\/promo.evolution.com\/pt\/wp-json\/wp\/v2\/comments?post=357"}],"version-history":[{"count":195,"href":"https:\/\/promo.evolution.com\/pt\/wp-json\/wp\/v2\/pages\/357\/revisions"}],"predecessor-version":[{"id":11669,"href":"https:\/\/promo.evolution.com\/pt\/wp-json\/wp\/v2\/pages\/357\/revisions\/11669"}],"wp:attachment":[{"href":"https:\/\/promo.evolution.com\/pt\/wp-json\/wp\/v2\/media?parent=357"}],"curies":[{"name":"wp","href":"https:\/\/api.w.org\/{rel}","templated":true}]}}