{"id":2103,"date":"2023-09-06T07:40:07","date_gmt":"2023-09-06T07:40:07","guid":{"rendered":"https:\/\/promo.evolution.com\/?page_id=2103"},"modified":"2023-11-17T11:22:07","modified_gmt":"2023-11-17T11:22:07","slug":"lightning_tournament_italia","status":"publish","type":"page","link":"https:\/\/promo.evolution.com\/it\/lightning_tournament_italia\/","title":{"rendered":"Italy Lightning Promo &#8211; Oct 2023"},"content":{"rendered":"\n<section class=\"container-fluid banner\" style=\"background-image: url('https:\/\/promo.evolution.com\/wp-content\/uploads\/2023\/09\/lightning_roulette_italia_image_2022_12_01.jpg')\">\n\t<div class=\"container px-0 banner-inner with-overlay\">\n\t\t<h1 class=\"banner-title\">TORNEO LIGHTNING ROULETTE<\/h1>\n\t\t<div class=\"table-wrapper campaign-details\">\n\t\t\t<div class=\"icon-title\">\n\t\t\t\t<img decoding=\"async\" src=\"https:\/\/promo.evolution.com\/wp-content\/themes\/evolution-promo\/assets\/img\/icon\/info.svg\">\n\t\t\t\t<h2>Informazioni chiave<\/h2>\n\t\t\t<\/div>\n\n\t\t\t<table class=\"table\">\n\t\t\t\t<tbody>\n\t\t\t\t\t\t\t\t\t\t\t<tr>\n\t\t\t\t\t\t\t<th>Periodo di promozione<\/th>\n\n\t\t\t\t\t\t\t<td>\n\t\t\t\t\t\t\t\t06\/11 00:00 &#8211; 12\/11 23:59\n\t\t\t\t\t\t\t\t<span class=\"timezone\">(CET)<\/span><\/td>\t\t\t\t\t\t\t<\/td>\n\t\t\t\t\t\t<\/tr>\n\t\t\t\t\t\t\t\t\t\t\t<tr>\n\t\t\t\t\t\t\t<th>Tipo di promozione<\/th>\n\t\t\t\t\t\t\t<td>Torneo<\/td>\n\t\t\t\t\t\t<\/tr>\n\t\t\t\t\t\t\t\t\t\t\t<tr> \n\n\t\t\t\t\t\t\t<th>Data di annuncio dei vincitori<\/th>\n\t\t\t\t\t\t\t<td>\n\t\t\t\t\t\t\t\t13\/11 17:00\t\t\t\t\t\t\t\t\n\t\t\t\t\t\t\t\t<span class=\"timezone\">(CET)<\/span><\/td>\t\t\t\t\t\t\t<\/td>\n\t\t\t\t\t\t<\/tr>\n\t\t\t\t\t\t\t\t\t\t\t<tr>\n\t\t\t\t\t\t\t<th>Numero di vincitori<\/th>\n\t\t\t\t\t\t\t<td>150<\/td>\n\t\t\t\t\t\t<\/tr>\n\t\t\t\t\t\t\t\t\t\t\t<tr>\n\t\t\t\t\t\t\t<th>Importo del premio<\/th>\n\t\t\t\t\t\t\t<td>\u20ac10 000 (EUR)<\/td>\n\t\t\t\t\t\t<\/tr>\n\t\t\t\t\t\t\t\t\t\t\t<tr>\n\t\t\t\t\t\t\t<th>Giochi ammissibili<\/th>\n\t\t\t\t\t\t\t<td>Lightning Roulette Italia<\/td>\n\t\t\t\t\t\t<\/tr>\n\t\t\t\t\t\t\t\t\t<\/tbody>\n\t\t\t<\/table>\n\t\t<\/div>\n\n\t\t<div class=\"winners-link\">\n\n\t\t\t<a href=\"#payouts\">Passa alla tabella dei pagamenti<\/a>\t\t\t\n\t\t\t\n\t\t<\/div>\n\t<\/div>\n\n\t<div class=\"custom-shape-divider-bottom-banner\">\n\t\t<svg data-name=\"Layer 1\" xmlns=\"http:\/\/www.w3.org\/2000\/svg\" viewBox=\"0 0 1200 120\" preserveAspectRatio=\"none\">\n\t\t\t<path d=\"M985.66,92.83C906.67,72,823.78,31,743.84,14.19c-82.26-17.34-168.06-16.33-250.45.39-57.84,11.73-114,31.07-172,41.86A600.21,600.21,0,0,1,0,27.35V120H1200V95.8C1132.19,118.92,1055.71,111.31,985.66,92.83Z\" class=\"shape-fill\"><\/path>\n\t\t<\/svg>\n\t<\/div>\n<\/section>\n\n\n<section class=\"container-fluid games-list\">\n\t<div class=\"container px-0 games-list-inner\">\n\t\t<div class=\"gradient-border\">\n\t\t\t<span class=\"gradient-border-inner\">\n\t\t\t\t<div class=\"icon-title\">\n\t\t\t\t\t<img decoding=\"async\" src=\"https:\/\/promo.evolution.com\/wp-content\/themes\/evolution-promo\/assets\/img\/icon\/gambling.svg\"><h3>Giochi ammissibili<\/h3>\t\t\t\t<\/div>\n\t\t\t<\/span>\n\t\t<\/div>\n\t\t\n\t\t<div class=\"games-list-row\"><span>\n\t\t\t\t\t<img decoding=\"async\" class=\"game-logo\" src=\"https:\/\/promo.evolution.com\/wp-content\/uploads\/2023\/09\/lightning_roulette_italia_circular_752x752_2020_11_04.png\">\n\t\t\t\t\t<small>Lightning Roulette Italia<\/small>\n\t\t\t\t\t<img decoding=\"async\" class=\"brand-logo\" src=\"https:\/\/promo.evolution.com\/wp-content\/uploads\/2023\/07\/evolution.svg\">\n\t\t\t\t<\/span><\/div>\t<\/div>\n<\/section>\n\n\n\n<section class=\"container-fluid terms-conditions\">\n\t<div class=\"custom-shape-divider-top-terms-conditions\">\n\t\t<svg data-name=\"Layer 1\" xmlns=\"http:\/\/www.w3.org\/2000\/svg\" viewBox=\"0 0 1200 120\" preserveAspectRatio=\"none\">\n\t\t\t<path d=\"M321.39,56.44c58-10.79,114.16-30.13,172-41.86,82.39-16.72,168.19-17.73,250.45-.39C823.78,31,906.67,72,985.66,92.83c70.05,18.48,146.53,26.09,214.34,3V0H0V27.35A600.21,600.21,0,0,0,321.39,56.44Z\" class=\"shape-fill\"><\/path>\n\t\t<\/svg>\n\t<\/div>\n\n\t<div class=\"container px-0 terms-conditions-inner\">\n\t\t<div class=\"gradient-border\">\n\t\t\t<span class=\"gradient-border-inner\">\n\t\t\t\t<div class=\"icon-title\">\n\t\t\t\t\t<img decoding=\"async\" src=\"https:\/\/promo.evolution.com\/wp-content\/themes\/evolution-promo\/assets\/img\/icon\/terms.svg\">\n\t\t\t\t\t<h3>Termini &#038; Condizioni<\/h3>\n\t\t\t\t<\/div>\n\t\t\t<\/span>\n\t\t<\/div>\n\n\t\t<div class=\"terms-conditions-content\">\n\t\t\t<h3><strong>Regole principali<\/strong><\/h3>\n<ul>\n<li>Per partecipare i tornei del tavolo &#8220;Lightning Roulette Italia&#8221;, raccogli i punti ogni volta che vinci con una puntata diretta (puntata minima \u20ac0.50 per numero). Una vittoria standard corrisponde a 1 punto, mentre una vittoria fulmine a 15 punti. A ogni turno di gioco \u00e8 possibile coprire con puntate al massimo il 70% dei risultati (26\/37 numeri).<\/li>\n<\/ul>\n<h3><strong>Termini e condizioni<\/strong><\/h3>\n<ul>\n<li>La promozione \u00e8 valida dal 6 novembre 2023 (00:00 CET) al 12\u00a0novembre 2023 (23:59 CET).<\/li>\n<li>Saranno premiati i primi 150 partecipanti classificati con il maggior numero di punti raccolti durante il periodo della promozione.<\/li>\n<li>Il montepremi totale della promozione \u00e8 di \u20ac10 000.<\/li>\n<li>La promozione si basa su quante volte i partecipanti vincono a \u00abLightning Roulette Italia\u00bb con una puntata su un singolo numero.<\/li>\n<li>Formula utilizzata: ogni vittoria diretta standard (30:1) assegner\u00e0 al partecipante 1 punto, mentre ogni vittoria diretta con moltiplicatore fulmine (50:1\u2013500:1) assegner\u00e0 15 punti.<\/li>\n<li>Per essere idoneo, il partecipante deve puntare almeno \u20ac0.50 per ogni singolo numero.<\/li>\n<li>A ogni turno di gioco \u00e8 possibile coprire con puntate al massimo il 70% dei risultati (26\/37 numeri); i turni in cui questo valore viene superato non saranno considerati idonei.<\/li>\n<li>I premi in denaro saranno accreditati come segue in base alla classifica finale: <strong>1.<\/strong> \u20ac1500, <strong>2.<\/strong> \u20ac1000, <strong>3.<\/strong> \u20ac800, <strong>4.<\/strong> \u20ac600, <strong>5.<\/strong> \u20ac300, <strong>6.-10.<\/strong> \u20ac200, <strong>11.-20. <\/strong>\u20ac150, <strong>21.-30.<\/strong> \u20ac100, <strong>31.-50.<\/strong> \u20ac40, <strong>51.-100.<\/strong> \u20ac20, <strong>101.-150.<\/strong> \u20ac10.<\/li>\n<li>In caso di pareggio, in cui due o pi\u00f9 giocatori hanno un numero identico di punti, il giocatore che ha puntato di pi\u00f9 sar\u00e0 il vincitore; se ci\u00f2 risulta ancora in un pareggio, vincer\u00e0 il giocatore che ha ottenuto i punti per primo.<\/li>\n<li>La classifica verr\u00e0 aggiornata una volta al giorno dal luned\u00ec al gioved\u00ec entro le 17:00 CET; i punti ottenuti dal venerd\u00ec alla domenica verranno aggiornati il luned\u00ec successivo.<\/li>\n<\/ul>\n\t\t<\/div>\n\t<\/div>\n\t\n\t<div class=\"custom-shape-divider-bottom-terms-conditions\">\n\t\t<svg data-name=\"Layer 1\" xmlns=\"http:\/\/www.w3.org\/2000\/svg\" viewBox=\"0 0 1200 120\" preserveAspectRatio=\"none\">\n\t\t\t<path d=\"M985.66,92.83C906.67,72,823.78,31,743.84,14.19c-82.26-17.34-168.06-16.33-250.45.39-57.84,11.73-114,31.07-172,41.86A600.21,600.21,0,0,1,0,27.35V120H1200V95.8C1132.19,118.92,1055.71,111.31,985.66,92.83Z\" class=\"shape-fill\"><\/path>\n\t\t<\/svg>\n\t<\/div>\n<\/section>\n\n\n<section class=\"container-fluid payouts\" id=\"payouts\">\n\t<div class=\"container px-0 payouts-inner\">\n\t\t<div class=\"table-wrapper payouts-table     \">\n\t\t\t<div class=\"icon-title\">\n\t\t\t\t<img decoding=\"async\" src=\"https:\/\/promo.evolution.com\/wp-content\/themes\/evolution-promo\/assets\/img\/icon\/gift.svg\">\n\n\t\t\t\t<h2>Tabella dei pagamenti<\/h2>\t\t\t<\/div>\n\n\t\t\t<table class=\"table\">\n\t\t\t\t<caption><\/caption><thead><tr><th scope=\"col\">Posizione<\/th><th scope=\"col\">Premio (\u20ac)<\/th><\/tr><\/thead><tbody><tr><td>1.<\/td><td>1500<\/td><\/tr><tr><td>2.<\/td><td>1000<\/td><\/tr><tr><td>3.<\/td><td>800<\/td><\/tr><tr><td>4.<\/td><td>600<\/td><\/tr><tr><td>5.<\/td><td>300<\/td><\/tr><tr><td>6. &#8211; 10.<\/td><td>200<\/td><\/tr><tr><td>11. &#8211; 20.<\/td><td>150<\/td><\/tr><tr><td>21. &#8211; 30.<\/td><td>100<\/td><\/tr><tr><td>31. &#8211; 50.<\/td><td>40<\/td><\/tr><tr><td>51. &#8211; 100.<\/td><td>20<\/td><\/tr><tr><td>101. &#8211; 150.<\/td><td>10<\/td><\/tr><\/tbody>\t\t\t<\/table>\n\n\t\t\t<p class=\"rate-message\"><em>Tieni presente che il tasso di cambio effettivo pu\u00f2 variare rispetto ai valori indicati nella tabella<\/em><\/p>\n\t\t<\/div>\n\t<\/div>\n<\/section>\n\n\t<section class=\"container-fluid winners\" id=\"winners\">\n\t\t<div class=\"custom-shape-divider-top-winners\">\n\t\t\t<svg data-name=\"Layer 1\" xmlns=\"http:\/\/www.w3.org\/2000\/svg\" viewBox=\"0 0 1200 120\" preserveAspectRatio=\"none\">\n\t\t\t\t<path d=\"M321.39,56.44c58-10.79,114.16-30.13,172-41.86,82.39-16.72,168.19-17.73,250.45-.39C823.78,31,906.67,72,985.66,92.83c70.05,18.48,146.53,26.09,214.34,3V0H0V27.35A600.21,600.21,0,0,0,321.39,56.44Z\" class=\"shape-fill\"><\/path>\n\t\t\t<\/svg>\n\t\t<\/div>\n\n\t\t<div class=\"container px-0 winners-inner\">\n\t\t\t<div class=\"table-wrapper winners-table\">\n\t\t\t\t<div class=\"icon-title\">\n\t\t\t\t\t<img decoding=\"async\" src=\"https:\/\/promo.evolution.com\/wp-content\/themes\/evolution-promo\/assets\/img\/icon\/trophy.svg\">\n\t\t\t\t\t<h2>Classifica<\/h2>\t\t\t\t<\/div>\n\n\t\t\t\t<p>Siamo spiacenti, c&#8217;\u00e8 un errore con i dati e non possono essere visualizzati in questo momento. Per favore riprova pi\u00f9 tardi.<\/p>\n\t\t\t<\/div>\n\t\t<\/div>\n\t<\/section>\n","protected":false},"excerpt":{"rendered":"","protected":false},"author":1,"featured_media":0,"parent":0,"menu_order":0,"comment_status":"closed","ping_status":"closed","template":"","meta":{"_acf_changed":false,"footnotes":""},"class_list":["post-2103","page","type-page","status-publish","hentry"],"acf":[],"_links":{"self":[{"href":"https:\/\/promo.evolution.com\/it\/wp-json\/wp\/v2\/pages\/2103","targetHints":{"allow":["GET"]}}],"collection":[{"href":"https:\/\/promo.evolution.com\/it\/wp-json\/wp\/v2\/pages"}],"about":[{"href":"https:\/\/promo.evolution.com\/it\/wp-json\/wp\/v2\/types\/page"}],"author":[{"embeddable":true,"href":"https:\/\/promo.evolution.com\/it\/wp-json\/wp\/v2\/users\/1"}],"replies":[{"embeddable":true,"href":"https:\/\/promo.evolution.com\/it\/wp-json\/wp\/v2\/comments?post=2103"}],"version-history":[{"count":38,"href":"https:\/\/promo.evolution.com\/it\/wp-json\/wp\/v2\/pages\/2103\/revisions"}],"predecessor-version":[{"id":5789,"href":"https:\/\/promo.evolution.com\/it\/wp-json\/wp\/v2\/pages\/2103\/revisions\/5789"}],"wp:attachment":[{"href":"https:\/\/promo.evolution.com\/it\/wp-json\/wp\/v2\/media?parent=2103"}],"curies":[{"name":"wp","href":"https:\/\/api.w.org\/{rel}","templated":true}]}}