{"id":5201,"date":"2024-01-18T22:40:35","date_gmt":"2024-01-18T22:40:35","guid":{"rendered":"https:\/\/promo.evolution.com\/?page_id=5201"},"modified":"2024-12-06T15:25:52","modified_gmt":"2024-12-06T15:25:52","slug":"playcity","status":"publish","type":"page","link":"https:\/\/promo.evolution.com\/es\/playcity\/","title":{"rendered":"LATAM &#8211; PlayCity"},"content":{"rendered":"\n<section class=\"container-fluid banner\" style=\"background-image: url('https:\/\/promo.evolution.com\/wp-content\/uploads\/2024\/10\/Especial-mesas-en-vivo_fondo.jpg')\">\n\t<div class=\"container px-0 banner-inner \">\n\t\t<h1 class=\"banner-title\">Torneo Especial Mesas en Vivo<\/h1><h2 class=\"banner-subtitle\">$20,000 MXN EN PREMIOS<\/h2>\n\t\t<div class=\"table-wrapper campaign-details\">\n\t\t\t<div class=\"icon-title\">\n\t\t\t\t<img decoding=\"async\" src=\"https:\/\/promo.evolution.com\/wp-content\/themes\/evolution-promo\/assets\/img\/icon\/info.svg\">\n\t\t\t\t<h2>Informaci\u00f3n General <\/h2>\n\t\t\t<\/div>\n\n\t\t\t<table class=\"table\">\n\t\t\t\t<tbody>\n\t\t\t\t\t\t\t\t\t\t\t<tr>\n\t\t\t\t\t\t\t<th>Per\u00edodo de Promoci\u00f3n<\/th>\n\n\t\t\t\t\t\t\t<td>\n\t\t\t\t\t\t\t\t29\/11 00:00 &#8211; 05\/12 23:59\n\t\t\t\t\t\t\t\t<span class=\"timezone\">(UTC-6)<\/span><\/td>\t\t\t\t\t\t\t<\/td>\n\t\t\t\t\t\t<\/tr>\n\t\t\t\t\t\t\t\t\t\t\t<tr>\n\t\t\t\t\t\t\t<th>Tipo de Promoci\u00f3n<\/th>\n\t\t\t\t\t\t\t<td>Torneo<\/td>\n\t\t\t\t\t\t<\/tr>\n\t\t\t\t\t\t\t\t\t\t\t<tr> \n\n\t\t\t\t\t\t\t<th>Fecha de anuncio de los Ganadores<\/th>\n\t\t\t\t\t\t\t<td>\n\t\t\t\t\t\t\t\t06\/12 10:00\t\t\t\t\t\t\t\t\n\t\t\t\t\t\t\t\t<span class=\"timezone\">(UTC-6)<\/span><\/td>\t\t\t\t\t\t\t<\/td>\n\t\t\t\t\t\t<\/tr>\n\t\t\t\t\t\t\t\t\t\t\t<tr>\n\t\t\t\t\t\t\t<th>N\u00famero de Ganadores<\/th>\n\t\t\t\t\t\t\t<td>1<\/td>\n\t\t\t\t\t\t<\/tr>\n\t\t\t\t\t\t\t\t\t\t\t<tr>\n\t\t\t\t\t\t\t<th>Cantidad del Premio<\/th>\n\t\t\t\t\t\t\t<td>$20,000 MXN<\/td>\n\t\t\t\t\t\t<\/tr>\n\t\t\t\t\t\t\t\t\t\t\t<tr>\n\t\t\t\t\t\t\t<th>Juegos Participantes<\/th>\n\t\t\t\t\t\t\t<td>Todas las mesas de Casino en Vivo de Evolution<\/td>\n\t\t\t\t\t\t<\/tr>\n\t\t\t\t\t\t\t\t\t<\/tbody>\n\t\t\t<\/table>\n\t\t<\/div>\n\n\t\t<div class=\"winners-link\">\n\n\t\t\t<a href=\"#winners\">Ir a la lista de ganadores<\/a>\t\t\t\n\t\t\t\n\t\t<\/div>\n\t<\/div>\n\n\t<div class=\"custom-shape-divider-bottom-banner\">\n\t\t<svg data-name=\"Layer 1\" xmlns=\"http:\/\/www.w3.org\/2000\/svg\" viewBox=\"0 0 1200 120\" preserveAspectRatio=\"none\">\n\t\t\t<path d=\"M985.66,92.83C906.67,72,823.78,31,743.84,14.19c-82.26-17.34-168.06-16.33-250.45.39-57.84,11.73-114,31.07-172,41.86A600.21,600.21,0,0,1,0,27.35V120H1200V95.8C1132.19,118.92,1055.71,111.31,985.66,92.83Z\" class=\"shape-fill\"><\/path>\n\t\t<\/svg>\n\t<\/div>\n<\/section>\n\n\n<section class=\"container-fluid games-list\">\n\t<div class=\"container px-0 games-list-inner\">\n\t\t<div class=\"gradient-border\">\n\t\t\t<span class=\"gradient-border-inner\">\n\t\t\t\t<div class=\"icon-title\">\n\t\t\t\t\t<img decoding=\"async\" src=\"https:\/\/promo.evolution.com\/wp-content\/themes\/evolution-promo\/assets\/img\/icon\/gambling.svg\"><h3>Juegos Participantes<\/h3>\t\t\t\t<\/div>\n\t\t\t<\/span>\n\t\t<\/div>\n\t\t\n\t\t<div class=\"games-list-row\"><span>\n\t\t\t\t\t<img decoding=\"async\" class=\"game-logo\" src=\"https:\/\/promo.evolution.com\/wp-content\/uploads\/2023\/11\/roleta_ao_vivo_circular_thumbnail_752x752_2022_07_01-2.png\">\n\t\t\t\t\t<small>Roleta Ao Vivo<\/small>\n\t\t\t\t\t<img decoding=\"async\" class=\"brand-logo\" src=\"https:\/\/promo.evolution.com\/wp-content\/uploads\/2023\/07\/evolution.svg\">\n\t\t\t\t<\/span><span>\n\t\t\t\t\t<img decoding=\"async\" class=\"game-logo\" src=\"https:\/\/promo.evolution.com\/wp-content\/uploads\/2023\/11\/roleta_relampago_em_portugues_logo_2022_08-1.png\">\n\t\t\t\t\t<small>Roleta Rel\u00e2mpago<\/small>\n\t\t\t\t\t<img decoding=\"async\" class=\"brand-logo\" src=\"https:\/\/promo.evolution.com\/wp-content\/uploads\/2023\/07\/evolution.svg\">\n\t\t\t\t<\/span><span>\n\t\t\t\t\t<img decoding=\"async\" class=\"game-logo\" src=\"https:\/\/promo.evolution.com\/wp-content\/uploads\/2023\/08\/lightning-roulette.png\">\n\t\t\t\t\t<small>Lightning Roulette<\/small>\n\t\t\t\t\t<img decoding=\"async\" class=\"brand-logo\" src=\"https:\/\/promo.evolution.com\/wp-content\/uploads\/2023\/07\/evolution.svg\">\n\t\t\t\t<\/span><span>\n\t\t\t\t\t<img decoding=\"async\" class=\"game-logo\" src=\"https:\/\/promo.evolution.com\/wp-content\/uploads\/2023\/11\/ruleta_relampago_logo_2022_08-1.svg\">\n\t\t\t\t\t<small>Ruleta Rel\u00e1mpago en Vivo<\/small>\n\t\t\t\t\t<img decoding=\"async\" class=\"brand-logo\" src=\"https:\/\/promo.evolution.com\/wp-content\/uploads\/2023\/07\/evolution.svg\">\n\t\t\t\t<\/span><span>\n\t\t\t\t\t<img decoding=\"async\" class=\"game-logo\" src=\"https:\/\/promo.evolution.com\/wp-content\/uploads\/2023\/09\/dream_catcher_thumbnail_circular_2020_06_01.png\">\n\t\t\t\t\t<small>Dream Catcher<\/small>\n\t\t\t\t\t<img decoding=\"async\" class=\"brand-logo\" src=\"https:\/\/promo.evolution.com\/wp-content\/uploads\/2023\/07\/evolution.svg\">\n\t\t\t\t<\/span><span>\n\t\t\t\t\t<img decoding=\"async\" class=\"game-logo\" src=\"https:\/\/promo.evolution.com\/wp-content\/uploads\/2024\/01\/super_sic_bo_circular_752x752_2021_02_02.png\">\n\t\t\t\t\t<small>Super Sic Bo<\/small>\n\t\t\t\t\t<img decoding=\"async\" class=\"brand-logo\" src=\"https:\/\/promo.evolution.com\/wp-content\/uploads\/2023\/07\/evolution.svg\">\n\t\t\t\t<\/span><span>\n\t\t\t\t\t<img decoding=\"async\" class=\"game-logo\" src=\"https:\/\/promo.evolution.com\/wp-content\/uploads\/2023\/11\/blackjack_espanol_circular_thumbnails_752x752_2022_05_02.png\">\n\t\t\t\t\t<small>Blackjack en Espa\u00f1ol<\/small>\n\t\t\t\t\t<img decoding=\"async\" class=\"brand-logo\" src=\"https:\/\/promo.evolution.com\/wp-content\/uploads\/2023\/07\/evolution.svg\">\n\t\t\t\t<\/span><span>\n\t\t\t\t\t<img decoding=\"async\" class=\"game-logo\" src=\"https:\/\/promo.evolution.com\/wp-content\/uploads\/2024\/01\/1649158449_Skycity_blackjack_vip_alpha_thumbnail_circular_752x752_2022_03-1.png\">\n\t\t\t\t\t<small>Blackjack VIP A<\/small>\n\t\t\t\t\t<img decoding=\"async\" class=\"brand-logo\" src=\"https:\/\/promo.evolution.com\/wp-content\/uploads\/2023\/07\/evolution.svg\">\n\t\t\t\t<\/span><span>\n\t\t\t\t\t<img decoding=\"async\" class=\"game-logo\" src=\"https:\/\/promo.evolution.com\/wp-content\/uploads\/2024\/01\/baccarat_circular_thumbnail_branded_752x752_2022_08_02.png\">\n\t\t\t\t\t<small>Baccarat<\/small>\n\t\t\t\t\t<img decoding=\"async\" class=\"brand-logo\" src=\"https:\/\/promo.evolution.com\/wp-content\/uploads\/2023\/07\/evolution.svg\">\n\t\t\t\t<\/span><span>\n\t\t\t\t\t<img decoding=\"async\" class=\"game-logo\" src=\"https:\/\/promo.evolution.com\/wp-content\/uploads\/2023\/09\/crazy_time_circular_thumbnail_752x752_2023_11_02.png\">\n\t\t\t\t\t<small>Crazy Time<\/small>\n\t\t\t\t\t<img decoding=\"async\" class=\"brand-logo\" src=\"https:\/\/promo.evolution.com\/wp-content\/uploads\/2023\/07\/evolution.svg\">\n\t\t\t\t<\/span><\/div>\t<\/div>\n<\/section>\n\n\n\n<section class=\"container-fluid terms-conditions\">\n\t<div class=\"custom-shape-divider-top-terms-conditions\">\n\t\t<svg data-name=\"Layer 1\" xmlns=\"http:\/\/www.w3.org\/2000\/svg\" viewBox=\"0 0 1200 120\" preserveAspectRatio=\"none\">\n\t\t\t<path d=\"M321.39,56.44c58-10.79,114.16-30.13,172-41.86,82.39-16.72,168.19-17.73,250.45-.39C823.78,31,906.67,72,985.66,92.83c70.05,18.48,146.53,26.09,214.34,3V0H0V27.35A600.21,600.21,0,0,0,321.39,56.44Z\" class=\"shape-fill\"><\/path>\n\t\t<\/svg>\n\t<\/div>\n\n\t<div class=\"container px-0 terms-conditions-inner\">\n\t\t<div class=\"gradient-border\">\n\t\t\t<span class=\"gradient-border-inner\">\n\t\t\t\t<div class=\"icon-title\">\n\t\t\t\t\t<img decoding=\"async\" src=\"https:\/\/promo.evolution.com\/wp-content\/themes\/evolution-promo\/assets\/img\/icon\/terms.svg\">\n\t\t\t\t\t<h3>T\u00e9rminos &#038; Condiciones <\/h3>\n\t\t\t\t<\/div>\n\t\t\t<\/span>\n\t\t<\/div>\n\n\t\t<div class=\"terms-conditions-content\">\n\t\t\t<p style=\"text-align: center\"><strong>ESPECIAL MESAS EN VIVO OCTUBRE<\/strong><\/p>\n<p><strong>T\u00e9rminos y Condiciones<\/strong><\/p>\n<p>Torneo ESPECIAL MESAS EN VIVO iniciar\u00e1 desde las 00:01hrs del 29 de Noviembre hasta las 23:59hrs del 05 de Diciembre de 2024. Zona horaria CDMX (GMT-6)<\/p>\n<p>Participan en el Torneo ESPECIAL MESAS EN VIVO todas las mesas de Playcity.com<\/p>\n<p>Mec\u00e1nica de promoci\u00f3n: Por cada $300 MXN jugados en las mesas de Evolution el jugador genera 1 punto para participar por un premio total de $20,000 MXN.<\/p>\n<p>El jugador con la mayor cantidad de puntos generados durante el periodo promocional ser\u00e1 el ganador del premio. En el caso de que exista m\u00e1s de 1 cliente con la misma cantidad de puntos, el premio se dividir\u00e1 en partes iguales.<\/p>\n<p>El premio ser\u00e1 asignado al ganador dentro de las 72 horas posteriores al t\u00e9rmino del Torneo.<\/p>\n<p>Torneo sujeto a cambios sin previo aviso.<\/p>\n\t\t<\/div>\n\t<\/div>\n\t\n\t<div class=\"custom-shape-divider-bottom-terms-conditions\">\n\t\t<svg data-name=\"Layer 1\" xmlns=\"http:\/\/www.w3.org\/2000\/svg\" viewBox=\"0 0 1200 120\" preserveAspectRatio=\"none\">\n\t\t\t<path d=\"M985.66,92.83C906.67,72,823.78,31,743.84,14.19c-82.26-17.34-168.06-16.33-250.45.39-57.84,11.73-114,31.07-172,41.86A600.21,600.21,0,0,1,0,27.35V120H1200V95.8C1132.19,118.92,1055.71,111.31,985.66,92.83Z\" class=\"shape-fill\"><\/path>\n\t\t<\/svg>\n\t<\/div>\n<\/section>\n\n\n<section class=\"container-fluid payouts\" id=\"payouts\">\n\t<div class=\"container px-0 payouts-inner\">\n\t\t<div class=\"table-wrapper payouts-table   bold-final-row  \">\n\t\t\t<div class=\"icon-title\">\n\t\t\t\t<img decoding=\"async\" src=\"https:\/\/promo.evolution.com\/wp-content\/themes\/evolution-promo\/assets\/img\/icon\/gift.svg\">\n\n\t\t\t\t<h2>Tabla de Pagos<\/h2>\t\t\t<\/div>\n\n\t\t\t<table class=\"table\">\n\t\t\t\t<caption><\/caption><thead><tr><th scope=\"col\">Rango<\/th><th scope=\"col\">Premio<\/th><\/tr><\/thead><tbody><tr><td>1<\/td><td>$ 20,000 MXN<\/td><\/tr><\/tbody>\t\t\t<\/table>\n\n\t\t\t<p class=\"rate-message\"><em>Tenga en cuenta que el tipo de cambio real puede variar con respecto a los valores indicados en la Tabla de Pagos.<\/em><\/p>\n\t\t<\/div>\n\t<\/div>\n<\/section>\n\n\t<section class=\"container-fluid winners\" id=\"winners\" style=\"background-image: url('https:\/\/promo.evolution.com\/wp-content\/uploads\/2024\/10\/Especial-mesas-en-vivo_fondo.jpg')\">\n\t\t<div class=\"custom-shape-divider-top-winners\">\n\t\t\t<svg data-name=\"Layer 1\" xmlns=\"http:\/\/www.w3.org\/2000\/svg\" viewBox=\"0 0 1200 120\" preserveAspectRatio=\"none\">\n\t\t\t\t<path d=\"M321.39,56.44c58-10.79,114.16-30.13,172-41.86,82.39-16.72,168.19-17.73,250.45-.39C823.78,31,906.67,72,985.66,92.83c70.05,18.48,146.53,26.09,214.34,3V0H0V27.35A600.21,600.21,0,0,0,321.39,56.44Z\" class=\"shape-fill\"><\/path>\n\t\t\t<\/svg>\n\t\t<\/div>\n\n\t\t<div class=\"container px-0 winners-inner\">\n\t\t\t<div class=\"table-wrapper winners-table\">\n\t\t\t\t<div class=\"icon-title\">\n\t\t\t\t\t<img decoding=\"async\" src=\"https:\/\/promo.evolution.com\/wp-content\/themes\/evolution-promo\/assets\/img\/icon\/trophy.svg\">\n\n\t\t\t\t\t<h2>Ganador<\/h2>\t\t\t\t<\/div>\n\n\t\t\t\t\t\t\t\t\n\t\t\t\t<table class=\"table\">\n\t\t\t\t\t\t\t\t\t\t\t<thead>\n\t\t\t\t\t\t\t<tr>\n\t\t\t\t\t\t\t\t<th scope=\"col\">Jugador<\/th><th scope=\"col\">Puntos<\/th><th scope=\"col\">Puesto<\/th>\t\t\t\t\t\t\t<\/tr>\n\t\t\t\t\t\t<\/thead>\n\t\t\t\t\t\n\t\t\t\t\t<tbody>\n\t\t\t\t\t\t<tr><td>M********9 &#8211; PCC_PLC_3340514<\/td><td>3134<\/td><td>1<\/td><\/tr>\t\t\t\t\t<\/tbody>\n\t\t\t\t<\/table>\n\t\t\t<\/div>\n\t\t<\/div>\n\t<\/section>\n","protected":false},"excerpt":{"rendered":"","protected":false},"author":1,"featured_media":0,"parent":0,"menu_order":0,"comment_status":"closed","ping_status":"closed","template":"","meta":{"_acf_changed":false,"footnotes":""},"class_list":["post-5201","page","type-page","status-publish","hentry"],"acf":[],"_links":{"self":[{"href":"https:\/\/promo.evolution.com\/es\/wp-json\/wp\/v2\/pages\/5201","targetHints":{"allow":["GET"]}}],"collection":[{"href":"https:\/\/promo.evolution.com\/es\/wp-json\/wp\/v2\/pages"}],"about":[{"href":"https:\/\/promo.evolution.com\/es\/wp-json\/wp\/v2\/types\/page"}],"author":[{"embeddable":true,"href":"https:\/\/promo.evolution.com\/es\/wp-json\/wp\/v2\/users\/1"}],"replies":[{"embeddable":true,"href":"https:\/\/promo.evolution.com\/es\/wp-json\/wp\/v2\/comments?post=5201"}],"version-history":[{"count":103,"href":"https:\/\/promo.evolution.com\/es\/wp-json\/wp\/v2\/pages\/5201\/revisions"}],"predecessor-version":[{"id":17292,"href":"https:\/\/promo.evolution.com\/es\/wp-json\/wp\/v2\/pages\/5201\/revisions\/17292"}],"wp:attachment":[{"href":"https:\/\/promo.evolution.com\/es\/wp-json\/wp\/v2\/media?parent=5201"}],"curies":[{"name":"wp","href":"https:\/\/api.w.org\/{rel}","templated":true}]}}