{"id":5131,"date":"2024-01-08T17:35:23","date_gmt":"2024-01-08T17:35:23","guid":{"rendered":"https:\/\/promo.evolution.com\/spain-roulette-promo\/"},"modified":"2024-02-02T12:34:18","modified_gmt":"2024-02-02T12:34:18","slug":"spain-roulette-promo","status":"publish","type":"page","link":"https:\/\/promo.evolution.com\/es\/spain-roulette-promo\/","title":{"rendered":"Spain Roulette Promo &#8211; Jan 2024"},"content":{"rendered":"\n<section class=\"container-fluid banner\" style=\"background-image: url('https:\/\/promo.evolution.com\/wp-content\/uploads\/2024\/01\/ruleta_automatica_image_2023_03_08-scaled.jpg')\">\n\t<div class=\"container px-0 banner-inner with-overlay\">\n\t\t<h1 class=\"banner-title\">TORNEO DE RULETA<\/h1>\n\t\t<div class=\"table-wrapper campaign-details\">\n\t\t\t<div class=\"icon-title\">\n\t\t\t\t<img decoding=\"async\" src=\"https:\/\/promo.evolution.com\/wp-content\/themes\/evolution-promo\/assets\/img\/icon\/info.svg\">\n\t\t\t\t<h2>Informaci\u00f3n General <\/h2>\n\t\t\t<\/div>\n\n\t\t\t<table class=\"table\">\n\t\t\t\t<tbody>\n\t\t\t\t\t\t\t\t\t\t\t<tr>\n\t\t\t\t\t\t\t<th>Per\u00edodo de Promoci\u00f3n<\/th>\n\n\t\t\t\t\t\t\t<td>\n\t\t\t\t\t\t\t\t25\/01 00:00 &#8211; 31\/01 23:59\n\t\t\t\t\t\t\t\t<span class=\"timezone\">(CET)<\/span><\/td>\t\t\t\t\t\t\t<\/td>\n\t\t\t\t\t\t<\/tr>\n\t\t\t\t\t\t\t\t\t\t\t<tr>\n\t\t\t\t\t\t\t<th>Tipo de Promoci\u00f3n<\/th>\n\t\t\t\t\t\t\t<td>Clasificaci\u00f3n<\/td>\n\t\t\t\t\t\t<\/tr>\n\t\t\t\t\t\t\t\t\t\t\t<tr> \n\n\t\t\t\t\t\t\t<th>Fecha de anuncio de los Ganadores<\/th>\n\t\t\t\t\t\t\t<td>\n\t\t\t\t\t\t\t\t01\/02 17:00\t\t\t\t\t\t\t\t\n\t\t\t\t\t\t\t\t<span class=\"timezone\">(CET)<\/span><\/td>\t\t\t\t\t\t\t<\/td>\n\t\t\t\t\t\t<\/tr>\n\t\t\t\t\t\t\t\t\t\t\t<tr>\n\t\t\t\t\t\t\t<th>N\u00famero de Ganadores<\/th>\n\t\t\t\t\t\t\t<td>150<\/td>\n\t\t\t\t\t\t<\/tr>\n\t\t\t\t\t\t\t\t\t\t\t<tr>\n\t\t\t\t\t\t\t<th>Cantidad del Premio<\/th>\n\t\t\t\t\t\t\t<td>\u20ac10 000 (EUR)<\/td>\n\t\t\t\t\t\t<\/tr>\n\t\t\t\t\t\t\t\t\t\t\t<tr>\n\t\t\t\t\t\t\t<th>Juegos Participantes<\/th>\n\t\t\t\t\t\t\t<td>Ruleta Rel\u00e1mpago en Vivo, Ruleta en Vivo, Ruleta en Vivo Francesa, Ruleta Bola Rapida en Vivo, Ruleta Bola Rapida Francesa, Ruleta Autom\u00e1tica, First Person Roulette, First Person Lightning Roulette, First Person American Roulette<\/td>\n\t\t\t\t\t\t<\/tr>\n\t\t\t\t\t\t\t\t\t<\/tbody>\n\t\t\t<\/table>\n\t\t<\/div>\n\n\t\t<div class=\"winners-link\">\n\n\t\t\t<a href=\"#winners\">Ir a la lista de ganadores<\/a>\t\t\t\n\t\t\t\n\t\t<\/div>\n\t<\/div>\n\n\t<div class=\"custom-shape-divider-bottom-banner\">\n\t\t<svg data-name=\"Layer 1\" xmlns=\"http:\/\/www.w3.org\/2000\/svg\" viewBox=\"0 0 1200 120\" preserveAspectRatio=\"none\">\n\t\t\t<path d=\"M985.66,92.83C906.67,72,823.78,31,743.84,14.19c-82.26-17.34-168.06-16.33-250.45.39-57.84,11.73-114,31.07-172,41.86A600.21,600.21,0,0,1,0,27.35V120H1200V95.8C1132.19,118.92,1055.71,111.31,985.66,92.83Z\" class=\"shape-fill\"><\/path>\n\t\t<\/svg>\n\t<\/div>\n<\/section>\n\n\n<section class=\"container-fluid games-list\">\n\t<div class=\"container px-0 games-list-inner\">\n\t\t<div class=\"gradient-border\">\n\t\t\t<span class=\"gradient-border-inner\">\n\t\t\t\t<div class=\"icon-title\">\n\t\t\t\t\t<img decoding=\"async\" src=\"https:\/\/promo.evolution.com\/wp-content\/themes\/evolution-promo\/assets\/img\/icon\/gambling.svg\"><h3>Juegos Participantes<\/h3>\t\t\t\t<\/div>\n\t\t\t<\/span>\n\t\t<\/div>\n\t\t\n\t\t<div class=\"games-list-row\"><span>\n\t\t\t\t\t<img decoding=\"async\" class=\"game-logo\" src=\"https:\/\/promo.evolution.com\/wp-content\/uploads\/2023\/11\/ruleta_relampago_en_vivo_thumbnail_1080x1080_2023_09.png\">\n\t\t\t\t\t<small>Ruleta Rel\u00e1mpago en Vivo<\/small>\n\t\t\t\t\t<img decoding=\"async\" class=\"brand-logo\" src=\"https:\/\/promo.evolution.com\/wp-content\/uploads\/2023\/07\/evolution.svg\">\n\t\t\t\t<\/span><span>\n\t\t\t\t\t<img decoding=\"async\" class=\"game-logo\" src=\"https:\/\/promo.evolution.com\/wp-content\/uploads\/2024\/01\/ruleta_en_vivo_logo_2023_04.png\">\n\t\t\t\t\t<small>Ruleta en Vivo<\/small>\n\t\t\t\t\t<img decoding=\"async\" class=\"brand-logo\" src=\"https:\/\/promo.evolution.com\/wp-content\/uploads\/2023\/07\/evolution.svg\">\n\t\t\t\t<\/span><span>\n\t\t\t\t\t<img decoding=\"async\" class=\"game-logo\" src=\"https:\/\/promo.evolution.com\/wp-content\/uploads\/2024\/01\/ruleta_en_vivo_logo_2023_04.png\">\n\t\t\t\t\t<small>Ruleta en Vivo Francesa<\/small>\n\t\t\t\t\t<img decoding=\"async\" class=\"brand-logo\" src=\"https:\/\/promo.evolution.com\/wp-content\/uploads\/2023\/07\/evolution.svg\">\n\t\t\t\t<\/span><span>\n\t\t\t\t\t<img decoding=\"async\" class=\"game-logo\" src=\"https:\/\/promo.evolution.com\/wp-content\/uploads\/2024\/01\/ruleta_bola_rapida_en_vivo_logo_esp_2020_08.png\">\n\t\t\t\t\t<small>Ruleta Bola Rapida en Vivo<\/small>\n\t\t\t\t\t<img decoding=\"async\" class=\"brand-logo\" src=\"https:\/\/promo.evolution.com\/wp-content\/uploads\/2023\/07\/evolution.svg\">\n\t\t\t\t<\/span><span>\n\t\t\t\t\t<img decoding=\"async\" class=\"game-logo\" src=\"https:\/\/promo.evolution.com\/wp-content\/uploads\/2024\/01\/ruleta_bola_rapida_en_vivo.png\">\n\t\t\t\t\t<small>Ruleta Bola Rapida Francesa<\/small>\n\t\t\t\t\t<img decoding=\"async\" class=\"brand-logo\" src=\"https:\/\/promo.evolution.com\/wp-content\/uploads\/2023\/07\/evolution.svg\">\n\t\t\t\t<\/span><span>\n\t\t\t\t\t<img decoding=\"async\" class=\"game-logo\" src=\"https:\/\/promo.evolution.com\/wp-content\/uploads\/2024\/01\/auto_roulette_automatica_2022_07.png\">\n\t\t\t\t\t<small>Ruleta Autom\u00e1tica<\/small>\n\t\t\t\t\t<img decoding=\"async\" class=\"brand-logo\" src=\"https:\/\/promo.evolution.com\/wp-content\/uploads\/2023\/07\/evolution.svg\">\n\t\t\t\t<\/span><span>\n\t\t\t\t\t<img decoding=\"async\" class=\"game-logo\" src=\"https:\/\/promo.evolution.com\/wp-content\/uploads\/2024\/01\/first_person_roulette_logo_2021_08.png\">\n\t\t\t\t\t<small>First Person Roulette<\/small>\n\t\t\t\t\t<img decoding=\"async\" class=\"brand-logo\" src=\"https:\/\/promo.evolution.com\/wp-content\/uploads\/2023\/07\/evolution.svg\">\n\t\t\t\t<\/span><span>\n\t\t\t\t\t<img decoding=\"async\" class=\"game-logo\" src=\"https:\/\/promo.evolution.com\/wp-content\/uploads\/2024\/01\/first_person_lightning_roulette_logo_2021_12.png\">\n\t\t\t\t\t<small>First Person Lightning Roulette<\/small>\n\t\t\t\t\t<img decoding=\"async\" class=\"brand-logo\" src=\"https:\/\/promo.evolution.com\/wp-content\/uploads\/2023\/07\/evolution.svg\">\n\t\t\t\t<\/span><span>\n\t\t\t\t\t<img decoding=\"async\" class=\"game-logo\" src=\"https:\/\/promo.evolution.com\/wp-content\/uploads\/2024\/01\/first_person_american_roulette_logo_2021_04.png\">\n\t\t\t\t\t<small>First Person American Roulette<\/small>\n\t\t\t\t\t<img decoding=\"async\" class=\"brand-logo\" src=\"https:\/\/promo.evolution.com\/wp-content\/uploads\/2023\/07\/evolution.svg\">\n\t\t\t\t<\/span><\/div>\t<\/div>\n<\/section>\n\n\n\n<section class=\"container-fluid terms-conditions\">\n\t<div class=\"custom-shape-divider-top-terms-conditions\">\n\t\t<svg data-name=\"Layer 1\" xmlns=\"http:\/\/www.w3.org\/2000\/svg\" viewBox=\"0 0 1200 120\" preserveAspectRatio=\"none\">\n\t\t\t<path d=\"M321.39,56.44c58-10.79,114.16-30.13,172-41.86,82.39-16.72,168.19-17.73,250.45-.39C823.78,31,906.67,72,985.66,92.83c70.05,18.48,146.53,26.09,214.34,3V0H0V27.35A600.21,600.21,0,0,0,321.39,56.44Z\" class=\"shape-fill\"><\/path>\n\t\t<\/svg>\n\t<\/div>\n\n\t<div class=\"container px-0 terms-conditions-inner\">\n\t\t<div class=\"gradient-border\">\n\t\t\t<span class=\"gradient-border-inner\">\n\t\t\t\t<div class=\"icon-title\">\n\t\t\t\t\t<img decoding=\"async\" src=\"https:\/\/promo.evolution.com\/wp-content\/themes\/evolution-promo\/assets\/img\/icon\/terms.svg\">\n\t\t\t\t\t<h3>T\u00e9rminos &#038; Condiciones <\/h3>\n\t\t\t\t<\/div>\n\t\t\t<\/span>\n\t\t<\/div>\n\n\t\t<div class=\"terms-conditions-content\">\n\t\t\t<h3><strong>Normas generales<\/strong><\/h3>\n<p>Para participar en el torneo, juega en la mesa \u00abRuleta Rel\u00e1mpago en Vivo, Ruleta en Vivo, Ruleta en Vivo Francesa, Ruleta Bola Rapida en Vivo, Ruleta Bola Rapida Francesa, Ruleta Autom\u00e1tica, First Person Roulette, First Person Lightning Roulette, First Person American Roulette\u00bb y acumula puntos cada vez que ganes con una apuesta a pleno, con un m\u00ednimo de 0,50 euros apostados por n\u00famero. La victoria normal te dar\u00e1 1 punto y la victoria rel\u00e1mpago 15 puntos. Se pueden cubrir con apuestas el 70 % de los resultados como m\u00e1ximo por ronda de juego (26\/37 n\u00fameros).<\/p>\n<h3>T\u00e9rminos y condiciones<\/h3>\n<ul>\n<li>La promoci\u00f3n estar\u00e1 vigente desde las 00:00 CET del 25 de enero hasta las 23:59 CET del 31 de enero.<\/li>\n<li>El total de premios de la promoci\u00f3n asciende a 10 000 euros.<\/li>\n<li>La promoci\u00f3n se basa en el n\u00famero de veces que los participantes en la promoci\u00f3n ganan en Ruleta Rel\u00e1mpago en Vivo, Ruleta en Vivo, Ruleta en Vivo Francesa, Ruleta Bola Rapida en Vivo, Ruleta bola Rapida Francesa, Ruleta Autom\u00e1tica, First Person Roulette, First Person Lightning Roulette, First Person American Roulette con apuestas a pleno (un solo n\u00famero).<\/li>\n<li>F\u00f3rmula utilizada: cada premio directo normal (30:1-35:1) otorgar\u00e1 al participante 1 punto y cada premio directo con multiplicador rel\u00e1mpago (50:1-500:1) le otorgar\u00e1 15 puntos.<\/li>\n<li>Para poder participar, el participante debe apostar un m\u00ednimo de 0,50 euros por cada n\u00famero individual.<\/li>\n<li>Se pueden cubrir con apuestas el 70% de los resultados como m\u00e1ximo por ronda de juego (26\/37 n\u00fameros), las rondas en las que se supere este porcentaje no se considerar\u00e1n v\u00e1lidas.<\/li>\n<li>Los jugadores solo pueden ganar 1 (un) premio por tabla de clasificaci\u00f3n.<\/li>\n<li>Los primeros 150 (ciento cincuenta) jugadores que tengan m\u00e1s puntos acumulados durante el tiempo de la campa\u00f1a, ser\u00e1n los que recibir\u00e1n los premios en met\u00e1lico.<\/li>\n<li>El importe total de los premios asciende a los 10 000 euros. Los premios se distribuir\u00e1n de la siguiente manera:<\/li>\n<li>1. \u20ac1500, 2. \u20ac1000, 3. \u20ac800, 4. \u20ac600, 5. \u20ac300, 6.-10. \u20ac200, 11.-20. \u20ac150, 21.-30. \u20ac100, 31.-50. \u20ac40, 51.-100. \u20ac20, 101.-150. \u20ac10.<\/li>\n<li>En caso de empate, cuando dos o m\u00e1s jugadores tengan el mismo n\u00famero de puntos, el jugador que haya hecho la apuesta total m\u00e1s alta ser\u00e1 el ganador, si sigue habiendo empate el jugador que haya conseguido los puntos primero ser\u00e1 el ganador..<\/li>\n<li>La tabla de clasificaci\u00f3n se actualizar\u00e1 una vez al d\u00eda de lunes a jueves antes de las 17:00 CET, los puntos obtenidos de viernes a domingo se actualizar\u00e1n el lunes siguiente.<\/li>\n<li>Para poder participar, el jugador tiene que llevar registrado m\u00e1s de 30 d\u00edas y tener una cuenta verificada.<\/li>\n<li>Para ver los t\u00e9rminos y condiciones generales visita el sitio web del casino desde el que est\u00e1s jugando.<\/li>\n<\/ul>\n\t\t<\/div>\n\t<\/div>\n\t\n\t<div class=\"custom-shape-divider-bottom-terms-conditions\">\n\t\t<svg data-name=\"Layer 1\" xmlns=\"http:\/\/www.w3.org\/2000\/svg\" viewBox=\"0 0 1200 120\" preserveAspectRatio=\"none\">\n\t\t\t<path d=\"M985.66,92.83C906.67,72,823.78,31,743.84,14.19c-82.26-17.34-168.06-16.33-250.45.39-57.84,11.73-114,31.07-172,41.86A600.21,600.21,0,0,1,0,27.35V120H1200V95.8C1132.19,118.92,1055.71,111.31,985.66,92.83Z\" class=\"shape-fill\"><\/path>\n\t\t<\/svg>\n\t<\/div>\n<\/section>\n\n\n<section class=\"container-fluid payouts\" id=\"payouts\">\n\t<div class=\"container px-0 payouts-inner\">\n\t\t<div class=\"table-wrapper payouts-table     \">\n\t\t\t<div class=\"icon-title\">\n\t\t\t\t<img decoding=\"async\" src=\"https:\/\/promo.evolution.com\/wp-content\/themes\/evolution-promo\/assets\/img\/icon\/gift.svg\">\n\n\t\t\t\t<h2>Tabla de Premios<\/h2>\t\t\t<\/div>\n\n\t\t\t<table class=\"table\">\n\t\t\t\t<caption><\/caption><thead><tr><th scope=\"col\">Rank<\/th><th scope=\"col\">Prize (\u20ac)<\/th><\/tr><\/thead><tbody><tr><td>1st<\/td><td>1500<\/td><\/tr><tr><td>2nd<\/td><td>1000<\/td><\/tr><tr><td>3rd<\/td><td>800<\/td><\/tr><tr><td>4th<\/td><td>600<\/td><\/tr><tr><td>5th<\/td><td>300<\/td><\/tr><tr><td>6th-10th<\/td><td>200<\/td><\/tr><tr><td>11th-20th<\/td><td>150<\/td><\/tr><tr><td>21st-30th<\/td><td>100<\/td><\/tr><tr><td>31st-50th<\/td><td>40<\/td><\/tr><tr><td>51st-100th<\/td><td>20<\/td><\/tr><tr><td>101st-150th<\/td><td>10<\/td><\/tr><\/tbody>\t\t\t<\/table>\n\n\t\t\t<p class=\"rate-message\"><em>Tenga en cuenta que el tipo de cambio real puede variar con respecto a los valores indicados en la Tabla de Pagos.<\/em><\/p>\n\t\t<\/div>\n\t<\/div>\n<\/section>\n\n\t<section class=\"container-fluid winners\" id=\"winners\" style=\"background-image: url('https:\/\/promo.evolution.com\/wp-content\/uploads\/2023\/08\/2020_03_ruleta_relampago_33.jpg')\">\n\t\t<div class=\"custom-shape-divider-top-winners\">\n\t\t\t<svg data-name=\"Layer 1\" xmlns=\"http:\/\/www.w3.org\/2000\/svg\" viewBox=\"0 0 1200 120\" preserveAspectRatio=\"none\">\n\t\t\t\t<path d=\"M321.39,56.44c58-10.79,114.16-30.13,172-41.86,82.39-16.72,168.19-17.73,250.45-.39C823.78,31,906.67,72,985.66,92.83c70.05,18.48,146.53,26.09,214.34,3V0H0V27.35A600.21,600.21,0,0,0,321.39,56.44Z\" class=\"shape-fill\"><\/path>\n\t\t\t<\/svg>\n\t\t<\/div>\n\n\t\t<div class=\"container px-0 winners-inner\">\n\t\t\t<div class=\"table-wrapper winners-table\">\n\t\t\t\t<div class=\"icon-title\">\n\t\t\t\t\t<img decoding=\"async\" src=\"https:\/\/promo.evolution.com\/wp-content\/themes\/evolution-promo\/assets\/img\/icon\/trophy.svg\">\n\n\t\t\t\t\t<h2>Winners<\/h2>\t\t\t\t<\/div>\n\n\t\t\t\t\t\t\t\t\n\t\t\t\t<table class=\"table\">\n\t\t\t\t\t\t\t\t\t\t\t<thead>\n\t\t\t\t\t\t\t<tr>\n\t\t\t\t\t\t\t\t<th scope=\"col\">Player ID<\/th><th scope=\"col\">Screen name<\/th><th scope=\"col\">Rank<\/th><th scope=\"col\">Points<\/th>\t\t\t\t\t\t\t<\/tr>\n\t\t\t\t\t\t<\/thead>\n\t\t\t\t\t\n\t\t\t\t\t<tbody>\n\t\t\t\t\t\t<tr><td>1187326<\/td><td>jakokimoto<\/td><td>1<\/td><td>997<\/td><\/tr><tr><td>393754<\/td><td>Azulgrana97<\/td><td>2<\/td><td>958<\/td><\/tr><tr><td>472971<\/td><td>roby1985cai<\/td><td>3<\/td><td>677<\/td><\/tr><tr><td>110356845<\/td><td>IbaNez1909<\/td><td>4<\/td><td>669<\/td><\/tr><tr><td>114494311<\/td><td>Nachois21<\/td><td>5<\/td><td>652<\/td><\/tr><tr><td>8631<\/td><td>Clicli<\/td><td>6<\/td><td>611<\/td><\/tr><tr><td>1213719<\/td><td>Graciass<\/td><td>7<\/td><td>553<\/td><\/tr><tr><td>111569530<\/td><td>Naasoq<\/td><td>8<\/td><td>511<\/td><\/tr><tr><td>483657<\/td><td>angelitopalacio<\/td><td>9<\/td><td>496<\/td><\/tr><tr><td>10964031<\/td><td>Ocombo<\/td><td>10<\/td><td>492<\/td><\/tr><tr><td>114453366<\/td><td>Libisbu<\/td><td>11<\/td><td>483<\/td><\/tr><tr><td>278264<\/td><td>Ionism<\/td><td>12<\/td><td>483<\/td><\/tr><tr><td>111323749<\/td><td>roby1985cai<\/td><td>13<\/td><td>472<\/td><\/tr><tr><td>109002620<\/td><td>Claudiodvfdez52<\/td><td>14<\/td><td>471<\/td><\/tr><tr><td>587537<\/td><td>artcolors<\/td><td>15<\/td><td>435<\/td><\/tr><tr><td>ORE-compact888<\/td><td>Compact888<\/td><td>16<\/td><td>425<\/td><\/tr><tr><td>110521464<\/td><td>rositsa2673<\/td><td>17<\/td><td>421<\/td><\/tr><tr><td>113951867<\/td><td>juakini10<\/td><td>18<\/td><td>420<\/td><\/tr><tr><td>109799527<\/td><td>Marrco12<\/td><td>19<\/td><td>411<\/td><\/tr><tr><td>410844451<\/td><td>Nestor0283<\/td><td>20<\/td><td>397<\/td><\/tr><tr><td>42614<\/td><td>Tortuga33<\/td><td>21<\/td><td>385<\/td><\/tr><tr><td>500980<\/td><td>lauralluis<\/td><td>22<\/td><td>365<\/td><\/tr><tr><td>30456<\/td><td>rositahuelva<\/td><td>23<\/td><td>360<\/td><\/tr><tr><td>399428<\/td><td>Quesort<\/td><td>24<\/td><td>333<\/td><\/tr><tr><td>407950921<\/td><td>Carool21<\/td><td>25<\/td><td>316<\/td><\/tr><tr><td>1134101<\/td><td>Talio<\/td><td>26<\/td><td>304<\/td><\/tr><tr><td>112434277<\/td><td>Verdejito24<\/td><td>27<\/td><td>298<\/td><\/tr><tr><td>127837<\/td><td>Paravolar<\/td><td>28<\/td><td>294<\/td><\/tr><tr><td>309323<\/td><td>Miguelguerrero<\/td><td>29<\/td><td>290<\/td><\/tr><tr><td>1230891<\/td><td>alansito1822<\/td><td>30<\/td><td>270<\/td><\/tr><tr><td>509487<\/td><td>R00l3z<\/td><td>31<\/td><td>260<\/td><\/tr><tr><td>111588983<\/td><td>cris_capa<\/td><td>32<\/td><td>258<\/td><\/tr><tr><td>115769971<\/td><td>Franki888<\/td><td>33<\/td><td>249<\/td><\/tr><tr><td>34756<\/td><td>QUIJOTE99<\/td><td>34<\/td><td>247<\/td><\/tr><tr><td>111328098<\/td><td>Javigp10<\/td><td>35<\/td><td>241<\/td><\/tr><tr><td>1211200<\/td><td>peluches4<\/td><td>36<\/td><td>241<\/td><\/tr><tr><td>112786034<\/td><td>XJC1664<\/td><td>37<\/td><td>234<\/td><\/tr><tr><td>520707<\/td><td>Dani171<\/td><td>38<\/td><td>233<\/td><\/tr><tr><td>113555321<\/td><td>Marcossanlo<\/td><td>39<\/td><td>230<\/td><\/tr><tr><td>108449122<\/td><td>Betla2424<\/td><td>40<\/td><td>228<\/td><\/tr><tr><td>504676<\/td><td>Lulu12345<\/td><td>41<\/td><td>226<\/td><\/tr><tr><td>112896886<\/td><td>CHISPA99<\/td><td>42<\/td><td>221<\/td><\/tr><tr><td>300506<\/td><td>Foer<\/td><td>43<\/td><td>215<\/td><\/tr><tr><td>634516<\/td><td>charlie03<\/td><td>44<\/td><td>213<\/td><\/tr><tr><td>1206938<\/td><td>roby1985cai<\/td><td>45<\/td><td>208<\/td><\/tr><tr><td>278474<\/td><td>TRIANA<\/td><td>46<\/td><td>204<\/td><\/tr><tr><td>114809190<\/td><td>Raulcc13<\/td><td>47<\/td><td>200<\/td><\/tr><tr><td>290796<\/td><td>Pacore365<\/td><td>48<\/td><td>197<\/td><\/tr><tr><td>115895393<\/td><td>MikelGonzalez8<\/td><td>49<\/td><td>196<\/td><\/tr><tr><td>499680<\/td><td>Abr94hd.<\/td><td>50<\/td><td>196<\/td><\/tr><tr><td>113989501<\/td><td>Molhy81<\/td><td>51<\/td><td>189<\/td><\/tr><tr><td>108625250<\/td><td>Adria2808<\/td><td>52<\/td><td>188<\/td><\/tr><tr><td>114845557<\/td><td>najibzammar<\/td><td>53<\/td><td>187<\/td><\/tr><tr><td>487192<\/td><td>Ando1<\/td><td>54<\/td><td>185<\/td><\/tr><tr><td>114056059<\/td><td>Popegolazo<\/td><td>55<\/td><td>182<\/td><\/tr><tr><td>3112<\/td><td>hurome<\/td><td>56<\/td><td>178<\/td><\/tr><tr><td>1134095<\/td><td>Edugilcanet67<\/td><td>57<\/td><td>172<\/td><\/tr><tr><td>5.04702E+14<\/td><td>Ivana<\/td><td>58<\/td><td>170<\/td><\/tr><tr><td>110575456<\/td><td>Cabes90<\/td><td>59<\/td><td>168<\/td><\/tr><tr><td>110308199<\/td><td>Sidi10<\/td><td>60<\/td><td>168<\/td><\/tr><tr><td>3.94532E+14<\/td><td>ABDUSCAN<\/td><td>61<\/td><td>168<\/td><\/tr><tr><td>482446<\/td><td>Frqnxu12343<\/td><td>62<\/td><td>168<\/td><\/tr><tr><td>491223<\/td><td>JMorenoY59<\/td><td>63<\/td><td>168<\/td><\/tr><tr><td>114218605<\/td><td>churricotero<\/td><td>64<\/td><td>167<\/td><\/tr><tr><td>1185056<\/td><td>Vlivli<\/td><td>65<\/td><td>166<\/td><\/tr><tr><td>113181793<\/td><td>aalvrobslzz<\/td><td>66<\/td><td>162<\/td><\/tr><tr><td>112305510<\/td><td>Pcoutinho<\/td><td>67<\/td><td>162<\/td><\/tr><tr><td>114358886<\/td><td>Enmanuel0706<\/td><td>68<\/td><td>161<\/td><\/tr><tr><td>ORE-Rafitalavera<\/td><td>Guaguaa<\/td><td>69<\/td><td>160<\/td><\/tr><tr><td>1191505<\/td><td>Kikefleky<\/td><td>70<\/td><td>160<\/td><\/tr><tr><td>502133<\/td><td>Wazzosky666<\/td><td>71<\/td><td>160<\/td><\/tr><tr><td>112378465<\/td><td>Exposito18<\/td><td>72<\/td><td>158<\/td><\/tr><tr><td>507757<\/td><td>Davidmedu<\/td><td>73<\/td><td>154<\/td><\/tr><tr><td>267443<\/td><td>HyBriid<\/td><td>74<\/td><td>154<\/td><\/tr><tr><td>116047968<\/td><td>alegomesrojas<\/td><td>75<\/td><td>151<\/td><\/tr><tr><td>116336227<\/td><td>Celeste_njt<\/td><td>76<\/td><td>151<\/td><\/tr><tr><td>469246<\/td><td>Bimbalete<\/td><td>77<\/td><td>151<\/td><\/tr><tr><td>109224292<\/td><td>Valerunner73<\/td><td>78<\/td><td>149<\/td><\/tr><tr><td>516014<\/td><td>tras1401<\/td><td>79<\/td><td>148<\/td><\/tr><tr><td>110089830<\/td><td>Borja0555<\/td><td>80<\/td><td>147<\/td><\/tr><tr><td>127957<\/td><td>Miso_play<\/td><td>81<\/td><td>144<\/td><\/tr><tr><td>110190197<\/td><td>luismadrid88<\/td><td>82<\/td><td>142<\/td><\/tr><tr><td>4.09942E+14<\/td><td>Isabelalabela<\/td><td>83<\/td><td>141<\/td><\/tr><tr><td>1162881<\/td><td>corelli14<\/td><td>84<\/td><td>139<\/td><\/tr><tr><td>112184442<\/td><td>Lynserra<\/td><td>85<\/td><td>136<\/td><\/tr><tr><td>475100<\/td><td>Bandida<\/td><td>86<\/td><td>136<\/td><\/tr><tr><td>111094655<\/td><td>Aleja20<\/td><td>87<\/td><td>135<\/td><\/tr><tr><td>109496945<\/td><td>mr_monster_pvp<\/td><td>88<\/td><td>135<\/td><\/tr><tr><td>303204<\/td><td>SkrewYou<\/td><td>89<\/td><td>135<\/td><\/tr><tr><td>472136<\/td><td>Doominican_daddy<\/td><td>90<\/td><td>134<\/td><\/tr><tr><td>113932898<\/td><td>Angelrios<\/td><td>91<\/td><td>133<\/td><\/tr><tr><td>1233607<\/td><td>xelo34<\/td><td>92<\/td><td>129<\/td><\/tr><tr><td>114460513<\/td><td>Mikelhusky<\/td><td>93<\/td><td>128<\/td><\/tr><tr><td>114481278<\/td><td>Bulgaro92<\/td><td>94<\/td><td>128<\/td><\/tr><tr><td>501015<\/td><td>Ninogv<\/td><td>95<\/td><td>128<\/td><\/tr><tr><td>112176510<\/td><td>Adamlujan<\/td><td>96<\/td><td>126<\/td><\/tr><tr><td>113771391<\/td><td>Erxili<\/td><td>97<\/td><td>125<\/td><\/tr><tr><td>8.96232E+14<\/td><td>Jabal<\/td><td>98<\/td><td>125<\/td><\/tr><tr><td>1224501<\/td><td>Fanna05<\/td><td>99<\/td><td>122<\/td><\/tr><tr><td>113802101<\/td><td>deivid1983<\/td><td>100<\/td><td>121<\/td><\/tr><tr><td>114451064<\/td><td>Martin23<\/td><td>101<\/td><td>121<\/td><\/tr><tr><td>1056478<\/td><td>ilustre13<\/td><td>102<\/td><td>121<\/td><\/tr><tr><td>487210<\/td><td>Teamomuncho27<\/td><td>103<\/td><td>121<\/td><\/tr><tr><td>410149200<\/td><td>Cristianbd<\/td><td>104<\/td><td>121<\/td><\/tr><tr><td>111695460<\/td><td>Gerardo07<\/td><td>105<\/td><td>118<\/td><\/tr><tr><td>113077887<\/td><td>Edugilcanet67<\/td><td>106<\/td><td>113<\/td><\/tr><tr><td>368573<\/td><td>SalvadorGF<\/td><td>107<\/td><td>113<\/td><\/tr><tr><td>113558119<\/td><td>Alfrestre32<\/td><td>108<\/td><td>110<\/td><\/tr><tr><td>113185890<\/td><td>josuejosue29<\/td><td>109<\/td><td>109<\/td><\/tr><tr><td>114031734<\/td><td>dani_moreno7<\/td><td>110<\/td><td>108<\/td><\/tr><tr><td>108556922<\/td><td>japier<\/td><td>111<\/td><td>107<\/td><\/tr><tr><td>304878<\/td><td>xjuanjo23<\/td><td>112<\/td><td>105<\/td><\/tr><tr><td>124707<\/td><td>Chupitoclk<\/td><td>113<\/td><td>105<\/td><\/tr><tr><td>114529889<\/td><td>Burgos37<\/td><td>114<\/td><td>104<\/td><\/tr><tr><td>110857087<\/td><td>Looiss<\/td><td>115<\/td><td>104<\/td><\/tr><tr><td>124138<\/td><td>Alaba<\/td><td>116<\/td><td>104<\/td><\/tr><tr><td>2.80172E+14<\/td><td>Juan<\/td><td>117<\/td><td>104<\/td><\/tr><tr><td>108974967<\/td><td>Javii999<\/td><td>118<\/td><td>103<\/td><\/tr><tr><td>5.08062E+14<\/td><td>Xs<\/td><td>119<\/td><td>103<\/td><\/tr><tr><td>133582<\/td><td>pmarquez7<\/td><td>120<\/td><td>102<\/td><\/tr><tr><td>518487<\/td><td>victor472<\/td><td>121<\/td><td>102<\/td><\/tr><tr><td>485568<\/td><td>Leandromarcos22<\/td><td>122<\/td><td>102<\/td><\/tr><tr><td>116743523<\/td><td>Roberhdezz10<\/td><td>123<\/td><td>101<\/td><\/tr><tr><td>113972320<\/td><td>Caesar78<\/td><td>124<\/td><td>99<\/td><\/tr><tr><td>9.52752E+14<\/td><td>0000<\/td><td>125<\/td><td>99<\/td><\/tr><tr><td>485625<\/td><td>pereaperea<\/td><td>126<\/td><td>99<\/td><\/tr><tr><td>108492397<\/td><td>Jesus15<\/td><td>127<\/td><td>97<\/td><\/tr><tr><td>47288<\/td><td>raStaS<\/td><td>128<\/td><td>97<\/td><\/tr><tr><td>210633<\/td><td>sierra31<\/td><td>129<\/td><td>95<\/td><\/tr><tr><td>113591667<\/td><td>Bolilla619<\/td><td>130<\/td><td>94<\/td><\/tr><tr><td>112127587<\/td><td>Jeremy021<\/td><td>131<\/td><td>94<\/td><\/tr><tr><td>111617406<\/td><td>TROIR1<\/td><td>132<\/td><td>94<\/td><\/tr><tr><td>113636989<\/td><td>Teidoo<\/td><td>133<\/td><td>93<\/td><\/tr><tr><td>114791267<\/td><td>Emilio1313<\/td><td>134<\/td><td>93<\/td><\/tr><tr><td>517542<\/td><td>Fernanduf9<\/td><td>135<\/td><td>93<\/td><\/tr><tr><td>ORE-TUPUEDES<\/td><td>Hola<\/td><td>136<\/td><td>91<\/td><\/tr><tr><td>133538<\/td><td>Noelina<\/td><td>137<\/td><td>91<\/td><\/tr><tr><td>113805408<\/td><td>MidasElRey<\/td><td>138<\/td><td>89<\/td><\/tr><tr><td>110262887<\/td><td>Danieljl2002<\/td><td>139<\/td><td>89<\/td><\/tr><tr><td>110598240<\/td><td>antonsanjurjo<\/td><td>140<\/td><td>88<\/td><\/tr><tr><td>113769571<\/td><td>Comunas<\/td><td>141<\/td><td>87<\/td><\/tr><tr><td>13292362<\/td><td>Camacho<\/td><td>142<\/td><td>86<\/td><\/tr><tr><td>108903035<\/td><td>Asisupercross<\/td><td>143<\/td><td>86<\/td><\/tr><tr><td>113922656<\/td><td>Brayanguetto14<\/td><td>144<\/td><td>85<\/td><\/tr><tr><td>110369907<\/td><td>LAortiz92<\/td><td>145<\/td><td>85<\/td><\/tr><tr><td>1184914<\/td><td>Orialis<\/td><td>146<\/td><td>85<\/td><\/tr><tr><td>311033<\/td><td>Alonsoro1818<\/td><td>147<\/td><td>84<\/td><\/tr><tr><td>123841<\/td><td>Chemiche87<\/td><td>148<\/td><td>84<\/td><\/tr><tr><td>1141479<\/td><td>Adriibet<\/td><td>149<\/td><td>83<\/td><\/tr><tr><td>517729<\/td><td>Byjavier25<\/td><td>150<\/td><td>83<\/td><\/tr>\t\t\t\t\t<\/tbody>\n\t\t\t\t<\/table>\n\t\t\t<\/div>\n\t\t<\/div>\n\t<\/section>\n","protected":false},"excerpt":{"rendered":"","protected":false},"author":1,"featured_media":0,"parent":0,"menu_order":0,"comment_status":"closed","ping_status":"closed","template":"","meta":{"_acf_changed":false,"footnotes":""},"class_list":["post-5131","page","type-page","status-publish","hentry"],"acf":[],"_links":{"self":[{"href":"https:\/\/promo.evolution.com\/es\/wp-json\/wp\/v2\/pages\/5131","targetHints":{"allow":["GET"]}}],"collection":[{"href":"https:\/\/promo.evolution.com\/es\/wp-json\/wp\/v2\/pages"}],"about":[{"href":"https:\/\/promo.evolution.com\/es\/wp-json\/wp\/v2\/types\/page"}],"author":[{"embeddable":true,"href":"https:\/\/promo.evolution.com\/es\/wp-json\/wp\/v2\/users\/1"}],"replies":[{"embeddable":true,"href":"https:\/\/promo.evolution.com\/es\/wp-json\/wp\/v2\/comments?post=5131"}],"version-history":[{"count":12,"href":"https:\/\/promo.evolution.com\/es\/wp-json\/wp\/v2\/pages\/5131\/revisions"}],"predecessor-version":[{"id":5908,"href":"https:\/\/promo.evolution.com\/es\/wp-json\/wp\/v2\/pages\/5131\/revisions\/5908"}],"wp:attachment":[{"href":"https:\/\/promo.evolution.com\/es\/wp-json\/wp\/v2\/media?parent=5131"}],"curies":[{"name":"wp","href":"https:\/\/api.w.org\/{rel}","templated":true}]}}