{"id":39275,"date":"2026-04-21T07:29:09","date_gmt":"2026-04-21T07:29:09","guid":{"rendered":"https:\/\/promo.evolution.com\/?page_id=39275"},"modified":"2026-04-24T12:16:50","modified_gmt":"2026-04-24T12:16:50","slug":"leovegas-es-desafio-lightning","status":"publish","type":"page","link":"https:\/\/promo.evolution.com\/es\/leovegas-es-desafio-lightning\/","title":{"rendered":"LeoVegas.es &#8211; Desaf\u00edo Lightning"},"content":{"rendered":"\n<section class=\"container-fluid banner\" style=\"background-image: url('https:\/\/promo.evolution.com\/wp-content\/uploads\/2026\/04\/desafio-lightning_promotion_thumbnail_1920x1080_2026_04-1.webp')\">\n\t<div class=\"container px-0 banner-inner with-overlay\">\n\t\t<h1 class=\"banner-title\">Desaf\u00edo Lightning<\/h1><h2 class=\"banner-subtitle\">por Evolution<\/h2>\n\t\t<div class=\"table-wrapper campaign-details\">\n\t\t\t<div class=\"icon-title\">\n\t\t\t\t<img decoding=\"async\" src=\"https:\/\/promo.evolution.com\/wp-content\/themes\/evolution-promo\/assets\/img\/icon\/info.svg\">\n\t\t\t\t<h2>Informaci\u00f3n General <\/h2>\n\t\t\t<\/div>\n\n\t\t\t<table class=\"table\">\n\t\t\t\t<tbody>\n\t\t\t\t\t\t\t\t\t\t\t<tr>\n\t\t\t\t\t\t\t<th>Per\u00edodo de Promoci\u00f3n<\/th>\n\n\t\t\t\t\t\t\t<td>\n\t\t\t\t\t\t\t\t23\/04 00:00 &#8211; 24\/04 23:59\n\t\t\t\t\t\t\t\t<span class=\"timezone\">(CET \/ UTC+02:00)<\/span><\/td>\t\t\t\t\t\t\t<\/td>\n\t\t\t\t\t\t<\/tr>\n\t\t\t\t\t\t\t\t\t\t\t<tr>\n\t\t\t\t\t\t\t<th>Tipo de Promoci\u00f3n<\/th>\n\t\t\t\t\t\t\t<td>Torneo<\/td>\n\t\t\t\t\t\t<\/tr>\n\t\t\t\t\t\t\t\t\t\t\t<tr>\n\t\t\t\t\t\t\t<th>N\u00famero de Ganadores<\/th>\n\t\t\t\t\t\t\t<td>20<\/td>\n\t\t\t\t\t\t<\/tr>\n\t\t\t\t\t\t\t\t\t\t\t<tr>\n\t\t\t\t\t\t\t<th>Cantidad del Premio<\/th>\n\t\t\t\t\t\t\t<td>\u20ac3,000 Piscina de Premios por semana<\/td>\n\t\t\t\t\t\t<\/tr>\n\t\t\t\t\t\t\t\t\t\t\t<tr>\n\t\t\t\t\t\t\t<th>Juegos Participantes<\/th>\n\t\t\t\t\t\t\t<td>Ruleta Rel\u00e1mpago en Vivo  &#038;  Ruleta Rel\u00e1mpago XXXTreme<\/td>\n\t\t\t\t\t\t<\/tr>\n\t\t\t\t\t\t\t\t\t<\/tbody>\n\t\t\t<\/table>\n\t\t<\/div>\n\n\t\t<div class=\"winners-link\">\n\n\t\t\t<a href=\"#winners\">Ir a la lista de ganadores<\/a>\t\t\t\n\t\t\t\n\t\t<\/div>\n\t<\/div>\n\n\t<div class=\"custom-shape-divider-bottom-banner\">\n\t\t<svg data-name=\"Layer 1\" xmlns=\"http:\/\/www.w3.org\/2000\/svg\" viewBox=\"0 0 1200 120\" preserveAspectRatio=\"none\">\n\t\t\t<path d=\"M985.66,92.83C906.67,72,823.78,31,743.84,14.19c-82.26-17.34-168.06-16.33-250.45.39-57.84,11.73-114,31.07-172,41.86A600.21,600.21,0,0,1,0,27.35V120H1200V95.8C1132.19,118.92,1055.71,111.31,985.66,92.83Z\" class=\"shape-fill\"><\/path>\n\t\t<\/svg>\n\t<\/div>\n<\/section>\n\n\n<section class=\"container-fluid games-list\">\n\t<div class=\"container px-0 games-list-inner\">\n\t\t<div class=\"gradient-border\">\n\t\t\t<span class=\"gradient-border-inner\">\n\t\t\t\t<div class=\"icon-title\">\n\t\t\t\t\t<img decoding=\"async\" src=\"https:\/\/promo.evolution.com\/wp-content\/themes\/evolution-promo\/assets\/img\/icon\/gambling.svg\"><h3>Juegos Participantes<\/h3>\t\t\t\t<\/div>\n\t\t\t<\/span>\n\t\t<\/div>\n\t\t\n\t\t<div class=\"games-list-row\"><span>\n\t\t\t\t\t<img decoding=\"async\" class=\"game-logo\" src=\"https:\/\/promo.evolution.com\/wp-content\/uploads\/2023\/11\/ruleta_relampago_logo_2022_08-1.svg\">\n\t\t\t\t\t<small>Ruleta Rel\u00e1mpago en Vivo<\/small>\n\t\t\t\t\t<img decoding=\"async\" class=\"brand-logo\" src=\"https:\/\/promo.evolution.com\/wp-content\/uploads\/2023\/07\/evolution.svg\">\n\t\t\t\t<\/span><span>\n\t\t\t\t\t<img decoding=\"async\" class=\"game-logo\" src=\"https:\/\/promo.evolution.com\/wp-content\/uploads\/2026\/03\/xxxtreme_lightning_roulette_logo_esp_2026_01-scaled.png\">\n\t\t\t\t\t<small>Ruleta Rel\u00e1mpago XXXTreme<\/small>\n\t\t\t\t\t<img decoding=\"async\" class=\"brand-logo\" src=\"https:\/\/promo.evolution.com\/wp-content\/uploads\/2023\/07\/evolution.svg\">\n\t\t\t\t<\/span><\/div>\t<\/div>\n<\/section>\n\n\n\n<section class=\"container-fluid payouts\" id=\"payouts\">\n\t<div class=\"container px-0 payouts-inner\">\n\t\t<div class=\"table-wrapper payouts-table   bold-final-row show-message\">\n\t\t\t<div class=\"icon-title\">\n\t\t\t\t<img decoding=\"async\" src=\"https:\/\/promo.evolution.com\/wp-content\/themes\/evolution-promo\/assets\/img\/icon\/gift.svg\">\n\n\t\t\t\t<h2>Table de Pagos<\/h2>\t\t\t<\/div>\n\n\t\t\t<table class=\"table\">\n\t\t\t\t<caption>S\u00f3lo 1 premio por jugador<\/caption><thead><tr><th scope=\"col\">Puesto<\/th><th scope=\"col\">Premio<\/th><\/tr><\/thead><tbody><tr><td>1<\/td><td>\u20ac 900<\/td><\/tr><tr><td>2<\/td><td>\u20ac 600<\/td><\/tr><tr><td>3<\/td><td>\u20ac 400<\/td><\/tr><tr><td>4<\/td><td>\u20ac 250<\/td><\/tr><tr><td>5<\/td><td>\u20ac 150<\/td><\/tr><tr><td>6<\/td><td>\u20ac 120<\/td><\/tr><tr><td>7<\/td><td>\u20ac 100<\/td><\/tr><tr><td>8<\/td><td>\u20ac 90<\/td><\/tr><tr><td>9<\/td><td>\u20ac 80<\/td><\/tr><tr><td>10<\/td><td>\u20ac 70<\/td><\/tr><tr><td>11<\/td><td>\u20ac 50<\/td><\/tr><tr><td>12<\/td><td>\u20ac 40<\/td><\/tr><tr><td>13<\/td><td>\u20ac 35<\/td><\/tr><tr><td>14<\/td><td>\u20ac 30<\/td><\/tr><tr><td>15<\/td><td>\u20ac 25<\/td><\/tr><tr><td>16<\/td><td>\u20ac 20<\/td><\/tr><tr><td>17<\/td><td>\u20ac 15<\/td><\/tr><tr><td>18<\/td><td>\u20ac 10<\/td><\/tr><tr><td>19<\/td><td>\u20ac 10<\/td><\/tr><tr><td>20<\/td><td>\u20ac 5<\/td><\/tr><tr><td>TOTAL<\/td><td>\u20ac3000<\/td><\/tr><\/tbody>\t\t\t<\/table>\n\n\t\t\t<p class=\"rate-message\"><em>Tenga en cuenta que el tipo de cambio real puede variar con respecto a los valores indicados en la Tabla de Pagos.<\/em><\/p>\n\t\t<\/div>\n\t<\/div>\n<\/section>\n\n\n<section class=\"container-fluid terms-conditions\">\n\t<div class=\"custom-shape-divider-top-terms-conditions\">\n\t\t<svg data-name=\"Layer 1\" xmlns=\"http:\/\/www.w3.org\/2000\/svg\" viewBox=\"0 0 1200 120\" preserveAspectRatio=\"none\">\n\t\t\t<path d=\"M321.39,56.44c58-10.79,114.16-30.13,172-41.86,82.39-16.72,168.19-17.73,250.45-.39C823.78,31,906.67,72,985.66,92.83c70.05,18.48,146.53,26.09,214.34,3V0H0V27.35A600.21,600.21,0,0,0,321.39,56.44Z\" class=\"shape-fill\"><\/path>\n\t\t<\/svg>\n\t<\/div>\n\n\t<div class=\"container px-0 terms-conditions-inner\">\n\t\t<div class=\"gradient-border\">\n\t\t\t<span class=\"gradient-border-inner\">\n\t\t\t\t<div class=\"icon-title\">\n\t\t\t\t\t<img decoding=\"async\" src=\"https:\/\/promo.evolution.com\/wp-content\/themes\/evolution-promo\/assets\/img\/icon\/terms.svg\">\n\t\t\t\t\t<h3>T\u00e9rminos &#038; Condiciones <\/h3>\n\t\t\t\t<\/div>\n\t\t\t<\/span>\n\t\t<\/div>\n\n\t\t<div class=\"terms-conditions-content\">\n\t\t\t<p style=\"text-align: center\"><strong> Per\u00edodo Promocional:<\/strong><\/p>\n<p>La Promoci\u00f3n tiene lugar el \u00faltimo jueves y viernes de cada mes calendario. El per\u00edodo de dos d\u00edas se trata como un per\u00edodo promocional \u00fanico y combinado.<\/p>\n<p style=\"text-align: center\"><strong>Horario Diario:<\/strong><\/p>\n<p style=\"text-align: center\">Jueves: 00:01 \u2013 23:59 CET<\/p>\n<p style=\"text-align: center\">Viernes: 00:01 \u2013 23:59 CET<\/p>\n<p style=\"text-align: center\"><strong>Naturaleza de la Promoci\u00f3n:<\/strong><\/p>\n<p>Este es un torneo basado en una tabla de clasificaci\u00f3n. Las clasificaciones finales se determinan por las ganancias netas totales acumuladas de los jugadores durante el per\u00edodo promocional combinado.<\/p>\n<p style=\"text-align: center\"><span style=\"font-weight: normal !msorm\"><strong>Elegibilidad:<\/strong><\/span><\/p>\n<p>Para participar en esta promoci\u00f3n, los jugadores deben:<\/p>\n<ul>\n<li>Tener una cuenta registrada y activa en www.leovegas.es.<\/li>\n<li>Tener 18 a\u00f1os o m\u00e1s y estar ubicados f\u00edsicamente en Espa\u00f1a.<\/li>\n<li>Tener una cuenta completamente verificada (incluyendo la finalizaci\u00f3n de los procedimientos KYC cuando corresponda).<\/li>\n<li>Participar utilizando \u00fanicamente saldos de dinero real.<\/li>\n<li>Realizar una apuesta m\u00ednima calificada de <strong>1 \u20ac<\/strong> por ronda.<\/li>\n<li>Cumplir con los T\u00e9rminos y Condiciones Generales de LeoVegas.<\/li>\n<\/ul>\n<p>*LeoVegas se reserva el derecho de excluir a cualquier jugador que no cumpla con estos criterios de elegibilidad.<\/p>\n<p style=\"text-align: center\"><strong>Juegos Elegibles:<\/strong><\/p>\n<p style=\"text-align: center\">Ruleta Rel\u00e1mpago en Vivo<\/p>\n<p style=\"text-align: center\">Ruleta Rel\u00e1mpago XXXTreme<\/p>\n<p style=\"text-align: center\"><span style=\"font-weight: normal !msorm\"><strong> Mec\u00e1nica y Sistema de Puntos:<\/strong><\/span><\/p>\n<p>Los puntos de la tabla de clasificaci\u00f3n se otorgan en base a las ganancias netas totales acumuladas en los juegos elegibles durante el per\u00edodo promocional.<\/p>\n<ul>\n<li><strong>Definici\u00f3n de Ganancias Netas:<\/strong> Ganancias totales menos las apuestas totales (p\u00e9rdidas) durante el per\u00edodo promocional.<\/li>\n<li><strong>Conversi\u00f3n de Puntos:<\/strong> <strong>1 \u20ac de ganancias netas = 1 punto<\/strong>.<\/li>\n<\/ul>\n<p>Si las ganancias netas totales de un jugador resultan en un valor negativo (las p\u00e9rdidas totales superan las ganancias totales), se otorgar\u00e1n <strong>0 puntos<\/strong>. Solo las rondas de juego completamente terminadas y liquidadas contribuir\u00e1n al c\u00e1lculo de puntos. Los puntos son acumulativos en las sesiones tanto del jueves como del viernes.<\/p>\n<p style=\"text-align: center\"><strong>Desempate:<\/strong><\/p>\n<p>En caso de empate entre dos o m\u00e1s jugadores, el jugador que haya alcanzado primero la puntuaci\u00f3n empatada (basado en la marca de tiempo de la \u00faltima apuesta v\u00e1lida) se clasificar\u00e1 m\u00e1s alto.<\/p>\n<p style=\"text-align: center\"><strong>Pozo de Premios (3.000 \u20ac en Total):<\/strong><\/p>\n<p>El pozo de premios total para el per\u00edodo promocional combinado es de <strong>3.000 \u20ac<\/strong>, distribuido entre los 20 mejores jugadores de la siguiente manera:<\/p>\n<table class=\" aligncenter\" width=\"275\">\n<tbody>\n<tr>\n<td width=\"66\"><strong>Rango<\/strong><\/td>\n<td width=\"71\"><strong>Premio<\/strong><\/td>\n<\/tr>\n<tr>\n<td width=\"66\">1.\u00ba<\/td>\n<td width=\"71\">900 \u20ac<\/td>\n<\/tr>\n<tr>\n<td width=\"66\">2.\u00ba<\/td>\n<td width=\"71\">600 \u20ac<\/td>\n<\/tr>\n<tr>\n<td width=\"66\">3.\u00ba<\/td>\n<td width=\"71\">400 \u20ac<\/td>\n<\/tr>\n<tr>\n<td width=\"66\">4.\u00ba<\/td>\n<td width=\"71\">250 \u20ac<\/td>\n<\/tr>\n<tr>\n<td width=\"66\">5.\u00ba<\/td>\n<td width=\"71\">150 \u20ac<\/td>\n<\/tr>\n<\/tbody>\n<\/table>\n<table width=\"275\">\n<tbody>\n<tr>\n<td width=\"66\">6.\u00ba<\/td>\n<td width=\"71\">120 \u20ac<\/td>\n<\/tr>\n<tr>\n<td width=\"66\">7.\u00ba<\/td>\n<td width=\"71\">100 \u20ac<\/td>\n<\/tr>\n<tr>\n<td width=\"66\">8.\u00ba<\/td>\n<td width=\"71\">90 \u20ac<\/td>\n<\/tr>\n<tr>\n<td width=\"66\">9.\u00ba<\/td>\n<td width=\"71\">80 \u20ac<\/td>\n<\/tr>\n<tr>\n<td width=\"66\">10.\u00ba<\/td>\n<td width=\"71\">70 \u20ac<\/td>\n<\/tr>\n<\/tbody>\n<\/table>\n<table width=\"275\">\n<tbody>\n<tr>\n<td width=\"66\">11.\u00ba<\/td>\n<td width=\"71\">50 \u20ac<\/td>\n<\/tr>\n<tr>\n<td width=\"66\">12.\u00ba<\/td>\n<td width=\"71\">40 \u20ac<\/td>\n<\/tr>\n<tr>\n<td width=\"66\">13.\u00ba<\/td>\n<td width=\"71\">35 \u20ac<\/td>\n<\/tr>\n<tr>\n<td width=\"66\">14.\u00ba<\/td>\n<td width=\"71\">30 \u20ac<\/td>\n<\/tr>\n<tr>\n<td width=\"66\">15.\u00ba<\/td>\n<td width=\"71\">25 \u20ac<\/td>\n<\/tr>\n<\/tbody>\n<\/table>\n<table class=\" aligncenter\" width=\"275\">\n<tbody>\n<tr>\n<td width=\"66\">16.\u00ba<\/td>\n<td width=\"71\">20 \u20ac<\/td>\n<\/tr>\n<tr>\n<td width=\"66\">17.\u00ba<\/td>\n<td width=\"71\">15 \u20ac<\/td>\n<\/tr>\n<tr>\n<td width=\"66\">18.\u00ba<\/td>\n<td width=\"71\">10 \u20ac<\/td>\n<\/tr>\n<tr>\n<td width=\"66\">19.\u00ba<\/td>\n<td width=\"71\">10 \u20ac<\/td>\n<\/tr>\n<tr>\n<td width=\"66\">20.\u00ba<\/td>\n<td width=\"71\">5 \u20ac<\/td>\n<\/tr>\n<\/tbody>\n<\/table>\n<p style=\"text-align: center\"><strong>Condiciones de los Premios:<\/strong><\/p>\n<ul>\n<li>Los premios se otorgan como efectivo retirable (dinero real).<\/li>\n<li>No hay requisitos de apuesta asociados a los premios.<\/li>\n<li>Los premios se acreditar\u00e1n en las cuentas de los jugadores ganadores dentro de las <strong>72 horas<\/strong> posteriores a la conclusi\u00f3n del per\u00edodo promocional (despu\u00e9s del viernes a las 23:59 CET).<\/li>\n<li>Todos los montos de los premios est\u00e1n denominados en Euros (\u20ac).<\/li>\n<\/ul>\n<p style=\"text-align: center\"><strong>Derecho a Modificar o Cancelar:<\/strong><\/p>\n<p>LeoVegas se reserva el derecho de modificar, suspender o cancelar la promoci\u00f3n, o cualquier parte de ella, en cualquier momento y sin previo aviso.<\/p>\n<p style=\"text-align: center\"><strong>Fraude, Colusi\u00f3n y Abuso:<\/strong><\/p>\n<p>LeoVegas se reserva el derecho de excluir a los jugadores y\/o retener premios si:<\/p>\n<ul>\n<li>Se detecta evidencia de fraude o colusi\u00f3n.<\/li>\n<li>Los jugadores utilizan patrones de apuestas abusivos o irregulares.<\/li>\n<li>Ocurre cualquier incumplimiento de los T\u00e9rminos de la Promoci\u00f3n o de los T\u00e9rminos y Condiciones Generales.<\/li>\n<\/ul>\n<p>Toda la actividad de los jugadores est\u00e1 sujeta a monitoreo y revisi\u00f3n interna para garantizar el cumplimiento y el juego limpio.<\/p>\n\t\t<\/div>\n\t<\/div>\n\t\n\t<div class=\"custom-shape-divider-bottom-terms-conditions\">\n\t\t<svg data-name=\"Layer 1\" xmlns=\"http:\/\/www.w3.org\/2000\/svg\" viewBox=\"0 0 1200 120\" preserveAspectRatio=\"none\">\n\t\t\t<path d=\"M985.66,92.83C906.67,72,823.78,31,743.84,14.19c-82.26-17.34-168.06-16.33-250.45.39-57.84,11.73-114,31.07-172,41.86A600.21,600.21,0,0,1,0,27.35V120H1200V95.8C1132.19,118.92,1055.71,111.31,985.66,92.83Z\" class=\"shape-fill\"><\/path>\n\t\t<\/svg>\n\t<\/div>\n<\/section>\n\n\t<section class=\"container-fluid winners\" id=\"winners\" style=\"background-image: url('https:\/\/promo.evolution.com\/wp-content\/uploads\/2026\/04\/desafio-lightning_promotion_thumbnail_1920x1080_2026_04.webp')\">\n\t\t<div class=\"custom-shape-divider-top-winners\">\n\t\t\t<svg data-name=\"Layer 1\" xmlns=\"http:\/\/www.w3.org\/2000\/svg\" viewBox=\"0 0 1200 120\" preserveAspectRatio=\"none\">\n\t\t\t\t<path d=\"M321.39,56.44c58-10.79,114.16-30.13,172-41.86,82.39-16.72,168.19-17.73,250.45-.39C823.78,31,906.67,72,985.66,92.83c70.05,18.48,146.53,26.09,214.34,3V0H0V27.35A600.21,600.21,0,0,0,321.39,56.44Z\" class=\"shape-fill\"><\/path>\n\t\t\t<\/svg>\n\t\t<\/div>\n\n\t\t<div class=\"container px-0 winners-inner\">\n\t\t\t<div class=\"table-wrapper winners-table\">\n\t\t\t\t<div class=\"icon-title\">\n\t\t\t\t\t<img decoding=\"async\" src=\"https:\/\/promo.evolution.com\/wp-content\/themes\/evolution-promo\/assets\/img\/icon\/trophy.svg\">\n\n\t\t\t\t\t<h2>Ganadores<\/h2>\t\t\t\t<\/div>\n\n\t\t\t\t\t\t\t\t\n\t\t\t\t<table class=\"table\">\n\t\t\t\t\t\t\t\t\t\t\t<thead>\n\t\t\t\t\t\t\t<tr>\n\t\t\t\t\t\t\t\t<th scope=\"col\">Jugador<\/th><th scope=\"col\">ID<\/th><th scope=\"col\">Puntos<\/th><th scope=\"col\">Puesto<\/th>\t\t\t\t\t\t\t<\/tr>\n\t\t\t\t\t\t<\/thead>\n\t\t\t\t\t\n\t\t\t\t\t<tbody>\n\t\t\t\t\t\t<tr><td>mar<\/td><td>400420396<\/td><td>596<\/td><td>1<\/td><\/tr><tr><td>julian<\/td><td>400421482<\/td><td>468<\/td><td>2<\/td><\/tr><tr><td>puga<\/td><td>400423397<\/td><td>319<\/td><td>3<\/td><\/tr><tr><td>Berberechos<\/td><td>400367391<\/td><td>278<\/td><td>4<\/td><\/tr><tr><td>robin<\/td><td>400422484<\/td><td>217<\/td><td>5<\/td><\/tr><tr><td>Fer<\/td><td>400355872<\/td><td>190<\/td><td>6<\/td><\/tr><tr><td>Cata<\/td><td>400277768<\/td><td>125<\/td><td>7<\/td><\/tr><tr><td>KJ<\/td><td>400423400<\/td><td>119<\/td><td>8<\/td><\/tr><tr><td>maria<\/td><td>400423392<\/td><td>112<\/td><td>9<\/td><\/tr><tr><td>Patron<\/td><td>400368034<\/td><td>102<\/td><td>10<\/td><\/tr><tr><td>Dey<\/td><td>400413936<\/td><td>96<\/td><td>11<\/td><\/tr><tr><td>hhhh<\/td><td>400423401<\/td><td>91<\/td><td>12<\/td><\/tr><tr><td>kikolino34<\/td><td>400234389<\/td><td>76<\/td><td>13<\/td><\/tr><tr><td>unixx<\/td><td>400417997<\/td><td>72<\/td><td>14<\/td><\/tr><tr><td>Jose<\/td><td>400410806<\/td><td>21<\/td><td>15<\/td><\/tr><tr><td>Javibullas<\/td><td>400380906<\/td><td>18<\/td><td>16<\/td><\/tr><tr><td>Zana<\/td><td>400329098<\/td><td>15<\/td><td>17<\/td><\/tr><tr><td>plus<\/td><td>400103591<\/td><td>10<\/td><td>18<\/td><\/tr><tr><td>Jamonpata<\/td><td>400387121<\/td><td>10<\/td><td>19<\/td><\/tr><tr><td>Padilla<\/td><td>400419476<\/td><td>7<\/td><td>20<\/td><\/tr>\t\t\t\t\t<\/tbody>\n\t\t\t\t<\/table>\n\t\t\t<\/div>\n\t\t<\/div>\n\t<\/section>\n\n\n\n<p><\/p>\n","protected":false},"excerpt":{"rendered":"","protected":false},"author":24,"featured_media":0,"parent":0,"menu_order":0,"comment_status":"closed","ping_status":"closed","template":"","meta":{"_acf_changed":false,"footnotes":""},"class_list":["post-39275","page","type-page","status-publish","hentry"],"acf":[],"_links":{"self":[{"href":"https:\/\/promo.evolution.com\/es\/wp-json\/wp\/v2\/pages\/39275","targetHints":{"allow":["GET"]}}],"collection":[{"href":"https:\/\/promo.evolution.com\/es\/wp-json\/wp\/v2\/pages"}],"about":[{"href":"https:\/\/promo.evolution.com\/es\/wp-json\/wp\/v2\/types\/page"}],"author":[{"embeddable":true,"href":"https:\/\/promo.evolution.com\/es\/wp-json\/wp\/v2\/users\/24"}],"replies":[{"embeddable":true,"href":"https:\/\/promo.evolution.com\/es\/wp-json\/wp\/v2\/comments?post=39275"}],"version-history":[{"count":9,"href":"https:\/\/promo.evolution.com\/es\/wp-json\/wp\/v2\/pages\/39275\/revisions"}],"predecessor-version":[{"id":39413,"href":"https:\/\/promo.evolution.com\/es\/wp-json\/wp\/v2\/pages\/39275\/revisions\/39413"}],"wp:attachment":[{"href":"https:\/\/promo.evolution.com\/es\/wp-json\/wp\/v2\/media?parent=39275"}],"curies":[{"name":"wp","href":"https:\/\/api.w.org\/{rel}","templated":true}]}}