{"id":35029,"date":"2026-02-25T01:00:00","date_gmt":"2026-02-25T01:00:00","guid":{"rendered":"https:\/\/promo.evolution.com\/?page_id=35029"},"modified":"2026-04-07T06:31:19","modified_gmt":"2026-04-07T06:31:19","slug":"retabet-es-torneo","status":"publish","type":"page","link":"https:\/\/promo.evolution.com\/es\/retabet-es-torneo\/","title":{"rendered":"Retabet.es Torneo"},"content":{"rendered":"\n<section class=\"container-fluid banner\" style=\"background-image: url('https:\/\/promo.evolution.com\/wp-content\/themes\/evolution-promo\/assets\/img\/fallback.jpg')\">\n\t<div class=\"container px-0 banner-inner \">\n\t\t<h1 class=\"banner-title\">TORNEO &#8211; RULETA EN VIVO<\/h1><h2 class=\"banner-subtitle\">por Evolution<\/h2>\n\t\t<div class=\"table-wrapper campaign-details\">\n\t\t\t<div class=\"icon-title\">\n\t\t\t\t<img decoding=\"async\" src=\"https:\/\/promo.evolution.com\/wp-content\/themes\/evolution-promo\/assets\/img\/icon\/info.svg\">\n\t\t\t\t<h2>Informaci\u00f3n General <\/h2>\n\t\t\t<\/div>\n\n\t\t\t<table class=\"table\">\n\t\t\t\t<tbody>\n\t\t\t\t\t\t\t\t\t\t\t<tr>\n\t\t\t\t\t\t\t<th>Per\u00edodo de Promoci\u00f3n<\/th>\n\n\t\t\t\t\t\t\t<td>\n\t\t\t\t\t\t\t\t01\/04 00:00 &#8211; 06\/04 23:59\n\t\t\t\t\t\t\t\t<span class=\"timezone\">(CET \/ UTC+01:00)<\/span><\/td>\t\t\t\t\t\t\t<\/td>\n\t\t\t\t\t\t<\/tr>\n\t\t\t\t\t\t\t\t\t\t\t<tr>\n\t\t\t\t\t\t\t<th>Tipo de Promoci\u00f3n<\/th>\n\t\t\t\t\t\t\t<td>Torneo<\/td>\n\t\t\t\t\t\t<\/tr>\n\t\t\t\t\t\t\t\t\t\t\t<tr> \n\n\t\t\t\t\t\t\t<th>Fecha de anuncio de los Ganadores<\/th>\n\t\t\t\t\t\t\t<td>\n\t\t\t\t\t\t\t\t07\/04 11:00\t\t\t\t\t\t\t\t\n\t\t\t\t\t\t\t\t<span class=\"timezone\">(CET \/ UTC+01:00)<\/span><\/td>\t\t\t\t\t\t\t<\/td>\n\t\t\t\t\t\t<\/tr>\n\t\t\t\t\t\t\t\t\t\t\t<tr>\n\t\t\t\t\t\t\t<th>N\u00famero de Ganadores<\/th>\n\t\t\t\t\t\t\t<td>10<\/td>\n\t\t\t\t\t\t<\/tr>\n\t\t\t\t\t\t\t\t\t\t\t<tr>\n\t\t\t\t\t\t\t<th>Cantidad del Premio<\/th>\n\t\t\t\t\t\t\t<td>2.000 EUR<\/td>\n\t\t\t\t\t\t<\/tr>\n\t\t\t\t\t\t\t\t\t\t\t<tr>\n\t\t\t\t\t\t\t<th>Juegos Participantes<\/th>\n\t\t\t\t\t\t\t<td>Ruleta Rel\u00e1mpago En Vivo, Ruleta Rel\u00e1mpago XXXtreme, Ruleta En Vivo, Ruleta Puerta Roja En Vivo, Ruleta Bola R\u00e1pida En Vivo, Ruleta Francesa En Vivo y Ruleta Autom\u00e1tica <\/td>\n\t\t\t\t\t\t<\/tr>\n\t\t\t\t\t\t\t\t\t<\/tbody>\n\t\t\t<\/table>\n\t\t<\/div>\n\n\t\t<div class=\"winners-link\">\n\n\t\t\t<a href=\"#winners\">Ir a la lista de ganadores<\/a>\t\t\t\n\t\t\t\n\t\t<\/div>\n\t<\/div>\n\n\t<div class=\"custom-shape-divider-bottom-banner\">\n\t\t<svg data-name=\"Layer 1\" xmlns=\"http:\/\/www.w3.org\/2000\/svg\" viewBox=\"0 0 1200 120\" preserveAspectRatio=\"none\">\n\t\t\t<path d=\"M985.66,92.83C906.67,72,823.78,31,743.84,14.19c-82.26-17.34-168.06-16.33-250.45.39-57.84,11.73-114,31.07-172,41.86A600.21,600.21,0,0,1,0,27.35V120H1200V95.8C1132.19,118.92,1055.71,111.31,985.66,92.83Z\" class=\"shape-fill\"><\/path>\n\t\t<\/svg>\n\t<\/div>\n<\/section>\n\n\n<section class=\"container-fluid games-list\">\n\t<div class=\"container px-0 games-list-inner\">\n\t\t<div class=\"gradient-border\">\n\t\t\t<span class=\"gradient-border-inner\">\n\t\t\t\t<div class=\"icon-title\">\n\t\t\t\t\t<img decoding=\"async\" src=\"https:\/\/promo.evolution.com\/wp-content\/themes\/evolution-promo\/assets\/img\/icon\/gambling.svg\"><h3>Juegos Participantes<\/h3>\t\t\t\t<\/div>\n\t\t\t<\/span>\n\t\t<\/div>\n\t\t\n\t\t<div class=\"games-list-row\"><span>\n\t\t\t\t\t<img decoding=\"async\" class=\"game-logo\" src=\"https:\/\/promo.evolution.com\/wp-content\/uploads\/2024\/01\/auto_roulette_automatica_2022_07.png\">\n\t\t\t\t\t<small>Ruleta Autom\u00e1tica<\/small>\n\t\t\t\t\t<img decoding=\"async\" class=\"brand-logo\" src=\"https:\/\/promo.evolution.com\/wp-content\/uploads\/2023\/07\/evolution.svg\">\n\t\t\t\t<\/span><span>\n\t\t\t\t\t<img decoding=\"async\" class=\"game-logo\" src=\"https:\/\/promo.evolution.com\/wp-content\/uploads\/2024\/01\/ruleta_en_vivo_logo_2023_04.png\">\n\t\t\t\t\t<small>Ruleta en Vivo<\/small>\n\t\t\t\t\t<img decoding=\"async\" class=\"brand-logo\" src=\"https:\/\/promo.evolution.com\/wp-content\/uploads\/2023\/07\/evolution.svg\">\n\t\t\t\t<\/span><span>\n\t\t\t\t\t<img decoding=\"async\" class=\"game-logo\" src=\"https:\/\/promo.evolution.com\/wp-content\/uploads\/2024\/01\/ruleta_bola_rapida_en_vivo_logo_esp_2020_08.png\">\n\t\t\t\t\t<small>Ruleta Bola Rapida en Vivo<\/small>\n\t\t\t\t\t<img decoding=\"async\" class=\"brand-logo\" src=\"https:\/\/promo.evolution.com\/wp-content\/uploads\/2023\/07\/evolution.svg\">\n\t\t\t\t<\/span><span>\n\t\t\t\t\t<img decoding=\"async\" class=\"game-logo\" src=\"https:\/\/promo.evolution.com\/wp-content\/uploads\/2023\/11\/ruleta_relampago_logo_2022_08-1.svg\">\n\t\t\t\t\t<small>Ruleta Rel\u00e1mpago en Vivo<\/small>\n\t\t\t\t\t<img decoding=\"async\" class=\"brand-logo\" src=\"https:\/\/promo.evolution.com\/wp-content\/uploads\/2023\/07\/evolution.svg\">\n\t\t\t\t<\/span><span>\n\t\t\t\t\t<img decoding=\"async\" class=\"game-logo\" src=\"https:\/\/promo.evolution.com\/wp-content\/uploads\/2025\/11\/red_door_roulette_logo_esp_2025_10-scaled.png\">\n\t\t\t\t\t<small>Ruleta Puerta Roja en Vivo<\/small>\n\t\t\t\t\t<img decoding=\"async\" class=\"brand-logo\" src=\"https:\/\/promo.evolution.com\/wp-content\/uploads\/2023\/07\/evolution.svg\">\n\t\t\t\t<\/span><span>\n\t\t\t\t\t<img decoding=\"async\" class=\"game-logo\" src=\"https:\/\/promo.evolution.com\/wp-content\/uploads\/2026\/03\/xxxtreme_lightning_roulette_logo_esp_2026_01-scaled.png\">\n\t\t\t\t\t<small>Ruleta Rel\u00e1mpago XXXTreme<\/small>\n\t\t\t\t\t<img decoding=\"async\" class=\"brand-logo\" src=\"https:\/\/promo.evolution.com\/wp-content\/uploads\/2023\/07\/evolution.svg\">\n\t\t\t\t<\/span><span>\n\t\t\t\t\t<img decoding=\"async\" class=\"game-logo\" src=\"https:\/\/promo.evolution.com\/wp-content\/uploads\/2024\/01\/ruleta_en_vivo_logo_2023_04.png\">\n\t\t\t\t\t<small>Ruleta en Vivo Francesa<\/small>\n\t\t\t\t\t<img decoding=\"async\" class=\"brand-logo\" src=\"https:\/\/promo.evolution.com\/wp-content\/uploads\/2023\/07\/evolution.svg\">\n\t\t\t\t<\/span><\/div>\t<\/div>\n<\/section>\n\n\n\n<section class=\"container-fluid terms-conditions\">\n\t<div class=\"custom-shape-divider-top-terms-conditions\">\n\t\t<svg data-name=\"Layer 1\" xmlns=\"http:\/\/www.w3.org\/2000\/svg\" viewBox=\"0 0 1200 120\" preserveAspectRatio=\"none\">\n\t\t\t<path d=\"M321.39,56.44c58-10.79,114.16-30.13,172-41.86,82.39-16.72,168.19-17.73,250.45-.39C823.78,31,906.67,72,985.66,92.83c70.05,18.48,146.53,26.09,214.34,3V0H0V27.35A600.21,600.21,0,0,0,321.39,56.44Z\" class=\"shape-fill\"><\/path>\n\t\t<\/svg>\n\t<\/div>\n\n\t<div class=\"container px-0 terms-conditions-inner\">\n\t\t<div class=\"gradient-border\">\n\t\t\t<span class=\"gradient-border-inner\">\n\t\t\t\t<div class=\"icon-title\">\n\t\t\t\t\t<img decoding=\"async\" src=\"https:\/\/promo.evolution.com\/wp-content\/themes\/evolution-promo\/assets\/img\/icon\/terms.svg\">\n\t\t\t\t\t<h3>T\u00e9rminos &#038; Condiciones <\/h3>\n\t\t\t\t<\/div>\n\t\t\t<\/span>\n\t\t<\/div>\n\n\t\t<div class=\"terms-conditions-content\">\n\t\t\t<p style=\"text-align: center\"><b><u>\u00bfC\u00d3MO SE CALCULAN LOS PUNTOS?<\/u><\/b><\/p>\n<p style=\"text-align: center\">Se tendr\u00e1 en cuenta el importe jugado y ganado en cada una de las Ruletas En Vivo Seleccionadas del proveedor Evolution. Por cada euro jugado en las Ruletas Seleccionadas, se otorgar\u00e1 5 puntos, teniendo doble valor una apuesta Ruleta Rel\u00e1mpago XXXTREME. El c\u00e1lculo por tanto quedar\u00eda de la siguiente manera:<\/p>\n<p style=\"text-align: center\">&#8211; 5 puntos por euro jugado en las Ruletas Seleccionadas de Evolution (Ruleta Rel\u00e1mpago En Vivo, Ruleta Rel\u00e1mpago XXXtreme, Ruleta En Vivo, Ruleta Puerta Roja En Vivo, Ruleta Bola R\u00e1pida En Vivo, Ruleta Francesa En Vivo y Ruleta Autom\u00e1tica).<\/p>\n<p style=\"text-align: center\">&#8211; 10 puntos por cada euro jugado en la Ruleta Rel\u00e1mpago XXXtreme.<\/p>\n<p style=\"text-align: center\">&#8211; 20 puntos por apuesta premiada igual o superior a 2.000\u20ac<\/p>\n<p style=\"text-align: center\">Los puntos se actualizar\u00e1n de forma autom\u00e1tica en el momento de realizar la apuesta. El r\u00e1nking se actualizar\u00e1 entre las 14:00 y 15:00 horas de cada d\u00eda y el cliente podr\u00e1 registrar su posici\u00f3n en el siguiente enlace:\u00a0<u><a class=\"csEC5D04CA\" href=\"https:\/\/promo.evolution.com\/es\/retabet-es-torneo\/\">https:\/\/promo.evolution.com\/es\/retabet-es-torneo\/<\/a><\/u>. La informaci\u00f3n de los s\u00e1bados y domingos se podr\u00e1 registar los d\u00edas lunes. Finalizado el plazo de la promoci\u00f3n, en funci\u00f3n de la posici\u00f3n de cada cliente, los premios ser\u00e1n repartidos una vez el cliente cumpla condiciones.<\/p>\n<p style=\"text-align: center\"><b><u>T\u00c9RMINOS Y CONDICIONES DE LA PROMOCI\u00d3N \u201cTORNEO RULETA EN VIVO\u201d<\/u><\/b><\/p>\n<p style=\"text-align: center\">1.- OBJETO DE LA PROMOCI\u00d3N<\/p>\n<p style=\"text-align: center\">La empresa EKASA APUESTAS ONLINE S.A. con CIF A95774857, con domicilio social en el Parque Tecnol\u00f3gico de Zamudio, edificio 407, 1\u00aa planta en Zamudio (Bizkaia), en adelante denominada Retabet, organiza la siguiente promoci\u00f3n titulada \u201cTORNEO RULETA EN VIVO\u201d que se desarrollar\u00e1 de conformidad con lo establecido en las presentes bases.<\/p>\n<p style=\"text-align: center\">2.- CONDICIONES DE PARTICIPACI\u00d3N<\/p>\n<p style=\"text-align: center\">Esta promoci\u00f3n est\u00e1 dirigida a personas mayores de edad con residencia en Espa\u00f1a y que no se encuentren inscritas en el Registro General de Interdicciones de Acceso al Juego o registros similares que se encuentren en vigor. Adem\u00e1s, es necesario que las personas tengan una cuenta activa en la plataforma de juego online de EKASA APUESTAS ONLINE S.A. y que est\u00e9 verificada.<\/p>\n<p style=\"text-align: center\">La promoci\u00f3n, adem\u00e1s, es v\u00e1lida para clientes Retabet nuevos y elegibles que dispongan de ella en su \u00e1rea promocional.<\/p>\n<p style=\"text-align: center\">3.- \u00c1MBITO TEMPORAL DE LA PROMOCI\u00d3N<\/p>\n<p style=\"text-align: center\">La promoci\u00f3n \u201cTORNEO RULETA EN VIVO\u201d se activar\u00e1 el 01\/04\/2026 a las 00:00 horas y finalizar\u00e1 el 06\/04\/2026 a las 23:59 horas.<\/p>\n<p style=\"text-align: center\">La asignaci\u00f3n de premios se realizar\u00e1 dentro de las 48 horas finalizada la promoci\u00f3n en atenci\u00f3n a los criterios que se detallan en las presentes bases legales.<\/p>\n<p style=\"text-align: center\">4.- PREMIO<\/p>\n<p style=\"text-align: center\">Los premios se repartir\u00e1n entre las 10 primeras posiciones del Ranking de la siguiente manera:<\/p>\n<p style=\"text-align: center\">\n<p style=\"text-align: center\">1\u00ba- 500\u20ac en efectivo<\/p>\n<p style=\"text-align: center\">2\u00ba- 350\u20ac en efectivo<\/p>\n<p style=\"text-align: center\">3\u00ba- 250\u20ac en efectivo<\/p>\n<p style=\"text-align: center\">4\u00ba &#8211; 200\u20ac en efectivo<\/p>\n<p style=\"text-align: center\">5\u00ba &#8211; 160\u20ac en efectivo<\/p>\n<p style=\"text-align: center\">6\u00ba &#8211; 140\u20ac en efectivo<\/p>\n<p style=\"text-align: center\">7\u00ba &#8211; al 10\u00ba &#8211; 100\u20ac en efectivo<\/p>\n<p style=\"text-align: center\">Retabet verificar\u00e1 que los usuarios cumplen con todos los requisitos exigidos a los participantes de esta promoci\u00f3n. Verificado el cumplimiento de todas y cada una de las condiciones, Retabet proceder\u00e1 a la puesta a disposici\u00f3n del usuario del premio en las condiciones que se determinen y en atenci\u00f3n a la disponibilidad de los mismos.<\/p>\n<p style=\"text-align: center\">5.- ACEPTACI\u00d3N DEL PREMIO<\/p>\n<p style=\"text-align: center\">Los ganadores no podr\u00e1n solicitar el cambio del premio por otro equivalente, ni su equivalente econ\u00f3mico salvo lo establecido en estos t\u00e9rminos y condiciones. Retabet se reserva el derecho a cambiar en cualquier momento el premio por otro de similares caracter\u00edsticas en caso de que no pudiese disponer del mismo para su disfrute. En ning\u00fan caso ser\u00e1 responsable de los servicios que cualquier otra entidad con la que \u00e9sta colabore, preste a los ganadores como consecuencia de los premios obtenidos.<\/p>\n<p style=\"text-align: center\">6.- RESERVAS Y LIMITACIONES<\/p>\n<p style=\"text-align: center\">Retabet queda eximida de cualquier responsabilidad en el supuesto de existir alg\u00fan error en los datos facilitados por los propios agraciados que impidiera su identificaci\u00f3n. Igualmente, no se responsabilizan de las posibles p\u00e9rdidas, deterioros, robos o cualquier otra circunstancia imputable a correos que puedan afectar al env\u00edo de los premios.<\/p>\n<p style=\"text-align: center\">Retabet se reserva el derecho de emprender acciones judiciales contra aquellas personas que realicen cualquier tipo de acto susceptible de ser considerado manipulaci\u00f3n o falsificaci\u00f3n de la Promoci\u00f3n.<\/p>\n<p style=\"text-align: center\">Retabet queda excluida de cualquier responsabilidad por da\u00f1os y perjuicios de toda naturaleza que puedan deberse a la falta temporal de disponibilidad o de continuidad del funcionamiento de los servicios mediante los que se participa en la promoci\u00f3n, a la defraudaci\u00f3n de la utilidad que los usuarios hubieren podido atribuir a los mismos, y en particular, aunque no de modo exclusivo, a los fallos en el acceso a las distintas p\u00e1ginas y env\u00edos de respuestas de participaci\u00f3n a trav\u00e9s de Internet.<\/p>\n<p style=\"text-align: center\">Retabet se reserva el derecho a efectuar cambios que redunden en el buen fin de la promoci\u00f3n cuando concurra causa justa o motivos de fuerza mayor que impidan llevarla a t\u00e9rmino en la forma en que recoge este documento de t\u00e9rminos y condiciones.<\/p>\n<p style=\"text-align: center\">Retabet se reserva el derecho a aplazar o ampliar el per\u00edodo de la promoci\u00f3n, as\u00ed como la facultad de interpretar este documento de t\u00e9rminos y condiciones.<\/p>\n<p style=\"text-align: center\">Asimismo, Retabet quedar\u00e1 exenta de toda responsabilidad si concurriere alguno de los casos se\u00f1alados, o cualquier responsabilidad por los da\u00f1os y perjuicios que pudiesen ocasionarse durante el disfrute del premio.<\/p>\n\t\t<\/div>\n\t<\/div>\n\t\n\t<div class=\"custom-shape-divider-bottom-terms-conditions\">\n\t\t<svg data-name=\"Layer 1\" xmlns=\"http:\/\/www.w3.org\/2000\/svg\" viewBox=\"0 0 1200 120\" preserveAspectRatio=\"none\">\n\t\t\t<path d=\"M985.66,92.83C906.67,72,823.78,31,743.84,14.19c-82.26-17.34-168.06-16.33-250.45.39-57.84,11.73-114,31.07-172,41.86A600.21,600.21,0,0,1,0,27.35V120H1200V95.8C1132.19,118.92,1055.71,111.31,985.66,92.83Z\" class=\"shape-fill\"><\/path>\n\t\t<\/svg>\n\t<\/div>\n<\/section>\n\n\t<section class=\"container-fluid winners\" id=\"winners\" style=\"background-image: url('https:\/\/promo.evolution.com\/wp-content\/themes\/evolution-promo\/assets\/img\/fallback.jpg')\">\n\t\t<div class=\"custom-shape-divider-top-winners\">\n\t\t\t<svg data-name=\"Layer 1\" xmlns=\"http:\/\/www.w3.org\/2000\/svg\" viewBox=\"0 0 1200 120\" preserveAspectRatio=\"none\">\n\t\t\t\t<path d=\"M321.39,56.44c58-10.79,114.16-30.13,172-41.86,82.39-16.72,168.19-17.73,250.45-.39C823.78,31,906.67,72,985.66,92.83c70.05,18.48,146.53,26.09,214.34,3V0H0V27.35A600.21,600.21,0,0,0,321.39,56.44Z\" class=\"shape-fill\"><\/path>\n\t\t\t<\/svg>\n\t\t<\/div>\n\n\t\t<div class=\"container px-0 winners-inner\">\n\t\t\t<div class=\"table-wrapper winners-table\">\n\t\t\t\t<div class=\"icon-title\">\n\t\t\t\t\t<img decoding=\"async\" src=\"https:\/\/promo.evolution.com\/wp-content\/themes\/evolution-promo\/assets\/img\/icon\/trophy.svg\">\n\n\t\t\t\t\t<h2>Tabla de Clasificaci\u00f3n<\/h2>\t\t\t\t<\/div>\n\n\t\t\t\t\t\t\t\t\n\t\t\t\t<table class=\"table\">\n\t\t\t\t\t\t\t\t\t\t\t<thead>\n\t\t\t\t\t\t\t<tr>\n\t\t\t\t\t\t\t\t<th scope=\"col\">ID Jugador<\/th><th scope=\"col\">Rank<\/th><th scope=\"col\">Puntos<\/th>\t\t\t\t\t\t\t<\/tr>\n\t\t\t\t\t\t<\/thead>\n\t\t\t\t\t\n\t\t\t\t\t<tbody>\n\t\t\t\t\t\t<tr><td>2415***<\/td><td>1<\/td><td>227570<\/td><\/tr><tr><td>2371***<\/td><td>2<\/td><td>163070<\/td><\/tr><tr><td>2479***<\/td><td>3<\/td><td>45185<\/td><\/tr><tr><td>2486***<\/td><td>4<\/td><td>39840<\/td><\/tr><tr><td>2429***<\/td><td>5<\/td><td>36960<\/td><\/tr><tr><td>2083***<\/td><td>6<\/td><td>31485<\/td><\/tr><tr><td>2250***<\/td><td>7<\/td><td>31120<\/td><\/tr><tr><td>2570***<\/td><td>8<\/td><td>28285<\/td><\/tr><tr><td>1627***<\/td><td>9<\/td><td>24930<\/td><\/tr><tr><td>2178***<\/td><td>10<\/td><td>22985<\/td><\/tr>\t\t\t\t\t<\/tbody>\n\t\t\t\t<\/table>\n\t\t\t<\/div>\n\t\t<\/div>\n\t<\/section>\n","protected":false},"excerpt":{"rendered":"","protected":false},"author":12,"featured_media":0,"parent":0,"menu_order":0,"comment_status":"closed","ping_status":"closed","template":"","meta":{"_acf_changed":false,"footnotes":""},"class_list":["post-35029","page","type-page","status-publish","hentry"],"acf":[],"_links":{"self":[{"href":"https:\/\/promo.evolution.com\/es\/wp-json\/wp\/v2\/pages\/35029","targetHints":{"allow":["GET"]}}],"collection":[{"href":"https:\/\/promo.evolution.com\/es\/wp-json\/wp\/v2\/pages"}],"about":[{"href":"https:\/\/promo.evolution.com\/es\/wp-json\/wp\/v2\/types\/page"}],"author":[{"embeddable":true,"href":"https:\/\/promo.evolution.com\/es\/wp-json\/wp\/v2\/users\/12"}],"replies":[{"embeddable":true,"href":"https:\/\/promo.evolution.com\/es\/wp-json\/wp\/v2\/comments?post=35029"}],"version-history":[{"count":25,"href":"https:\/\/promo.evolution.com\/es\/wp-json\/wp\/v2\/pages\/35029\/revisions"}],"predecessor-version":[{"id":38913,"href":"https:\/\/promo.evolution.com\/es\/wp-json\/wp\/v2\/pages\/35029\/revisions\/38913"}],"wp:attachment":[{"href":"https:\/\/promo.evolution.com\/es\/wp-json\/wp\/v2\/media?parent=35029"}],"curies":[{"name":"wp","href":"https:\/\/api.w.org\/{rel}","templated":true}]}}