{"id":3087,"date":"2023-11-02T12:06:13","date_gmt":"2023-11-02T12:06:13","guid":{"rendered":"https:\/\/promo.evolution.com\/lightning_tournament_spain\/"},"modified":"2023-12-18T13:00:47","modified_gmt":"2023-12-18T13:00:47","slug":"lightning_tournament_spain","status":"publish","type":"page","link":"https:\/\/promo.evolution.com\/es\/lightning_tournament_spain\/","title":{"rendered":"Spain Lightning Promo &#8211; Nov\/Dec 2023"},"content":{"rendered":"\n<section class=\"container-fluid banner\" style=\"background-image: url('https:\/\/promo.evolution.com\/wp-content\/uploads\/2023\/09\/lightning_roulette_italia_image_2022_12_01.jpg')\">\n\t<div class=\"container px-0 banner-inner with-overlay\">\n\t\t<h1 class=\"banner-title\">Torneo de Ruleta Rel\u00e1mpago<\/h1>\n\t\t<div class=\"table-wrapper campaign-details\">\n\t\t\t<div class=\"icon-title\">\n\t\t\t\t<img decoding=\"async\" src=\"https:\/\/promo.evolution.com\/wp-content\/themes\/evolution-promo\/assets\/img\/icon\/info.svg\">\n\t\t\t\t<h2>Informaci\u00f3n General <\/h2>\n\t\t\t<\/div>\n\n\t\t\t<table class=\"table\">\n\t\t\t\t<tbody>\n\t\t\t\t\t\t\t\t\t\t\t<tr>\n\t\t\t\t\t\t\t<th>Per\u00edodo de Promoci\u00f3n<\/th>\n\n\t\t\t\t\t\t\t<td>\n\t\t\t\t\t\t\t\t20\/11 00:00 &#8211; 17\/12 23:59\n\t\t\t\t\t\t\t\t<span class=\"timezone\">(CET)<\/span><\/td>\t\t\t\t\t\t\t<\/td>\n\t\t\t\t\t\t<\/tr>\n\t\t\t\t\t\t\t\t\t\t\t<tr>\n\t\t\t\t\t\t\t<th>Tipo de Promoci\u00f3n<\/th>\n\t\t\t\t\t\t\t<td>Clasificaci\u00f3n<\/td>\n\t\t\t\t\t\t<\/tr>\n\t\t\t\t\t\t\t\t\t\t\t<tr> \n\n\t\t\t\t\t\t\t<th>Fecha de anuncio de los Ganadores<\/th>\n\t\t\t\t\t\t\t<td>\n\t\t\t\t\t\t\t\t18\/12 17:00\t\t\t\t\t\t\t\t\n\t\t\t\t\t\t\t\t<span class=\"timezone\">(CET)<\/span><\/td>\t\t\t\t\t\t\t<\/td>\n\t\t\t\t\t\t<\/tr>\n\t\t\t\t\t\t\t\t\t\t\t<tr>\n\t\t\t\t\t\t\t<th>N\u00famero de Ganadores<\/th>\n\t\t\t\t\t\t\t<td>150<\/td>\n\t\t\t\t\t\t<\/tr>\n\t\t\t\t\t\t\t\t\t\t\t<tr>\n\t\t\t\t\t\t\t<th>Cantidad del Premio<\/th>\n\t\t\t\t\t\t\t<td>\u20ac50 000 (EUR)<\/td>\n\t\t\t\t\t\t<\/tr>\n\t\t\t\t\t\t\t\t\t\t\t<tr>\n\t\t\t\t\t\t\t<th>Juegos Participantes<\/th>\n\t\t\t\t\t\t\t<td>Ruleta Rel\u00e1mpago en Vivo<\/td>\n\t\t\t\t\t\t<\/tr>\n\t\t\t\t\t\t\t\t\t<\/tbody>\n\t\t\t<\/table>\n\t\t<\/div>\n\n\t\t<div class=\"winners-link\">\n\n\t\t\t<a href=\"#winners\">Ir a la lista de ganadores<\/a>\t\t\t\n\t\t\t\n\t\t<\/div>\n\t<\/div>\n\n\t<div class=\"custom-shape-divider-bottom-banner\">\n\t\t<svg data-name=\"Layer 1\" xmlns=\"http:\/\/www.w3.org\/2000\/svg\" viewBox=\"0 0 1200 120\" preserveAspectRatio=\"none\">\n\t\t\t<path d=\"M985.66,92.83C906.67,72,823.78,31,743.84,14.19c-82.26-17.34-168.06-16.33-250.45.39-57.84,11.73-114,31.07-172,41.86A600.21,600.21,0,0,1,0,27.35V120H1200V95.8C1132.19,118.92,1055.71,111.31,985.66,92.83Z\" class=\"shape-fill\"><\/path>\n\t\t<\/svg>\n\t<\/div>\n<\/section>\n\n\n<section class=\"container-fluid games-list\">\n\t<div class=\"container px-0 games-list-inner\">\n\t\t<div class=\"gradient-border\">\n\t\t\t<span class=\"gradient-border-inner\">\n\t\t\t\t<div class=\"icon-title\">\n\t\t\t\t\t<img decoding=\"async\" src=\"https:\/\/promo.evolution.com\/wp-content\/themes\/evolution-promo\/assets\/img\/icon\/gambling.svg\"><h3>Juegos Participantes<\/h3>\t\t\t\t<\/div>\n\t\t\t<\/span>\n\t\t<\/div>\n\t\t\n\t\t<div class=\"games-list-row\"><span>\n\t\t\t\t\t<img decoding=\"async\" class=\"game-logo\" src=\"https:\/\/promo.evolution.com\/wp-content\/uploads\/2023\/11\/ruleta_relampago_en_vivo_thumbnail_1080x1080_2023_09.png\">\n\t\t\t\t\t<small>Ruleta Rel\u00e1mpago en Vivo<\/small>\n\t\t\t\t\t<img decoding=\"async\" class=\"brand-logo\" src=\"https:\/\/promo.evolution.com\/wp-content\/uploads\/2023\/07\/evolution.svg\">\n\t\t\t\t<\/span><\/div>\t<\/div>\n<\/section>\n\n\n\n<section class=\"container-fluid terms-conditions\">\n\t<div class=\"custom-shape-divider-top-terms-conditions\">\n\t\t<svg data-name=\"Layer 1\" xmlns=\"http:\/\/www.w3.org\/2000\/svg\" viewBox=\"0 0 1200 120\" preserveAspectRatio=\"none\">\n\t\t\t<path d=\"M321.39,56.44c58-10.79,114.16-30.13,172-41.86,82.39-16.72,168.19-17.73,250.45-.39C823.78,31,906.67,72,985.66,92.83c70.05,18.48,146.53,26.09,214.34,3V0H0V27.35A600.21,600.21,0,0,0,321.39,56.44Z\" class=\"shape-fill\"><\/path>\n\t\t<\/svg>\n\t<\/div>\n\n\t<div class=\"container px-0 terms-conditions-inner\">\n\t\t<div class=\"gradient-border\">\n\t\t\t<span class=\"gradient-border-inner\">\n\t\t\t\t<div class=\"icon-title\">\n\t\t\t\t\t<img decoding=\"async\" src=\"https:\/\/promo.evolution.com\/wp-content\/themes\/evolution-promo\/assets\/img\/icon\/terms.svg\">\n\t\t\t\t\t<h3>T\u00e9rminos &#038; Condiciones <\/h3>\n\t\t\t\t<\/div>\n\t\t\t<\/span>\n\t\t<\/div>\n\n\t\t<div class=\"terms-conditions-content\">\n\t\t\t<h3><strong>Normas generales<\/strong><\/h3>\n<p>Para participar en el torneo, juega en la mesa \u00abRuleta Rel\u00e1mpago en Vivo\u00bb y acumula puntos cada vez que ganes con una apuesta a pleno, con un m\u00ednimo de 0,50 euros apostados por n\u00famero. La victoria normal te dar\u00e1 1 punto y la victoria rel\u00e1mpago 15 puntos. Se pueden cubrir con apuestas el 70 % de los resultados como m\u00e1ximo por ronda de juego (26\/37 n\u00fameros).<\/p>\n<h3><strong>T\u00e9rminos y condiciones<\/strong><\/h3>\n<ul>\n<li>La promoci\u00f3n estar\u00e1 vigente desde las 00:00 CET del 20 de noviembre hasta las 23:59 CET del 17 de diciembre.<\/li>\n<li>El total de premios de la promoci\u00f3n asciende a 50 000 euros, que se repartir\u00e1n en 4 semanas distintas (\u00abSemanas de clasificaci\u00f3n\u00bb) en las que se celebrar\u00e1n 4 (cuatro) tablas de clasificaci\u00f3n distintas.<\/li>\n<li>Semana 1 (del 20 de noviembre al 26 de noviembre): 10 000 \u20ac (EUR)<\/li>\n<li>Semana 2 (del 27 de noviembre al 3 de diciembre): 10 000 \u20ac (EUR)<\/li>\n<li>Semana 3 (del 4 de diciembre al 10 de diciembre): 10 000 \u20ac (EUR)<\/li>\n<li>Semana 4 (del 11 de diciembre al 17 de diciembre): 20 000 \u20ac (EUR)<\/li>\n<li>La promoci\u00f3n se basa en el n\u00famero de veces que los participantes en la promoci\u00f3n ganan en Ruleta Rel\u00e1mpago en Vivo con apuestas a pleno (un solo n\u00famero).<\/li>\n<li>F\u00f3rmula utilizada: cada premio directo normal (30:1) otorgar\u00e1 al participante 1 punto y cada premio directo con multiplicador rel\u00e1mpago (50:1-500:1) le otorgar\u00e1 15 puntos.<\/li>\n<li>Para poder participar, el participante debe apostar un m\u00ednimo de 0,50 euros por cada n\u00famero individual.<\/li>\n<li>Se pueden cubrir con apuestas el 70% de los resultados como m\u00e1ximo por ronda de juego (26\/37 n\u00fameros), las rondas en las que se supere este porcentaje no se considerar\u00e1n v\u00e1lidas.<\/li>\n<li>Los jugadores solo pueden ganar 1 (un) premio por tabla de clasificaci\u00f3n. Los puntos de la clasificaci\u00f3n se restablecer\u00e1n despu\u00e9s de cada semana de clasificaci\u00f3n.<\/li>\n<li>Los 150 (ciento cincuenta) jugadores con m\u00e1s puntos acumulados durante cada semana de clasificaci\u00f3n recibir\u00e1n premios en met\u00e1lico.<\/li>\n<li>Los premios en met\u00e1lico se abonar\u00e1n de la siguiente manera en funci\u00f3n de la clasificaci\u00f3n final de la primera, segunda y tercera semana:<\/li>\n<\/ul>\n<ol>\n<li>1500 \u20ac, 2. 1000 \u20ac, 3. 800 \u20ac, 4. 600 \u20ac, 5. 300 \u20ac, 6.-10. 200 \u20ac, 11.-20. 150 \u20ac, 21.-30. 100 \u20ac, 31.-50. 40 \u20ac, 51.-100. 20 \u20ac, 101.-150. 10 \u20ac.<\/li>\n<\/ol>\n<ul>\n<li>Los premios en met\u00e1lico se abonar\u00e1n de la siguiente manera en funci\u00f3n de la clasificaci\u00f3n final de la cuarta semana:<\/li>\n<\/ul>\n<ol>\n<li>3000 \u20ac, 2. 2000 \u20ac, 3. 1600 \u20ac, 4. 1200 \u20ac, 5. 600 \u20ac, 6.-10. 400 \u20ac, 11.-20. 300 \u20ac, 21.-30. 200 \u20ac, 31.-50. 80 \u20ac, 51.-100. 40 \u20ac, 101.-150. 20 \u20ac.<\/li>\n<\/ol>\n<ul>\n<li>En caso de empate, cuando dos o m\u00e1s jugadores tengan el mismo n\u00famero de puntos, el jugador que haya hecho la apuesta total m\u00e1s alta ser\u00e1 el ganador, si sigue habiendo empate el jugador que haya conseguido los puntos primero ser\u00e1 el ganador.<\/li>\n<li>La tabla de clasificaci\u00f3n se actualizar\u00e1 una vez al d\u00eda de lunes a jueves antes de las 17:00 CET, los puntos obtenidos de viernes a domingo se actualizar\u00e1n el lunes siguiente.<\/li>\n<li>Para poder participar, el jugador tiene que llevar registrado m\u00e1s de 30 d\u00edas y tener una cuenta verificada.<\/li>\n<li>Para ver los t\u00e9rminos y condiciones generales visita el sitio web del casino desde el que est\u00e1s jugando.<\/li>\n<\/ul>\n\t\t<\/div>\n\t<\/div>\n\t\n\t<div class=\"custom-shape-divider-bottom-terms-conditions\">\n\t\t<svg data-name=\"Layer 1\" xmlns=\"http:\/\/www.w3.org\/2000\/svg\" viewBox=\"0 0 1200 120\" preserveAspectRatio=\"none\">\n\t\t\t<path d=\"M985.66,92.83C906.67,72,823.78,31,743.84,14.19c-82.26-17.34-168.06-16.33-250.45.39-57.84,11.73-114,31.07-172,41.86A600.21,600.21,0,0,1,0,27.35V120H1200V95.8C1132.19,118.92,1055.71,111.31,985.66,92.83Z\" class=\"shape-fill\"><\/path>\n\t\t<\/svg>\n\t<\/div>\n<\/section>\n\n\n<section class=\"container-fluid payouts\" id=\"payouts\">\n\t<div class=\"container px-0 payouts-inner\">\n\t\t<div class=\"table-wrapper payouts-table     \">\n\t\t\t<div class=\"icon-title\">\n\t\t\t\t<img decoding=\"async\" src=\"https:\/\/promo.evolution.com\/wp-content\/themes\/evolution-promo\/assets\/img\/icon\/gift.svg\">\n\n\t\t\t\t<h2>Tabla de Premios Semanas 1 a 3<\/h2>\t\t\t<\/div>\n\n\t\t\t<table class=\"table\">\n\t\t\t\t<caption><\/caption><thead><tr><th scope=\"col\">Rank<\/th><th scope=\"col\">Prize (\u20ac)<\/th><\/tr><\/thead><tbody><tr><td>1st<\/td><td>1500<\/td><\/tr><tr><td>2nd<\/td><td>1000<\/td><\/tr><tr><td>3rd<\/td><td>800<\/td><\/tr><tr><td>4th<\/td><td>600<\/td><\/tr><tr><td>5th<\/td><td>300<\/td><\/tr><tr><td>6th-10th<\/td><td>200<\/td><\/tr><tr><td>11th-20th<\/td><td>150<\/td><\/tr><tr><td>21st-30th<\/td><td>100<\/td><\/tr><tr><td>31st-50th<\/td><td>40<\/td><\/tr><tr><td>51st-100th<\/td><td>20<\/td><\/tr><tr><td>101st-150th<\/td><td>10<\/td><\/tr><\/tbody>\t\t\t<\/table>\n\n\t\t\t<p class=\"rate-message\"><em>Tenga en cuenta que el tipo de cambio real puede variar con respecto a los valores indicados en la Tabla de Pagos.<\/em><\/p>\n\t\t<\/div>\n\t<\/div>\n<\/section>\n\n\n<section class=\"container-fluid payouts\" id=\"payouts\">\n\t<div class=\"container px-0 payouts-inner\">\n\t\t<div class=\"table-wrapper payouts-table     \">\n\t\t\t<div class=\"icon-title\">\n\t\t\t\t<img decoding=\"async\" src=\"https:\/\/promo.evolution.com\/wp-content\/themes\/evolution-promo\/assets\/img\/icon\/gift.svg\">\n\n\t\t\t\t<h2>Tabla de Premios Semana 4<\/h2>\t\t\t<\/div>\n\n\t\t\t<table class=\"table\">\n\t\t\t\t<caption><\/caption><thead><tr><th scope=\"col\">Rank<\/th><th scope=\"col\">Prize (\u20ac)<\/th><\/tr><\/thead><tbody><tr><td>1st<\/td><td>3000<\/td><\/tr><tr><td>2nd<\/td><td>2000<\/td><\/tr><tr><td>3rd<\/td><td>1600<\/td><\/tr><tr><td>4th<\/td><td>1200<\/td><\/tr><tr><td>5th<\/td><td>600<\/td><\/tr><tr><td>6th-10th<\/td><td>400<\/td><\/tr><tr><td>11th-20th<\/td><td>300<\/td><\/tr><tr><td>21st-30th<\/td><td>200<\/td><\/tr><tr><td>31st-50th<\/td><td>80<\/td><\/tr><tr><td>51st-100th<\/td><td>40<\/td><\/tr><tr><td>101st-150th<\/td><td>20<\/td><\/tr><\/tbody>\t\t\t<\/table>\n\n\t\t\t<p class=\"rate-message\"><em>Tenga en cuenta que el tipo de cambio real puede variar con respecto a los valores indicados en la Tabla de Pagos.<\/em><\/p>\n\t\t<\/div>\n\t<\/div>\n<\/section>\n\n\t<section class=\"container-fluid winners\" id=\"winners\" style=\"background-image: url('https:\/\/promo.evolution.com\/wp-content\/uploads\/2023\/08\/2020_03_ruleta_relampago_33.jpg')\">\n\t\t<div class=\"custom-shape-divider-top-winners\">\n\t\t\t<svg data-name=\"Layer 1\" xmlns=\"http:\/\/www.w3.org\/2000\/svg\" viewBox=\"0 0 1200 120\" preserveAspectRatio=\"none\">\n\t\t\t\t<path d=\"M321.39,56.44c58-10.79,114.16-30.13,172-41.86,82.39-16.72,168.19-17.73,250.45-.39C823.78,31,906.67,72,985.66,92.83c70.05,18.48,146.53,26.09,214.34,3V0H0V27.35A600.21,600.21,0,0,0,321.39,56.44Z\" class=\"shape-fill\"><\/path>\n\t\t\t<\/svg>\n\t\t<\/div>\n\n\t\t<div class=\"container px-0 winners-inner\">\n\t\t\t<div class=\"table-wrapper winners-table\">\n\t\t\t\t<div class=\"icon-title\">\n\t\t\t\t\t<img decoding=\"async\" src=\"https:\/\/promo.evolution.com\/wp-content\/themes\/evolution-promo\/assets\/img\/icon\/trophy.svg\">\n\n\t\t\t\t\t<h2>Week 4 Winners<\/h2>\t\t\t\t<\/div>\n\n\t\t\t\t\t\t\t\t\n\t\t\t\t<table class=\"table\">\n\t\t\t\t\t\t\t\t\t\t\t<thead>\n\t\t\t\t\t\t\t<tr>\n\t\t\t\t\t\t\t\t<th scope=\"col\">Player ID<\/th><th scope=\"col\">Rank<\/th><th scope=\"col\">Points<\/th>\t\t\t\t\t\t\t<\/tr>\n\t\t\t\t\t\t<\/thead>\n\t\t\t\t\t\n\t\t\t\t\t<tbody>\n\t\t\t\t\t\t<tr><td>500980<\/td><td>1<\/td><td>4041<\/td><\/tr><tr><td>520355<\/td><td>2<\/td><td>2407<\/td><\/tr><tr><td>114696816<\/td><td>3<\/td><td>1064<\/td><\/tr><tr><td>513821<\/td><td>4<\/td><td>1046<\/td><\/tr><tr><td>115987576<\/td><td>5<\/td><td>854<\/td><\/tr><tr><td>472971<\/td><td>6<\/td><td>769<\/td><\/tr><tr><td>649750<\/td><td>7<\/td><td>634<\/td><\/tr><tr><td>475198<\/td><td>8<\/td><td>525<\/td><\/tr><tr><td>1110068<\/td><td>9<\/td><td>467<\/td><\/tr><tr><td>521722<\/td><td>10<\/td><td>411<\/td><\/tr><tr><td>109002620<\/td><td>11<\/td><td>376<\/td><\/tr><tr><td>555752000000000<\/td><td>12<\/td><td>357<\/td><\/tr><tr><td>113580644<\/td><td>13<\/td><td>338<\/td><\/tr><tr><td>114442080<\/td><td>14<\/td><td>335<\/td><\/tr><tr><td>498152<\/td><td>15<\/td><td>324<\/td><\/tr><tr><td>504676<\/td><td>16<\/td><td>317<\/td><\/tr><tr><td>113694841<\/td><td>17<\/td><td>315<\/td><\/tr><tr><td>113148262<\/td><td>18<\/td><td>312<\/td><\/tr><tr><td>353972000000000<\/td><td>19<\/td><td>309<\/td><\/tr><tr><td>WHO-22514YA<\/td><td>20<\/td><td>304<\/td><\/tr><tr><td>113087614<\/td><td>21<\/td><td>296<\/td><\/tr><tr><td>108838008<\/td><td>22<\/td><td>280<\/td><\/tr><tr><td>278264<\/td><td>23<\/td><td>275<\/td><\/tr><tr><td>514876<\/td><td>24<\/td><td>274<\/td><\/tr><tr><td>523210<\/td><td>25<\/td><td>271<\/td><\/tr><tr><td>113031782<\/td><td>26<\/td><td>262<\/td><\/tr><tr><td>112466019<\/td><td>27<\/td><td>259<\/td><\/tr><tr><td>116161906<\/td><td>28<\/td><td>258<\/td><\/tr><tr><td>115182432<\/td><td>29<\/td><td>247<\/td><\/tr><tr><td>112339558<\/td><td>30<\/td><td>247<\/td><\/tr><tr><td>111323749<\/td><td>31<\/td><td>247<\/td><\/tr><tr><td>115097696<\/td><td>32<\/td><td>245<\/td><\/tr><tr><td>256094<\/td><td>33<\/td><td>241<\/td><\/tr><tr><td>1153278<\/td><td>34<\/td><td>234<\/td><\/tr><tr><td>111133281<\/td><td>35<\/td><td>222<\/td><\/tr><tr><td>514345<\/td><td>36<\/td><td>218<\/td><\/tr><tr><td>434945<\/td><td>37<\/td><td>213<\/td><\/tr><tr><td>502133<\/td><td>38<\/td><td>212<\/td><\/tr><tr><td>124819<\/td><td>39<\/td><td>207<\/td><\/tr><tr><td>babe7c0b9a18802d<\/td><td>40<\/td><td>203<\/td><\/tr><tr><td>115539046<\/td><td>41<\/td><td>200<\/td><\/tr><tr><td>116276347<\/td><td>42<\/td><td>192<\/td><\/tr><tr><td>309323<\/td><td>43<\/td><td>192<\/td><\/tr><tr><td>484334<\/td><td>44<\/td><td>185<\/td><\/tr><tr><td>30456<\/td><td>45<\/td><td>175<\/td><\/tr><tr><td>115328355<\/td><td>46<\/td><td>174<\/td><\/tr><tr><td>111403623<\/td><td>47<\/td><td>173<\/td><\/tr><tr><td>113665397<\/td><td>48<\/td><td>172<\/td><\/tr><tr><td>109279840<\/td><td>49<\/td><td>165<\/td><\/tr><tr><td>109307762<\/td><td>50<\/td><td>163<\/td><\/tr><tr><td>115045729<\/td><td>51<\/td><td>158<\/td><\/tr><tr><td>1152863<\/td><td>52<\/td><td>158<\/td><\/tr><tr><td>113629797<\/td><td>53<\/td><td>156<\/td><\/tr><tr><td>113644669<\/td><td>54<\/td><td>155<\/td><\/tr><tr><td>510958<\/td><td>55<\/td><td>151<\/td><\/tr><tr><td>1197104<\/td><td>56<\/td><td>150<\/td><\/tr><tr><td>583755<\/td><td>57<\/td><td>148<\/td><\/tr><tr><td>109613159<\/td><td>58<\/td><td>147<\/td><\/tr><tr><td>115936096<\/td><td>59<\/td><td>145<\/td><\/tr><tr><td>644225<\/td><td>60<\/td><td>145<\/td><\/tr><tr><td>109756513<\/td><td>61<\/td><td>145<\/td><\/tr><tr><td>108571747<\/td><td>62<\/td><td>143<\/td><\/tr><tr><td>116498016<\/td><td>63<\/td><td>139<\/td><\/tr><tr><td>116432252<\/td><td>64<\/td><td>135<\/td><\/tr><tr><td>125877<\/td><td>65<\/td><td>135<\/td><\/tr><tr><td>153612000000000<\/td><td>66<\/td><td>135<\/td><\/tr><tr><td>114012513<\/td><td>67<\/td><td>134<\/td><\/tr><tr><td>109814112<\/td><td>68<\/td><td>134<\/td><\/tr><tr><td>1151249<\/td><td>69<\/td><td>134<\/td><\/tr><tr><td>109289075<\/td><td>70<\/td><td>133<\/td><\/tr><tr><td>519851<\/td><td>71<\/td><td>133<\/td><\/tr><tr><td>112386679<\/td><td>72<\/td><td>132<\/td><\/tr><tr><td>115663460<\/td><td>73<\/td><td>132<\/td><\/tr><tr><td>1142615<\/td><td>74<\/td><td>128<\/td><\/tr><tr><td>b95ac11e2af440be<\/td><td>75<\/td><td>126<\/td><\/tr><tr><td>113055346<\/td><td>76<\/td><td>124<\/td><\/tr><tr><td>770322000000000<\/td><td>77<\/td><td>123<\/td><\/tr><tr><td>267443<\/td><td>78<\/td><td>123<\/td><\/tr><tr><td>516014<\/td><td>79<\/td><td>122<\/td><\/tr><tr><td>477534<\/td><td>80<\/td><td>121<\/td><\/tr><tr><td>115321203<\/td><td>81<\/td><td>119<\/td><\/tr><tr><td>113620578<\/td><td>82<\/td><td>117<\/td><\/tr><tr><td>220504<\/td><td>83<\/td><td>117<\/td><\/tr><tr><td>309300<\/td><td>84<\/td><td>116<\/td><\/tr><tr><td>296920<\/td><td>85<\/td><td>113<\/td><\/tr><tr><td>108655970<\/td><td>86<\/td><td>112<\/td><\/tr><tr><td>521092<\/td><td>87<\/td><td>112<\/td><\/tr><tr><td>1224689<\/td><td>88<\/td><td>111<\/td><\/tr><tr><td>606055<\/td><td>89<\/td><td>111<\/td><\/tr><tr><td>1226361<\/td><td>90<\/td><td>110<\/td><\/tr><tr><td>306882<\/td><td>91<\/td><td>108<\/td><\/tr><tr><td>1163848<\/td><td>92<\/td><td>107<\/td><\/tr><tr><td>110600033<\/td><td>93<\/td><td>106<\/td><\/tr><tr><td>2bb947604e0f700a<\/td><td>94<\/td><td>105<\/td><\/tr><tr><td>114810979<\/td><td>95<\/td><td>104<\/td><\/tr><tr><td>71019<\/td><td>96<\/td><td>103<\/td><\/tr><tr><td>113779570<\/td><td>97<\/td><td>101<\/td><\/tr><tr><td>110294901<\/td><td>98<\/td><td>100<\/td><\/tr><tr><td>437958<\/td><td>99<\/td><td>99<\/td><\/tr><tr><td>497676<\/td><td>100<\/td><td>99<\/td><\/tr><tr><td>664966<\/td><td>101<\/td><td>98<\/td><\/tr><tr><td>37368<\/td><td>102<\/td><td>98<\/td><\/tr><tr><td>928<\/td><td>103<\/td><td>98<\/td><\/tr><tr><td>113669244<\/td><td>104<\/td><td>97<\/td><\/tr><tr><td>115948130<\/td><td>105<\/td><td>97<\/td><\/tr><tr><td>ORE-CHETODARK<\/td><td>106<\/td><td>97<\/td><\/tr><tr><td>110575456<\/td><td>107<\/td><td>97<\/td><\/tr><tr><td>365738<\/td><td>108<\/td><td>96<\/td><\/tr><tr><td>495607<\/td><td>109<\/td><td>96<\/td><\/tr><tr><td>114451064<\/td><td>110<\/td><td>93<\/td><\/tr><tr><td>65057<\/td><td>111<\/td><td>93<\/td><\/tr><tr><td>ORE-Ferandy31<\/td><td>112<\/td><td>93<\/td><\/tr><tr><td>125398<\/td><td>113<\/td><td>92<\/td><\/tr><tr><td>111537505<\/td><td>114<\/td><td>91<\/td><\/tr><tr><td>110435173<\/td><td>115<\/td><td>90<\/td><\/tr><tr><td>WHO-26083XB<\/td><td>116<\/td><td>89<\/td><\/tr><tr><td>109943423<\/td><td>117<\/td><td>88<\/td><\/tr><tr><td>114635874<\/td><td>118<\/td><td>87<\/td><\/tr><tr><td>658508<\/td><td>119<\/td><td>86<\/td><\/tr><tr><td>1201305<\/td><td>120<\/td><td>86<\/td><\/tr><tr><td>110923632<\/td><td>121<\/td><td>85<\/td><\/tr><tr><td>ORE-SGUTI2<\/td><td>122<\/td><td>84<\/td><\/tr><tr><td>112976499<\/td><td>123<\/td><td>84<\/td><\/tr><tr><td>80465<\/td><td>124<\/td><td>83<\/td><\/tr><tr><td>110594406<\/td><td>125<\/td><td>82<\/td><\/tr><tr><td>112658784<\/td><td>126<\/td><td>82<\/td><\/tr><tr><td>1224281<\/td><td>127<\/td><td>82<\/td><\/tr><tr><td>1225569<\/td><td>128<\/td><td>81<\/td><\/tr><tr><td>110339197<\/td><td>129<\/td><td>80<\/td><\/tr><tr><td>298965<\/td><td>130<\/td><td>80<\/td><\/tr><tr><td>648594<\/td><td>131<\/td><td>78<\/td><\/tr><tr><td>751c099b891c30f7<\/td><td>132<\/td><td>78<\/td><\/tr><tr><td>109119334<\/td><td>133<\/td><td>78<\/td><\/tr><tr><td>440169<\/td><td>134<\/td><td>77<\/td><\/tr><tr><td>113989501<\/td><td>135<\/td><td>76<\/td><\/tr><tr><td>410566261<\/td><td>136<\/td><td>73<\/td><\/tr><tr><td>395944<\/td><td>137<\/td><td>70<\/td><\/tr><tr><td>504817<\/td><td>138<\/td><td>70<\/td><\/tr><tr><td>410007216<\/td><td>139<\/td><td>70<\/td><\/tr><tr><td>111862385<\/td><td>140<\/td><td>69<\/td><\/tr><tr><td>64333<\/td><td>141<\/td><td>66<\/td><\/tr><tr><td>112449634<\/td><td>142<\/td><td>65<\/td><\/tr><tr><td>115885435<\/td><td>143<\/td><td>65<\/td><\/tr><tr><td>819442000000000<\/td><td>144<\/td><td>65<\/td><\/tr><tr><td>109224292<\/td><td>145<\/td><td>64<\/td><\/tr><tr><td>WHO-21572EL<\/td><td>146<\/td><td>64<\/td><\/tr><tr><td>418097<\/td><td>147<\/td><td>63<\/td><\/tr><tr><td>1212616<\/td><td>148<\/td><td>63<\/td><\/tr><tr><td>113572454<\/td><td>149<\/td><td>63<\/td><\/tr><tr><td>110436962<\/td><td>150<\/td><td>63<\/td><\/tr>\t\t\t\t\t<\/tbody>\n\t\t\t\t<\/table>\n\t\t\t<\/div>\n\t\t<\/div>\n\t<\/section>\n","protected":false},"excerpt":{"rendered":"","protected":false},"author":1,"featured_media":0,"parent":0,"menu_order":0,"comment_status":"closed","ping_status":"closed","template":"","meta":{"_acf_changed":false,"footnotes":""},"class_list":["post-3087","page","type-page","status-publish","hentry"],"acf":[],"_links":{"self":[{"href":"https:\/\/promo.evolution.com\/es\/wp-json\/wp\/v2\/pages\/3087","targetHints":{"allow":["GET"]}}],"collection":[{"href":"https:\/\/promo.evolution.com\/es\/wp-json\/wp\/v2\/pages"}],"about":[{"href":"https:\/\/promo.evolution.com\/es\/wp-json\/wp\/v2\/types\/page"}],"author":[{"embeddable":true,"href":"https:\/\/promo.evolution.com\/es\/wp-json\/wp\/v2\/users\/1"}],"replies":[{"embeddable":true,"href":"https:\/\/promo.evolution.com\/es\/wp-json\/wp\/v2\/comments?post=3087"}],"version-history":[{"count":55,"href":"https:\/\/promo.evolution.com\/es\/wp-json\/wp\/v2\/pages\/3087\/revisions"}],"predecessor-version":[{"id":4454,"href":"https:\/\/promo.evolution.com\/es\/wp-json\/wp\/v2\/pages\/3087\/revisions\/4454"}],"wp:attachment":[{"href":"https:\/\/promo.evolution.com\/es\/wp-json\/wp\/v2\/media?parent=3087"}],"curies":[{"name":"wp","href":"https:\/\/api.w.org\/{rel}","templated":true}]}}