{"id":20233,"date":"2025-02-19T10:44:15","date_gmt":"2025-02-19T10:44:15","guid":{"rendered":"https:\/\/promo.evolution.com\/?page_id=20233"},"modified":"2026-03-09T09:20:52","modified_gmt":"2026-03-09T09:20:52","slug":"ruletas-de-la-semana","status":"publish","type":"page","link":"https:\/\/promo.evolution.com\/es\/ruletas-de-la-semana\/","title":{"rendered":"Spanish Network (March-March 2026) ES"},"content":{"rendered":"\n<section class=\"container-fluid banner\" style=\"background-image: url('https:\/\/promo.evolution.com\/wp-content\/themes\/evolution-promo\/assets\/img\/fallback.jpg')\">\n\t<div class=\"container px-0 banner-inner \">\n\t\t<h1 class=\"banner-title\">Ruletas de la Semana<\/h1><h2 class=\"banner-subtitle\">de Evolution<\/h2>\n\t\t<div class=\"table-wrapper campaign-details\">\n\t\t\t<div class=\"icon-title\">\n\t\t\t\t<img decoding=\"async\" src=\"https:\/\/promo.evolution.com\/wp-content\/themes\/evolution-promo\/assets\/img\/icon\/info.svg\">\n\t\t\t\t<h2>Informaci\u00f3n General <\/h2>\n\t\t\t<\/div>\n\n\t\t\t<table class=\"table\">\n\t\t\t\t<tbody>\n\t\t\t\t\t\t\t\t\t\t\t<tr>\n\t\t\t\t\t\t\t<th>Per\u00edodo de Promoci\u00f3n<\/th>\n\n\t\t\t\t\t\t\t<td>\n\t\t\t\t\t\t\t\t01\/03 00:00 &#8211; 08\/03 23:59\n\t\t\t\t\t\t\t\t<span class=\"timezone\">(CET \/ UTC+01:00)<\/span><\/td>\t\t\t\t\t\t\t<\/td>\n\t\t\t\t\t\t<\/tr>\n\t\t\t\t\t\t\t\t\t\t\t<tr>\n\t\t\t\t\t\t\t<th>Tipo de Promoci\u00f3n<\/th>\n\t\t\t\t\t\t\t<td>Tabla de Posiciones<\/td>\n\t\t\t\t\t\t<\/tr>\n\t\t\t\t\t\t\t\t\t\t\t<tr> \n\n\t\t\t\t\t\t\t<th>Fecha de anuncio de los Ganadores<\/th>\n\t\t\t\t\t\t\t<td>\n\t\t\t\t\t\t\t\t09\/03 10:00\t\t\t\t\t\t\t\t\n\t\t\t\t\t\t\t\t<span class=\"timezone\">(CET \/ UTC+01:00)<\/span><\/td>\t\t\t\t\t\t\t<\/td>\n\t\t\t\t\t\t<\/tr>\n\t\t\t\t\t\t\t\t\t\t\t<tr>\n\t\t\t\t\t\t\t<th>N\u00famero de Ganadores<\/th>\n\t\t\t\t\t\t\t<td>20<\/td>\n\t\t\t\t\t\t<\/tr>\n\t\t\t\t\t\t\t\t\t\t\t<tr>\n\t\t\t\t\t\t\t<th>Cantidad del Premio<\/th>\n\t\t\t\t\t\t\t<td>Bote de \u20ac10,000 semanal<\/td>\n\t\t\t\t\t\t<\/tr>\n\t\t\t\t\t\t\t\t\t\t\t<tr>\n\t\t\t\t\t\t\t<th>Juegos Participantes<\/th>\n\t\t\t\t\t\t\t<td>Ruleta en Vivo, Ruleta Rel\u00e1mpago en Vivo, Ruleta Autom\u00e1tica, Ruleta Bola Rapida en Vivo, Ruleta Puerta Roja en Vivo.<\/td>\n\t\t\t\t\t\t<\/tr>\n\t\t\t\t\t\t\t\t\t<\/tbody>\n\t\t\t<\/table>\n\t\t<\/div>\n\n\t\t<div class=\"winners-link\">\n\n\t\t\t<a href=\"#winners\">Ir a la lista de ganadores<\/a>\t\t\t\n\t\t\t\n\t\t<\/div>\n\t<\/div>\n\n\t<div class=\"custom-shape-divider-bottom-banner\">\n\t\t<svg data-name=\"Layer 1\" xmlns=\"http:\/\/www.w3.org\/2000\/svg\" viewBox=\"0 0 1200 120\" preserveAspectRatio=\"none\">\n\t\t\t<path d=\"M985.66,92.83C906.67,72,823.78,31,743.84,14.19c-82.26-17.34-168.06-16.33-250.45.39-57.84,11.73-114,31.07-172,41.86A600.21,600.21,0,0,1,0,27.35V120H1200V95.8C1132.19,118.92,1055.71,111.31,985.66,92.83Z\" class=\"shape-fill\"><\/path>\n\t\t<\/svg>\n\t<\/div>\n<\/section>\n\n\n<section class=\"container-fluid games-list\">\n\t<div class=\"container px-0 games-list-inner\">\n\t\t<div class=\"gradient-border\">\n\t\t\t<span class=\"gradient-border-inner\">\n\t\t\t\t<div class=\"icon-title\">\n\t\t\t\t\t<img decoding=\"async\" src=\"https:\/\/promo.evolution.com\/wp-content\/themes\/evolution-promo\/assets\/img\/icon\/gambling.svg\"><h3>Juegos Participantes<\/h3>\t\t\t\t<\/div>\n\t\t\t<\/span>\n\t\t<\/div>\n\t\t\n\t\t<div class=\"games-list-row\"><span>\n\t\t\t\t\t<img decoding=\"async\" class=\"game-logo\" src=\"https:\/\/promo.evolution.com\/wp-content\/uploads\/2024\/01\/auto_roulette_automatica_2022_07.png\">\n\t\t\t\t\t<small>Ruleta Autom\u00e1tica<\/small>\n\t\t\t\t\t<img decoding=\"async\" class=\"brand-logo\" src=\"https:\/\/promo.evolution.com\/wp-content\/uploads\/2023\/07\/evolution.svg\">\n\t\t\t\t<\/span><span>\n\t\t\t\t\t<img decoding=\"async\" class=\"game-logo\" src=\"https:\/\/promo.evolution.com\/wp-content\/uploads\/2023\/11\/ruleta_relampago_logo_2022_08-1.svg\">\n\t\t\t\t\t<small>Ruleta Rel\u00e1mpago en Vivo<\/small>\n\t\t\t\t\t<img decoding=\"async\" class=\"brand-logo\" src=\"https:\/\/promo.evolution.com\/wp-content\/uploads\/2023\/07\/evolution.svg\">\n\t\t\t\t<\/span><span>\n\t\t\t\t\t<img decoding=\"async\" class=\"game-logo\" src=\"https:\/\/promo.evolution.com\/wp-content\/uploads\/2024\/01\/ruleta_en_vivo_logo_2023_04.png\">\n\t\t\t\t\t<small>Ruleta en Vivo<\/small>\n\t\t\t\t\t<img decoding=\"async\" class=\"brand-logo\" src=\"https:\/\/promo.evolution.com\/wp-content\/uploads\/2023\/07\/evolution.svg\">\n\t\t\t\t<\/span><span>\n\t\t\t\t\t<img decoding=\"async\" class=\"game-logo\" src=\"https:\/\/promo.evolution.com\/wp-content\/uploads\/2024\/01\/ruleta_bola_rapida_en_vivo_logo_esp_2020_08.png\">\n\t\t\t\t\t<small>Ruleta Bola Rapida en Vivo<\/small>\n\t\t\t\t\t<img decoding=\"async\" class=\"brand-logo\" src=\"https:\/\/promo.evolution.com\/wp-content\/uploads\/2023\/07\/evolution.svg\">\n\t\t\t\t<\/span><span>\n\t\t\t\t\t<img decoding=\"async\" class=\"game-logo\" src=\"https:\/\/promo.evolution.com\/wp-content\/uploads\/2025\/11\/red_door_roulette_logo_esp_2025_10-scaled.png\">\n\t\t\t\t\t<small>Ruleta Puerta Roja en Vivo<\/small>\n\t\t\t\t\t<img decoding=\"async\" class=\"brand-logo\" src=\"https:\/\/promo.evolution.com\/wp-content\/uploads\/2023\/07\/evolution.svg\">\n\t\t\t\t<\/span><\/div>\t<\/div>\n<\/section>\n\n\n\n<section class=\"container-fluid terms-conditions\">\n\t<div class=\"custom-shape-divider-top-terms-conditions\">\n\t\t<svg data-name=\"Layer 1\" xmlns=\"http:\/\/www.w3.org\/2000\/svg\" viewBox=\"0 0 1200 120\" preserveAspectRatio=\"none\">\n\t\t\t<path d=\"M321.39,56.44c58-10.79,114.16-30.13,172-41.86,82.39-16.72,168.19-17.73,250.45-.39C823.78,31,906.67,72,985.66,92.83c70.05,18.48,146.53,26.09,214.34,3V0H0V27.35A600.21,600.21,0,0,0,321.39,56.44Z\" class=\"shape-fill\"><\/path>\n\t\t<\/svg>\n\t<\/div>\n\n\t<div class=\"container px-0 terms-conditions-inner\">\n\t\t<div class=\"gradient-border\">\n\t\t\t<span class=\"gradient-border-inner\">\n\t\t\t\t<div class=\"icon-title\">\n\t\t\t\t\t<img decoding=\"async\" src=\"https:\/\/promo.evolution.com\/wp-content\/themes\/evolution-promo\/assets\/img\/icon\/terms.svg\">\n\t\t\t\t\t<h3>T\u00e9rminos &#038; Condiciones <\/h3>\n\t\t\t\t<\/div>\n\t\t\t<\/span>\n\t\t<\/div>\n\n\t\t<div class=\"terms-conditions-content\">\n\t\t\t<p style=\"text-align: center\"><span style=\"font-weight: normal !msorm\"><strong>General<\/strong><\/span><\/p>\n<p>Esta campa\u00f1a promocional denominada Ruletas de la Semana (\u00abCampa\u00f1a\u00bb) est\u00e1 operada por Evolution (y\/o por empresas del Grupo Evolution). La participaci\u00f3n en la Campa\u00f1a est\u00e1 condicionada a que los casinos\/operadores (\u00abUsted\u00bb\/\u00abSu\u00bb) se adhieran a dicha campa\u00f1a. En la medida en que sea aplicable, los proveedores de plataformas se asegurar\u00e1n de que todos los Socios\/Sublicenciatarios aprobados se adhieran a la Campa\u00f1a.<\/p>\n<p style=\"text-align: center\">\u00a0<span style=\"font-weight: normal !msorm\"><strong>Duraci\u00f3n de la campa\u00f1a<\/strong><\/span><\/p>\n<p>La Campa\u00f1a se desarrollar\u00e1 desde el 1 de marzo de 2025 a las 00:00 CET hasta el 8 de marzo de 2026 a las 23:59 CET (\u00abPlazo de la Campa\u00f1a\u00bb) y se dividir\u00e1 en campa\u00f1as semanales.<\/p>\n<p style=\"text-align: center\"><span style=\"font-weight: normal !msorm\"><strong>Juego(s) elegible(s)<\/strong><\/span><\/p>\n<ul>\n<li>Ruleta en vivo<\/li>\n<li>Ruleta Rel\u00e1mpago en Vivo<\/li>\n<li>Ruleta Autom\u00e1tica<\/li>\n<li>Ruleta Bola Rapida en vivo<\/li>\n<li>Ruleta Puerta Roja en Vivo<\/li>\n<\/ul>\n<p style=\"text-align: center\"><span style=\"font-weight: normal !msorm\"><strong>\u00a0\u00a0\u00a0\u00a0 \u00bfEn qu\u00e9 consiste la Campa\u00f1a?<\/strong><\/span><\/p>\n<p>Juegos de la Campa\u00f1a recibir\u00e1n puntos de la siguiente manera:<\/p>\n<p>&#8211; victoria en 1 apuesta directa = jugador premiado con 10 puntos<\/p>\n<p>&#8211; victoria en 1 apuesta simple rel\u00e1mpago = jugador premiado con 50 puntos<\/p>\n<p>Los 20 mejores jugadores por semana durante el periodo de la Campa\u00f1a se repartir\u00e1n una bolsa de premios de 10.000 euros por semana, tal y como se indica a continuaci\u00f3n.<\/p>\n<p style=\"text-align: center\"><span style=\"font-weight: normal !msorm\"><strong>Premios\u00a0 <\/strong><\/span><\/p>\n<p>La bolsa de premios total para toda la Campa\u00f1a es de 130.000 euros (o su equivalente en todas las monedas admitidas). Los 20 primeros ganadores se repartir\u00e1n una bolsa total de premios de 10.000 euros (o su equivalente en todas las monedas admitidas) por semana de la Campa\u00f1a.<\/p>\n<p style=\"text-align: center\"><span style=\"font-weight: normal !msorm\"><strong>Anuncio de los ganadores\u00a0 <\/strong><\/span><\/p>\n<p>La lista de ganadores se anunciar\u00e1 al d\u00eda siguiente de cada semana correspondiente a la promoci\u00f3n.<\/p>\n<p style=\"text-align: center\"><span style=\"font-weight: normal !msorm\"><strong>Otros t\u00e9rminos y condiciones<\/strong><\/span><\/p>\n<p>Las siguientes condiciones generales se aplicar\u00e1n a la Campa\u00f1a:<\/p>\n<ol>\n<li>Evolution (actuando razonablemente y de buena fe) se reserva el derecho a modificar estas Condiciones Generales en cualquier momento.<\/li>\n<li>Usted se asegurar\u00e1 de que la Campa\u00f1a se lleve a cabo de conformidad con las Leyes Aplicables de aquellos mercados en los que Usted ofrezca la Campa\u00f1a. Evolution quedar\u00e1 exenta de cualquier responsabilidad o p\u00e9rdida de cualquier naturaleza derivada de su incumplimiento.<\/li>\n<li>Evolution se reserva el derecho a someter la obtenci\u00f3n de cualquier recompensa a los\u00a0\u00a0 procesos de verificaci\u00f3n razonables (incluidas pero no limitadas a, la verificaci\u00f3n de la edad y la verificaci\u00f3n de la geolocalizaci\u00f3n) que Evolution (actuando razonablemente y de buena fe) pueda, de vez en cuando, solicitar por escrito (se permite el correo electr\u00f3nico).<\/li>\n<li>Evolution renuncia hasta el l\u00edmite m\u00e1ximo permitido por la legislaci\u00f3n aplicable, a todas las garant\u00edas, ya sean expresas o impl\u00edcitas, incluidas (pero sin limitarse a ellas) las garant\u00edas impl\u00edcitas de comerciabilidad e idoneidad para un fin determinado y\/o mercados\/jurisdicciones con respecto a la Campa\u00f1a. La oferta de la Campa\u00f1a que se le hace a Usted est\u00e1 totalmente condicionada y sujeta a que Usted sea el \u00fanico responsable de garantizar que la Campa\u00f1a s\u00f3lo se ofrezca a usuarios finales en aquellos mercados\/jurisdicciones en los que sea legal hacerlo y\/o de acuerdo con las licencias aplicables de las que Usted sea titular. En consecuencia, Usted se asegurar\u00e1 de que la Campa\u00f1a s\u00f3lo se utilice donde sea legal hacerlo y, siempre que sea legal, expresamente conforme a las Leyes Aplicables. Evolution (y las entidades de su Grupo) quedar\u00e1n exentas de toda responsabilidad o p\u00e9rdida de cualquier naturaleza derivada de su incumplimiento.<\/li>\n<li>Evolution se reserva el derecho de cambiar\/modificar el\/los Juego(s) de la Campa\u00f1a a su discreci\u00f3n.<\/li>\n<li>Evolution se reserva el derecho a modificar, suspender o finalizar la campa\u00f1a y\/o cualquiera de sus componentes en cualquier momento con efecto inmediato mediante notificaci\u00f3n por escrito (correo electr\u00f3nico permitido).<\/li>\n<\/ol>\n\t\t<\/div>\n\t<\/div>\n\t\n\t<div class=\"custom-shape-divider-bottom-terms-conditions\">\n\t\t<svg data-name=\"Layer 1\" xmlns=\"http:\/\/www.w3.org\/2000\/svg\" viewBox=\"0 0 1200 120\" preserveAspectRatio=\"none\">\n\t\t\t<path d=\"M985.66,92.83C906.67,72,823.78,31,743.84,14.19c-82.26-17.34-168.06-16.33-250.45.39-57.84,11.73-114,31.07-172,41.86A600.21,600.21,0,0,1,0,27.35V120H1200V95.8C1132.19,118.92,1055.71,111.31,985.66,92.83Z\" class=\"shape-fill\"><\/path>\n\t\t<\/svg>\n\t<\/div>\n<\/section>\n\n\n<section class=\"container-fluid payouts\" id=\"payouts\">\n\t<div class=\"container px-0 payouts-inner\">\n\t\t<div class=\"table-wrapper payouts-table   bold-final-row show-message\">\n\t\t\t<div class=\"icon-title\">\n\t\t\t\t<img decoding=\"async\" src=\"https:\/\/promo.evolution.com\/wp-content\/themes\/evolution-promo\/assets\/img\/icon\/gift.svg\">\n\n\t\t\t\t<h2>Tabla de Pagos<\/h2>\t\t\t<\/div>\n\n\t\t\t<table class=\"table\">\n\t\t\t\t<caption>S\u00f3lo 1 premio por jugador<\/caption><thead><tr><th scope=\"col\">Puesto<\/th><th scope=\"col\">Premio\n<\/th><\/tr><\/thead><tbody><tr><td>1<\/td><td>\u20ac1500\n<\/td><\/tr><tr><td>2<\/td><td>\u20ac1200\n<\/td><\/tr><tr><td>3<\/td><td>\u20ac1000<\/td><\/tr><tr><td>4<\/td><td>\u20ac900<\/td><\/tr><tr><td>5<\/td><td>\u20ac850<\/td><\/tr><tr><td>6<\/td><td>\u20ac800<\/td><\/tr><tr><td>7<\/td><td>\u20ac700<\/td><\/tr><tr><td>8<\/td><td>\u20ac600<\/td><\/tr><tr><td>9<\/td><td>\u20ac500<\/td><\/tr><tr><td>10<\/td><td>\u20ac400<\/td><\/tr><tr><td>11<\/td><td>\u20ac350<\/td><\/tr><tr><td>12<\/td><td>\u20ac300<\/td><\/tr><tr><td>13<\/td><td>\u20ac200<\/td><\/tr><tr><td>14<\/td><td>\u20ac150<\/td><\/tr><tr><td>15<\/td><td>\u20ac100<\/td><\/tr><tr><td>16<\/td><td>\u20ac100<\/td><\/tr><tr><td>17<\/td><td>\u20ac100<\/td><\/tr><tr><td>18<\/td><td>\u20ac90<\/td><\/tr><tr><td>19<\/td><td>\u20ac80<\/td><\/tr><tr><td>20<\/td><td>\u20ac80<\/td><\/tr><tr><td>TOTAL Per Month (Week)<\/td><td>\u20ac10000<\/td><\/tr><\/tbody>\t\t\t<\/table>\n\n\t\t\t<p class=\"rate-message\"><em>Tenga en cuenta que el tipo de cambio real puede variar con respecto a los valores indicados en la Tabla de Pagos.<\/em><\/p>\n\t\t<\/div>\n\t<\/div>\n<\/section>\n\n\t<section class=\"container-fluid winners\" id=\"winners\" style=\"background-image: url('https:\/\/promo.evolution.com\/wp-content\/themes\/evolution-promo\/assets\/img\/fallback.jpg')\">\n\t\t<div class=\"custom-shape-divider-top-winners\">\n\t\t\t<svg data-name=\"Layer 1\" xmlns=\"http:\/\/www.w3.org\/2000\/svg\" viewBox=\"0 0 1200 120\" preserveAspectRatio=\"none\">\n\t\t\t\t<path d=\"M321.39,56.44c58-10.79,114.16-30.13,172-41.86,82.39-16.72,168.19-17.73,250.45-.39C823.78,31,906.67,72,985.66,92.83c70.05,18.48,146.53,26.09,214.34,3V0H0V27.35A600.21,600.21,0,0,0,321.39,56.44Z\" class=\"shape-fill\"><\/path>\n\t\t\t<\/svg>\n\t\t<\/div>\n\n\t\t<div class=\"container px-0 winners-inner\">\n\t\t\t<div class=\"table-wrapper winners-table\">\n\t\t\t\t<div class=\"icon-title\">\n\t\t\t\t\t<img decoding=\"async\" src=\"https:\/\/promo.evolution.com\/wp-content\/themes\/evolution-promo\/assets\/img\/icon\/trophy.svg\">\n\n\t\t\t\t\t<h2>Tabla de Posiciones<\/h2>\t\t\t\t<\/div>\n\n\t\t\t\t\t\t\t\t\n\t\t\t\t<table class=\"table\">\n\t\t\t\t\t\t\t\t\t\t\t<thead>\n\t\t\t\t\t\t\t<tr>\n\t\t\t\t\t\t\t\t<th scope=\"col\">Jugador<\/th><th scope=\"col\">Puesto<\/th><th scope=\"col\">Puntos<\/th>\t\t\t\t\t\t\t<\/tr>\n\t\t\t\t\t\t<\/thead>\n\t\t\t\t\t\n\t\t\t\t\t<tbody>\n\t\t\t\t\t\t<tr><td>Bi***in<\/td><td>1<\/td><td>70680<\/td><\/tr><tr><td>Gu********69<\/td><td>2<\/td><td>62640<\/td><\/tr><tr><td>Gu*****sh<\/td><td>3<\/td><td>42430<\/td><\/tr><tr><td>Lo****bz<\/td><td>4<\/td><td>23700<\/td><\/tr><tr><td>Ar*******78<\/td><td>5<\/td><td>23360<\/td><\/tr><tr><td>Ho*la<\/td><td>6<\/td><td>16670<\/td><\/tr><tr><td>mo******25<\/td><td>7<\/td><td>15300<\/td><\/tr><tr><td>ru******75<\/td><td>8<\/td><td>13820<\/td><\/tr><tr><td>Az********97<\/td><td>9<\/td><td>12810<\/td><\/tr><tr><td>Ho**********44<\/td><td>10<\/td><td>12360<\/td><\/tr><tr><td>FA***LU<\/td><td>11<\/td><td>12160<\/td><\/tr><tr><td>Xa*******on<\/td><td>12<\/td><td>10330<\/td><\/tr><tr><td>pa************zz<\/td><td>13<\/td><td>9180<\/td><\/tr><tr><td>Ty*********ta<\/td><td>14<\/td><td>8890<\/td><\/tr><tr><td>fe***pe<\/td><td>15<\/td><td>8290<\/td><\/tr><tr><td>Va***ro<\/td><td>16<\/td><td>7580<\/td><\/tr><tr><td>tr***ki<\/td><td>17<\/td><td>7360<\/td><\/tr><tr><td>ma******19<\/td><td>18<\/td><td>6920<\/td><\/tr><tr><td>Je*********z1<\/td><td>19<\/td><td>6790<\/td><\/tr><tr><td>Kl*kk<\/td><td>20<\/td><td>6650<\/td><\/tr>\t\t\t\t\t<\/tbody>\n\t\t\t\t<\/table>\n\t\t\t<\/div>\n\t\t<\/div>\n\t<\/section>\n","protected":false},"excerpt":{"rendered":"","protected":false},"author":17,"featured_media":0,"parent":0,"menu_order":0,"comment_status":"closed","ping_status":"closed","template":"","meta":{"_acf_changed":false,"footnotes":""},"class_list":["post-20233","page","type-page","status-publish","hentry"],"acf":[],"_links":{"self":[{"href":"https:\/\/promo.evolution.com\/es\/wp-json\/wp\/v2\/pages\/20233","targetHints":{"allow":["GET"]}}],"collection":[{"href":"https:\/\/promo.evolution.com\/es\/wp-json\/wp\/v2\/pages"}],"about":[{"href":"https:\/\/promo.evolution.com\/es\/wp-json\/wp\/v2\/types\/page"}],"author":[{"embeddable":true,"href":"https:\/\/promo.evolution.com\/es\/wp-json\/wp\/v2\/users\/17"}],"replies":[{"embeddable":true,"href":"https:\/\/promo.evolution.com\/es\/wp-json\/wp\/v2\/comments?post=20233"}],"version-history":[{"count":101,"href":"https:\/\/promo.evolution.com\/es\/wp-json\/wp\/v2\/pages\/20233\/revisions"}],"predecessor-version":[{"id":39262,"href":"https:\/\/promo.evolution.com\/es\/wp-json\/wp\/v2\/pages\/20233\/revisions\/39262"}],"wp:attachment":[{"href":"https:\/\/promo.evolution.com\/es\/wp-json\/wp\/v2\/media?parent=20233"}],"curies":[{"name":"wp","href":"https:\/\/api.w.org\/{rel}","templated":true}]}}