{"id":20041,"date":"2025-02-14T11:11:34","date_gmt":"2025-02-14T11:11:34","guid":{"rendered":"https:\/\/promo.evolution.com\/?page_id=20041"},"modified":"2025-02-24T10:06:17","modified_gmt":"2025-02-24T10:06:17","slug":"yocasino-live-tournament-17-23-02","status":"publish","type":"page","link":"https:\/\/promo.evolution.com\/es\/yocasino-live-tournament-17-23-02\/","title":{"rendered":"YoCasino Live Tournament (17.-23\/02) ES"},"content":{"rendered":"\n<section class=\"container-fluid banner\" style=\"background-image: url('https:\/\/promo.evolution.com\/wp-content\/themes\/evolution-promo\/assets\/img\/fallback.jpg')\">\n\t<div class=\"container px-0 banner-inner \">\n\t\t<h1 class=\"banner-title\">Torneo de las Ruletas en Vivo<\/h1><h2 class=\"banner-subtitle\">con YoCasino<\/h2>\n\t\t<div class=\"table-wrapper campaign-details\">\n\t\t\t<div class=\"icon-title\">\n\t\t\t\t<img decoding=\"async\" src=\"https:\/\/promo.evolution.com\/wp-content\/themes\/evolution-promo\/assets\/img\/icon\/info.svg\">\n\t\t\t\t<h2>Informaci\u00f3n General <\/h2>\n\t\t\t<\/div>\n\n\t\t\t<table class=\"table\">\n\t\t\t\t<tbody>\n\t\t\t\t\t\t\t\t\t\t\t<tr>\n\t\t\t\t\t\t\t<th>Per\u00edodo de Promoci\u00f3n<\/th>\n\n\t\t\t\t\t\t\t<td>\n\t\t\t\t\t\t\t\t17\/02 00:00 &#8211; 23\/02 23:59\n\t\t\t\t\t\t\t\t<span class=\"timezone\">(UTC+1)<\/span><\/td>\t\t\t\t\t\t\t<\/td>\n\t\t\t\t\t\t<\/tr>\n\t\t\t\t\t\t\t\t\t\t\t<tr>\n\t\t\t\t\t\t\t<th>Tipo de Promoci\u00f3n<\/th>\n\t\t\t\t\t\t\t<td>Leaderboard<\/td>\n\t\t\t\t\t\t<\/tr>\n\t\t\t\t\t\t\t\t\t\t\t<tr> \n\n\t\t\t\t\t\t\t<th>Fecha de anuncio de los Ganadores<\/th>\n\t\t\t\t\t\t\t<td>\n\t\t\t\t\t\t\t\t24\/02 14:00\t\t\t\t\t\t\t\t\n\t\t\t\t\t\t\t\t<span class=\"timezone\">(UTC+1)<\/span><\/td>\t\t\t\t\t\t\t<\/td>\n\t\t\t\t\t\t<\/tr>\n\t\t\t\t\t\t\t\t\t\t\t<tr>\n\t\t\t\t\t\t\t<th>N\u00famero de Ganadores<\/th>\n\t\t\t\t\t\t\t<td>20<\/td>\n\t\t\t\t\t\t<\/tr>\n\t\t\t\t\t\t\t\t\t\t\t<tr>\n\t\t\t\t\t\t\t<th>Cantidad del Premio<\/th>\n\t\t\t\t\t\t\t<td>3.000\u20ac<\/td>\n\t\t\t\t\t\t<\/tr>\n\t\t\t\t\t\t\t\t\t\t\t<tr>\n\t\t\t\t\t\t\t<th>Juegos Participantes<\/th>\n\t\t\t\t\t\t\t<td>Ruleta Rel\u00e1mpago En Vivo, Ruleta Francesa, Auto Ruleta Francesa, AutoRuleta Rel\u00e1mpago<\/td>\n\t\t\t\t\t\t<\/tr>\n\t\t\t\t\t\t\t\t\t<\/tbody>\n\t\t\t<\/table>\n\t\t<\/div>\n\n\t\t<div class=\"winners-link\">\n\n\t\t\t<a href=\"#winners\">Ir a la lista de ganadores<\/a>\t\t\t\n\t\t\t\n\t\t<\/div>\n\t<\/div>\n\n\t<div class=\"custom-shape-divider-bottom-banner\">\n\t\t<svg data-name=\"Layer 1\" xmlns=\"http:\/\/www.w3.org\/2000\/svg\" viewBox=\"0 0 1200 120\" preserveAspectRatio=\"none\">\n\t\t\t<path d=\"M985.66,92.83C906.67,72,823.78,31,743.84,14.19c-82.26-17.34-168.06-16.33-250.45.39-57.84,11.73-114,31.07-172,41.86A600.21,600.21,0,0,1,0,27.35V120H1200V95.8C1132.19,118.92,1055.71,111.31,985.66,92.83Z\" class=\"shape-fill\"><\/path>\n\t\t<\/svg>\n\t<\/div>\n<\/section>\n\n\n<section class=\"container-fluid games-list\">\n\t<div class=\"container px-0 games-list-inner\">\n\t\t<div class=\"gradient-border\">\n\t\t\t<span class=\"gradient-border-inner\">\n\t\t\t\t<div class=\"icon-title\">\n\t\t\t\t\t<img decoding=\"async\" src=\"https:\/\/promo.evolution.com\/wp-content\/themes\/evolution-promo\/assets\/img\/icon\/gambling.svg\"><h3>Juegos Participantes<\/h3>\t\t\t\t<\/div>\n\t\t\t<\/span>\n\t\t<\/div>\n\t\t\n\t\t<div class=\"games-list-row\"><span>\n\t\t\t\t\t<img decoding=\"async\" class=\"game-logo\" src=\"https:\/\/promo.evolution.com\/wp-content\/uploads\/2024\/01\/ruleta_bola_rapida_en_vivo.png\">\n\t\t\t\t\t<small>Ruleta Bola Rapida Francesa<\/small>\n\t\t\t\t\t<img decoding=\"async\" class=\"brand-logo\" src=\"https:\/\/promo.evolution.com\/wp-content\/uploads\/2023\/07\/evolution.svg\">\n\t\t\t\t<\/span><span>\n\t\t\t\t\t<img decoding=\"async\" class=\"game-logo\" src=\"https:\/\/promo.evolution.com\/wp-content\/uploads\/2023\/11\/ruleta_relampago_logo_2022_08-1.svg\">\n\t\t\t\t\t<small>Ruleta Rel\u00e1mpago en Vivo<\/small>\n\t\t\t\t\t<img decoding=\"async\" class=\"brand-logo\" src=\"https:\/\/promo.evolution.com\/wp-content\/uploads\/2023\/07\/evolution.svg\">\n\t\t\t\t<\/span><span>\n\t\t\t\t\t<img decoding=\"async\" class=\"game-logo\" src=\"https:\/\/promo.evolution.com\/wp-content\/uploads\/2024\/01\/ruleta_en_vivo_logo_2023_04.png\">\n\t\t\t\t\t<small>Ruleta en Vivo Francesa<\/small>\n\t\t\t\t\t<img decoding=\"async\" class=\"brand-logo\" src=\"https:\/\/promo.evolution.com\/wp-content\/uploads\/2023\/07\/evolution.svg\">\n\t\t\t\t<\/span><span>\n\t\t\t\t\t<img decoding=\"async\" class=\"game-logo\" src=\"https:\/\/promo.evolution.com\/wp-content\/uploads\/2024\/01\/auto_roulette_automatica_2022_07.png\">\n\t\t\t\t\t<small>Ruleta Autom\u00e1tica<\/small>\n\t\t\t\t\t<img decoding=\"async\" class=\"brand-logo\" src=\"https:\/\/promo.evolution.com\/wp-content\/uploads\/2023\/07\/evolution.svg\">\n\t\t\t\t<\/span><\/div>\t<\/div>\n<\/section>\n\n\n\n<section class=\"container-fluid terms-conditions\">\n\t<div class=\"custom-shape-divider-top-terms-conditions\">\n\t\t<svg data-name=\"Layer 1\" xmlns=\"http:\/\/www.w3.org\/2000\/svg\" viewBox=\"0 0 1200 120\" preserveAspectRatio=\"none\">\n\t\t\t<path d=\"M321.39,56.44c58-10.79,114.16-30.13,172-41.86,82.39-16.72,168.19-17.73,250.45-.39C823.78,31,906.67,72,985.66,92.83c70.05,18.48,146.53,26.09,214.34,3V0H0V27.35A600.21,600.21,0,0,0,321.39,56.44Z\" class=\"shape-fill\"><\/path>\n\t\t<\/svg>\n\t<\/div>\n\n\t<div class=\"container px-0 terms-conditions-inner\">\n\t\t<div class=\"gradient-border\">\n\t\t\t<span class=\"gradient-border-inner\">\n\t\t\t\t<div class=\"icon-title\">\n\t\t\t\t\t<img decoding=\"async\" src=\"https:\/\/promo.evolution.com\/wp-content\/themes\/evolution-promo\/assets\/img\/icon\/terms.svg\">\n\t\t\t\t\t<h3>T\u00e9rminos &#038; Condiciones <\/h3>\n\t\t\t\t<\/div>\n\t\t\t<\/span>\n\t\t<\/div>\n\n\t\t<div class=\"terms-conditions-content\">\n\t\t\t<p style=\"text-align: center\"><span data-teams=\"true\">Ver Detalles de la Promoci\u00f3n. <strong>M\u00e1s info aqu\u00ed<\/strong><\/span>: <a href=\"https:\/\/www.yocasino.es\/promociones\/torneo-ruletas-febrero\">LINK<\/a><\/p>\n\t\t<\/div>\n\t<\/div>\n\t\n\t<div class=\"custom-shape-divider-bottom-terms-conditions\">\n\t\t<svg data-name=\"Layer 1\" xmlns=\"http:\/\/www.w3.org\/2000\/svg\" viewBox=\"0 0 1200 120\" preserveAspectRatio=\"none\">\n\t\t\t<path d=\"M985.66,92.83C906.67,72,823.78,31,743.84,14.19c-82.26-17.34-168.06-16.33-250.45.39-57.84,11.73-114,31.07-172,41.86A600.21,600.21,0,0,1,0,27.35V120H1200V95.8C1132.19,118.92,1055.71,111.31,985.66,92.83Z\" class=\"shape-fill\"><\/path>\n\t\t<\/svg>\n\t<\/div>\n<\/section>\n\n\t<section class=\"container-fluid winners\" id=\"winners\" style=\"background-image: url('https:\/\/promo.evolution.com\/wp-content\/themes\/evolution-promo\/assets\/img\/fallback.jpg')\">\n\t\t<div class=\"custom-shape-divider-top-winners\">\n\t\t\t<svg data-name=\"Layer 1\" xmlns=\"http:\/\/www.w3.org\/2000\/svg\" viewBox=\"0 0 1200 120\" preserveAspectRatio=\"none\">\n\t\t\t\t<path d=\"M321.39,56.44c58-10.79,114.16-30.13,172-41.86,82.39-16.72,168.19-17.73,250.45-.39C823.78,31,906.67,72,985.66,92.83c70.05,18.48,146.53,26.09,214.34,3V0H0V27.35A600.21,600.21,0,0,0,321.39,56.44Z\" class=\"shape-fill\"><\/path>\n\t\t\t<\/svg>\n\t\t<\/div>\n\n\t\t<div class=\"container px-0 winners-inner\">\n\t\t\t<div class=\"table-wrapper winners-table\">\n\t\t\t\t<div class=\"icon-title\">\n\t\t\t\t\t<img decoding=\"async\" src=\"https:\/\/promo.evolution.com\/wp-content\/themes\/evolution-promo\/assets\/img\/icon\/trophy.svg\">\n\n\t\t\t\t\t<h2>Ganadores<\/h2>\t\t\t\t<\/div>\n\n\t\t\t\t\t\t\t\t\n\t\t\t\t<table class=\"table\">\n\t\t\t\t\t\t\t\t\t\t\t<thead>\n\t\t\t\t\t\t\t<tr>\n\t\t\t\t\t\t\t\t<th scope=\"col\">Puesto<\/th><th scope=\"col\">Jugador<\/th><th scope=\"col\">Puntos<\/th>\t\t\t\t\t\t\t<\/tr>\n\t\t\t\t\t\t<\/thead>\n\t\t\t\t\t\n\t\t\t\t\t<tbody>\n\t\t\t\t\t\t<tr><td>1<\/td><td>Karool95<\/td><td>48600<\/td><\/tr><tr><td>2<\/td><td>Andu<\/td><td>48200<\/td><\/tr><tr><td>3<\/td><td>Yep<\/td><td>34100<\/td><\/tr><tr><td>4<\/td><td>xacs<\/td><td>29300<\/td><\/tr><tr><td>5<\/td><td>Tunaje<\/td><td>26000<\/td><\/tr><tr><td>6<\/td><td>Tttt<\/td><td>24400<\/td><\/tr><tr><td>7<\/td><td>Ram<\/td><td>21800<\/td><\/tr><tr><td>8<\/td><td>Rivers<\/td><td>16900<\/td><\/tr><tr><td>9<\/td><td>Victorelcremba<\/td><td>16800<\/td><\/tr><tr><td>10<\/td><td>Ola<\/td><td>14900<\/td><\/tr><tr><td>11<\/td><td>Crstgn<\/td><td>14800<\/td><\/tr><tr><td>12<\/td><td>TODOAL21<\/td><td>14200<\/td><\/tr><tr><td>13<\/td><td>Qr<\/td><td>12600<\/td><\/tr><tr><td>14<\/td><td>Heisemeberg<\/td><td>11900<\/td><\/tr><tr><td>15<\/td><td>mostovoy<\/td><td>11200<\/td><\/tr><tr><td>16<\/td><td>Lolito<\/td><td>11000<\/td><\/tr><tr><td>17<\/td><td>pov<\/td><td>9700<\/td><\/tr><tr><td>18<\/td><td>Edu<\/td><td>9300<\/td><\/tr><tr><td>19<\/td><td>Pa<\/td><td>9200<\/td><\/tr><tr><td>20<\/td><td>Piscis38<\/td><td>8200<\/td><\/tr>\t\t\t\t\t<\/tbody>\n\t\t\t\t<\/table>\n\t\t\t<\/div>\n\t\t<\/div>\n\t<\/section>\n","protected":false},"excerpt":{"rendered":"","protected":false},"author":17,"featured_media":0,"parent":0,"menu_order":0,"comment_status":"closed","ping_status":"closed","template":"","meta":{"_acf_changed":false,"footnotes":""},"class_list":["post-20041","page","type-page","status-publish","hentry"],"acf":[],"_links":{"self":[{"href":"https:\/\/promo.evolution.com\/es\/wp-json\/wp\/v2\/pages\/20041","targetHints":{"allow":["GET"]}}],"collection":[{"href":"https:\/\/promo.evolution.com\/es\/wp-json\/wp\/v2\/pages"}],"about":[{"href":"https:\/\/promo.evolution.com\/es\/wp-json\/wp\/v2\/types\/page"}],"author":[{"embeddable":true,"href":"https:\/\/promo.evolution.com\/es\/wp-json\/wp\/v2\/users\/17"}],"replies":[{"embeddable":true,"href":"https:\/\/promo.evolution.com\/es\/wp-json\/wp\/v2\/comments?post=20041"}],"version-history":[{"count":9,"href":"https:\/\/promo.evolution.com\/es\/wp-json\/wp\/v2\/pages\/20041\/revisions"}],"predecessor-version":[{"id":20422,"href":"https:\/\/promo.evolution.com\/es\/wp-json\/wp\/v2\/pages\/20041\/revisions\/20422"}],"wp:attachment":[{"href":"https:\/\/promo.evolution.com\/es\/wp-json\/wp\/v2\/media?parent=20041"}],"curies":[{"name":"wp","href":"https:\/\/api.w.org\/{rel}","templated":true}]}}