{"id":17267,"date":"2024-12-06T09:57:47","date_gmt":"2024-12-06T09:57:47","guid":{"rendered":"https:\/\/promo.evolution.com\/?page_id=17267"},"modified":"2024-12-16T10:55:16","modified_gmt":"2024-12-16T10:55:16","slug":"yocasino-torneo-de-las-ruletas-navidad-es","status":"publish","type":"page","link":"https:\/\/promo.evolution.com\/es\/yocasino-torneo-de-las-ruletas-navidad-es\/","title":{"rendered":"YoCasino Torneo de las Ruletas Navidad ES"},"content":{"rendered":"\n<section class=\"container-fluid banner\" style=\"background-image: url('https:\/\/promo.evolution.com\/wp-content\/themes\/evolution-promo\/assets\/img\/fallback.jpg')\">\n\t<div class=\"container px-0 banner-inner \">\n\t\t<h1 class=\"banner-title\">Torneo de las Ruletas en Vivo Navidad con YoCasino<\/h1>\n\t\t<div class=\"table-wrapper campaign-details\">\n\t\t\t<div class=\"icon-title\">\n\t\t\t\t<img decoding=\"async\" src=\"https:\/\/promo.evolution.com\/wp-content\/themes\/evolution-promo\/assets\/img\/icon\/info.svg\">\n\t\t\t\t<h2>Informaci\u00f3n General <\/h2>\n\t\t\t<\/div>\n\n\t\t\t<table class=\"table\">\n\t\t\t\t<tbody>\n\t\t\t\t\t\t\t\t\t\t\t<tr>\n\t\t\t\t\t\t\t<th>Per\u00edodo de Promoci\u00f3n<\/th>\n\n\t\t\t\t\t\t\t<td>\n\t\t\t\t\t\t\t\t09\/12 00:00 &#8211; 15\/12 23:59\n\t\t\t\t\t\t\t\t<span class=\"timezone\">(CET \/ UTC+01:00)<\/span><\/td>\t\t\t\t\t\t\t<\/td>\n\t\t\t\t\t\t<\/tr>\n\t\t\t\t\t\t\t\t\t\t\t<tr>\n\t\t\t\t\t\t\t<th>Tipo de Promoci\u00f3n<\/th>\n\t\t\t\t\t\t\t<td>Leaderboard<\/td>\n\t\t\t\t\t\t<\/tr>\n\t\t\t\t\t\t\t\t\t\t\t<tr> \n\n\t\t\t\t\t\t\t<th>Fecha de anuncio de los Ganadores<\/th>\n\t\t\t\t\t\t\t<td>\n\t\t\t\t\t\t\t\t18\/12 14:00\t\t\t\t\t\t\t\t\n\t\t\t\t\t\t\t\t<span class=\"timezone\">(CET \/ UTC+01:00)<\/span><\/td>\t\t\t\t\t\t\t<\/td>\n\t\t\t\t\t\t<\/tr>\n\t\t\t\t\t\t\t\t\t\t\t<tr>\n\t\t\t\t\t\t\t<th>N\u00famero de Ganadores<\/th>\n\t\t\t\t\t\t\t<td>50<\/td>\n\t\t\t\t\t\t<\/tr>\n\t\t\t\t\t\t\t\t\t\t\t<tr>\n\t\t\t\t\t\t\t<th>Cantidad del Premio<\/th>\n\t\t\t\t\t\t\t<td>\u20ac3,000 <\/td>\n\t\t\t\t\t\t<\/tr>\n\t\t\t\t\t\t\t\t\t\t\t<tr>\n\t\t\t\t\t\t\t<th>Juegos Participantes<\/th>\n\t\t\t\t\t\t\t<td>Ruleta Francesa en Vivo, Ruleta Rel\u00e1mpago en Vivo, Ruleta en Vivo, Ruleta en Vivo Francesa, Auto Lightning Roulette, Ruleta Autom\u00e1tica, Ruleta Relampago, Ruleta Auto Francesa, Ruleta Bola Rapida en Vivo, Ruleta Dual Play.<\/td>\n\t\t\t\t\t\t<\/tr>\n\t\t\t\t\t\t\t\t\t<\/tbody>\n\t\t\t<\/table>\n\t\t<\/div>\n\n\t\t<div class=\"winners-link\">\n\n\t\t\t<a href=\"#winners\">Ir a la lista de ganadores<\/a>\t\t\t\n\t\t\t\n\t\t<\/div>\n\t<\/div>\n\n\t<div class=\"custom-shape-divider-bottom-banner\">\n\t\t<svg data-name=\"Layer 1\" xmlns=\"http:\/\/www.w3.org\/2000\/svg\" viewBox=\"0 0 1200 120\" preserveAspectRatio=\"none\">\n\t\t\t<path d=\"M985.66,92.83C906.67,72,823.78,31,743.84,14.19c-82.26-17.34-168.06-16.33-250.45.39-57.84,11.73-114,31.07-172,41.86A600.21,600.21,0,0,1,0,27.35V120H1200V95.8C1132.19,118.92,1055.71,111.31,985.66,92.83Z\" class=\"shape-fill\"><\/path>\n\t\t<\/svg>\n\t<\/div>\n<\/section>\n\n\n<section class=\"container-fluid games-list\">\n\t<div class=\"container px-0 games-list-inner\">\n\t\t<div class=\"gradient-border\">\n\t\t\t<span class=\"gradient-border-inner\">\n\t\t\t\t<div class=\"icon-title\">\n\t\t\t\t\t<img decoding=\"async\" src=\"https:\/\/promo.evolution.com\/wp-content\/themes\/evolution-promo\/assets\/img\/icon\/gambling.svg\"><h3>Juegos Participantes<\/h3>\t\t\t\t<\/div>\n\t\t\t<\/span>\n\t\t<\/div>\n\t\t\n\t\t<div class=\"games-list-row\"><span>\n\t\t\t\t\t<img decoding=\"async\" class=\"game-logo\" src=\"https:\/\/promo.evolution.com\/wp-content\/uploads\/2024\/01\/auto_roulette_automatica_2022_07.png\">\n\t\t\t\t\t<small>Ruleta Autom\u00e1tica<\/small>\n\t\t\t\t\t<img decoding=\"async\" class=\"brand-logo\" src=\"https:\/\/promo.evolution.com\/wp-content\/uploads\/2023\/07\/evolution.svg\">\n\t\t\t\t<\/span><span>\n\t\t\t\t\t<img decoding=\"async\" class=\"game-logo\" src=\"https:\/\/promo.evolution.com\/wp-content\/uploads\/2023\/11\/ruleta_relampago_logo_2022_08-1.svg\">\n\t\t\t\t\t<small>Ruleta Rel\u00e1mpago en Vivo<\/small>\n\t\t\t\t\t<img decoding=\"async\" class=\"brand-logo\" src=\"https:\/\/promo.evolution.com\/wp-content\/uploads\/2023\/07\/evolution.svg\">\n\t\t\t\t<\/span><span>\n\t\t\t\t\t<img decoding=\"async\" class=\"game-logo\" src=\"https:\/\/promo.evolution.com\/wp-content\/uploads\/2024\/01\/ruleta_en_vivo_logo_2023_04.png\">\n\t\t\t\t\t<small>Ruleta en Vivo<\/small>\n\t\t\t\t\t<img decoding=\"async\" class=\"brand-logo\" src=\"https:\/\/promo.evolution.com\/wp-content\/uploads\/2023\/07\/evolution.svg\">\n\t\t\t\t<\/span><span>\n\t\t\t\t\t<img decoding=\"async\" class=\"game-logo\" src=\"https:\/\/promo.evolution.com\/wp-content\/uploads\/2024\/01\/ruleta_bola_rapida_en_vivo_logo_esp_2020_08.png\">\n\t\t\t\t\t<small>Ruleta Bola Rapida en Vivo<\/small>\n\t\t\t\t\t<img decoding=\"async\" class=\"brand-logo\" src=\"https:\/\/promo.evolution.com\/wp-content\/uploads\/2023\/07\/evolution.svg\">\n\t\t\t\t<\/span><span>\n\t\t\t\t\t<img decoding=\"async\" class=\"game-logo\" src=\"https:\/\/promo.evolution.com\/wp-content\/uploads\/2024\/11\/odiseo_ro_loading-logo.4d50132.svg\">\n\t\t\t\t\t<small>Ruleta Dual Play<\/small>\n\t\t\t\t\t<img decoding=\"async\" class=\"brand-logo\" src=\"https:\/\/promo.evolution.com\/wp-content\/uploads\/2023\/07\/evolution.svg\">\n\t\t\t\t<\/span><span>\n\t\t\t\t\t<img decoding=\"async\" class=\"game-logo\" src=\"https:\/\/promo.evolution.com\/wp-content\/uploads\/2024\/01\/ruleta_bola_rapida_en_vivo.png\">\n\t\t\t\t\t<small>Ruleta Bola Rapida Francesa<\/small>\n\t\t\t\t\t<img decoding=\"async\" class=\"brand-logo\" src=\"https:\/\/promo.evolution.com\/wp-content\/uploads\/2023\/07\/evolution.svg\">\n\t\t\t\t<\/span><span>\n\t\t\t\t\t<img decoding=\"async\" class=\"game-logo\" src=\"https:\/\/promo.evolution.com\/wp-content\/uploads\/2023\/12\/ruleta_bola_rapida_en_vivo_thumbnail_circular_752x752_2020_12_01.png\">\n\t\t\t\t\t<small>Ruleta Bola R\u00e1pida en Vivo<\/small>\n\t\t\t\t\t<img decoding=\"async\" class=\"brand-logo\" src=\"https:\/\/promo.evolution.com\/wp-content\/uploads\/2023\/07\/evolution.svg\">\n\t\t\t\t<\/span><span>\n\t\t\t\t\t<img decoding=\"async\" class=\"game-logo\" src=\"https:\/\/promo.evolution.com\/wp-content\/uploads\/2023\/11\/ruleta_relampago_en_vivo_thumbnail_1080x1080_2023_09.png\">\n\t\t\t\t\t<small>Ruleta Rel\u00e1mpago en Vivo<\/small>\n\t\t\t\t\t<img decoding=\"async\" class=\"brand-logo\" src=\"https:\/\/promo.evolution.com\/wp-content\/uploads\/2023\/07\/evolution.svg\">\n\t\t\t\t<\/span><span>\n\t\t\t\t\t<img decoding=\"async\" class=\"game-logo\" src=\"https:\/\/promo.evolution.com\/wp-content\/uploads\/2024\/01\/ruleta_en_vivo_logo_2023_04.png\">\n\t\t\t\t\t<small>Ruleta en Vivo Francesa<\/small>\n\t\t\t\t\t<img decoding=\"async\" class=\"brand-logo\" src=\"https:\/\/promo.evolution.com\/wp-content\/uploads\/2023\/07\/evolution.svg\">\n\t\t\t\t<\/span><\/div>\t<\/div>\n<\/section>\n\n\n\n<section class=\"container-fluid terms-conditions\">\n\t<div class=\"custom-shape-divider-top-terms-conditions\">\n\t\t<svg data-name=\"Layer 1\" xmlns=\"http:\/\/www.w3.org\/2000\/svg\" viewBox=\"0 0 1200 120\" preserveAspectRatio=\"none\">\n\t\t\t<path d=\"M321.39,56.44c58-10.79,114.16-30.13,172-41.86,82.39-16.72,168.19-17.73,250.45-.39C823.78,31,906.67,72,985.66,92.83c70.05,18.48,146.53,26.09,214.34,3V0H0V27.35A600.21,600.21,0,0,0,321.39,56.44Z\" class=\"shape-fill\"><\/path>\n\t\t<\/svg>\n\t<\/div>\n\n\t<div class=\"container px-0 terms-conditions-inner\">\n\t\t<div class=\"gradient-border\">\n\t\t\t<span class=\"gradient-border-inner\">\n\t\t\t\t<div class=\"icon-title\">\n\t\t\t\t\t<img decoding=\"async\" src=\"https:\/\/promo.evolution.com\/wp-content\/themes\/evolution-promo\/assets\/img\/icon\/terms.svg\">\n\t\t\t\t\t<h3>T\u00e9rminos &#038; Condiciones <\/h3>\n\t\t\t\t<\/div>\n\t\t\t<\/span>\n\t\t<\/div>\n\n\t\t<div class=\"terms-conditions-content\">\n\t\t\t<p style=\"text-align: center\"><span data-teams=\"true\">Ver Detalles de la Promoci\u00f3n. <strong>M\u00e1s info aqu\u00ed<\/strong><\/span>: <a href=\"https:\/\/www.yocasino.es\/promociones\/torneo-navidad-con-ruletas\/\">LINK<\/a><\/p>\n\t\t<\/div>\n\t<\/div>\n\t\n\t<div class=\"custom-shape-divider-bottom-terms-conditions\">\n\t\t<svg data-name=\"Layer 1\" xmlns=\"http:\/\/www.w3.org\/2000\/svg\" viewBox=\"0 0 1200 120\" preserveAspectRatio=\"none\">\n\t\t\t<path d=\"M985.66,92.83C906.67,72,823.78,31,743.84,14.19c-82.26-17.34-168.06-16.33-250.45.39-57.84,11.73-114,31.07-172,41.86A600.21,600.21,0,0,1,0,27.35V120H1200V95.8C1132.19,118.92,1055.71,111.31,985.66,92.83Z\" class=\"shape-fill\"><\/path>\n\t\t<\/svg>\n\t<\/div>\n<\/section>\n\n\t<section class=\"container-fluid winners\" id=\"winners\" style=\"background-image: url('https:\/\/promo.evolution.com\/wp-content\/themes\/evolution-promo\/assets\/img\/fallback.jpg')\">\n\t\t<div class=\"custom-shape-divider-top-winners\">\n\t\t\t<svg data-name=\"Layer 1\" xmlns=\"http:\/\/www.w3.org\/2000\/svg\" viewBox=\"0 0 1200 120\" preserveAspectRatio=\"none\">\n\t\t\t\t<path d=\"M321.39,56.44c58-10.79,114.16-30.13,172-41.86,82.39-16.72,168.19-17.73,250.45-.39C823.78,31,906.67,72,985.66,92.83c70.05,18.48,146.53,26.09,214.34,3V0H0V27.35A600.21,600.21,0,0,0,321.39,56.44Z\" class=\"shape-fill\"><\/path>\n\t\t\t<\/svg>\n\t\t<\/div>\n\n\t\t<div class=\"container px-0 winners-inner\">\n\t\t\t<div class=\"table-wrapper winners-table\">\n\t\t\t\t<div class=\"icon-title\">\n\t\t\t\t\t<img decoding=\"async\" src=\"https:\/\/promo.evolution.com\/wp-content\/themes\/evolution-promo\/assets\/img\/icon\/trophy.svg\">\n\n\t\t\t\t\t<h2>Leaderboard<\/h2>\t\t\t\t<\/div>\n\n\t\t\t\t\t\t\t\t\n\t\t\t\t<table class=\"table\">\n\t\t\t\t\t\t\t\t\t\t\t<thead>\n\t\t\t\t\t\t\t<tr>\n\t\t\t\t\t\t\t\t<th scope=\"col\">Puesto<\/th><th scope=\"col\">Jugador<\/th><th scope=\"col\">Puntos<\/th>\t\t\t\t\t\t\t<\/tr>\n\t\t\t\t\t\t<\/thead>\n\t\t\t\t\t\n\t\t\t\t\t<tbody>\n\t\t\t\t\t\t<tr><td>1<\/td><td>JK007<\/td><td>105400<\/td><\/tr><tr><td>2<\/td><td>Tunaje<\/td><td>50500<\/td><\/tr><tr><td>3<\/td><td>Malou1<\/td><td>49900<\/td><\/tr><tr><td>4<\/td><td>Nur<\/td><td>43000<\/td><\/tr><tr><td>5<\/td><td>Gaby<\/td><td>33300<\/td><\/tr><tr><td>6<\/td><td>Ahhaha<\/td><td>24000<\/td><\/tr><tr><td>7<\/td><td>Magnifique<\/td><td>23300<\/td><\/tr><tr><td>8<\/td><td>Yep<\/td><td>23200<\/td><\/tr><tr><td>9<\/td><td>Alfonsillo<\/td><td>20400<\/td><\/tr><tr><td>10<\/td><td>Fcol<\/td><td>18900<\/td><\/tr><tr><td>11<\/td><td>Ram<\/td><td>17300<\/td><\/tr><tr><td>12<\/td><td>Silvieta26<\/td><td>16800<\/td><\/tr><tr><td>13<\/td><td>Jjj<\/td><td>16600<\/td><\/tr><tr><td>14<\/td><td>Df<\/td><td>16400<\/td><\/tr><tr><td>15<\/td><td>Maurizio<\/td><td>16000<\/td><\/tr><tr><td>16<\/td><td>J2442054X-<\/td><td>15900<\/td><\/tr><tr><td>17<\/td><td>rosita29<\/td><td>13800<\/td><\/tr><tr><td>18<\/td><td>Bartolita69<\/td><td>11100<\/td><\/tr><tr><td>19<\/td><td>Sigue jugando<\/td><td>10200<\/td><\/tr><tr><td>20<\/td><td>Peibol<\/td><td>9900<\/td><\/tr><tr><td>21<\/td><td>Princesita<\/td><td>9600<\/td><\/tr><tr><td>22<\/td><td>Angel9<\/td><td>9300<\/td><\/tr><tr><td>23<\/td><td>Zburatorul<\/td><td>9300<\/td><\/tr><tr><td>24<\/td><td>Daniel<\/td><td>9200<\/td><\/tr><tr><td>25<\/td><td>Monxi<\/td><td>9100<\/td><\/tr><tr><td>26<\/td><td>aitor<\/td><td>8800<\/td><\/tr><tr><td>27<\/td><td>Jmarx<\/td><td>8700<\/td><\/tr><tr><td>28<\/td><td>Jorgegs<\/td><td>8700<\/td><\/tr><tr><td>29<\/td><td>chili7<\/td><td>8000<\/td><\/tr><tr><td>30<\/td><td>xacs<\/td><td>8000<\/td><\/tr><tr><td>31<\/td><td>Reinablanca<\/td><td>7500<\/td><\/tr><tr><td>32<\/td><td>Pablochampion<\/td><td>7400<\/td><\/tr><tr><td>33<\/td><td>Tyf<\/td><td>7400<\/td><\/tr><tr><td>34<\/td><td>Pumukita93<\/td><td>6500<\/td><\/tr><tr><td>35<\/td><td>Alex<\/td><td>6500<\/td><\/tr><tr><td>36<\/td><td>RF2327<\/td><td>6100<\/td><\/tr><tr><td>37<\/td><td>loloxl<\/td><td>5500<\/td><\/tr><tr><td>38<\/td><td>Cesini<\/td><td>5100<\/td><\/tr><tr><td>39<\/td><td>Aaa<\/td><td>5100<\/td><\/tr><tr><td>40<\/td><td>Luisso<\/td><td>4900<\/td><\/tr><tr><td>41<\/td><td>Samuuugz<\/td><td>4800<\/td><\/tr><tr><td>42<\/td><td>Pepe<\/td><td>4600<\/td><\/tr><tr><td>43<\/td><td>Nuni<\/td><td>4500<\/td><\/tr><tr><td>44<\/td><td>Mile<\/td><td>4500<\/td><\/tr><tr><td>45<\/td><td>lidia1977<\/td><td>4400<\/td><\/tr><tr><td>46<\/td><td>Mannn<\/td><td>4300<\/td><\/tr><tr><td>47<\/td><td>MorEn0<\/td><td>4000<\/td><\/tr><tr><td>48<\/td><td>Paris<\/td><td>3800<\/td><\/tr><tr><td>49<\/td><td>Ale20<\/td><td>3700<\/td><\/tr><tr><td>50<\/td><td>Tresbi<\/td><td>3700<\/td><\/tr>\t\t\t\t\t<\/tbody>\n\t\t\t\t<\/table>\n\t\t\t<\/div>\n\t\t<\/div>\n\t<\/section>\n","protected":false},"excerpt":{"rendered":"","protected":false},"author":17,"featured_media":0,"parent":0,"menu_order":0,"comment_status":"closed","ping_status":"closed","template":"","meta":{"_acf_changed":false,"footnotes":""},"class_list":["post-17267","page","type-page","status-publish","hentry"],"acf":[],"_links":{"self":[{"href":"https:\/\/promo.evolution.com\/es\/wp-json\/wp\/v2\/pages\/17267","targetHints":{"allow":["GET"]}}],"collection":[{"href":"https:\/\/promo.evolution.com\/es\/wp-json\/wp\/v2\/pages"}],"about":[{"href":"https:\/\/promo.evolution.com\/es\/wp-json\/wp\/v2\/types\/page"}],"author":[{"embeddable":true,"href":"https:\/\/promo.evolution.com\/es\/wp-json\/wp\/v2\/users\/17"}],"replies":[{"embeddable":true,"href":"https:\/\/promo.evolution.com\/es\/wp-json\/wp\/v2\/comments?post=17267"}],"version-history":[{"count":9,"href":"https:\/\/promo.evolution.com\/es\/wp-json\/wp\/v2\/pages\/17267\/revisions"}],"predecessor-version":[{"id":17713,"href":"https:\/\/promo.evolution.com\/es\/wp-json\/wp\/v2\/pages\/17267\/revisions\/17713"}],"wp:attachment":[{"href":"https:\/\/promo.evolution.com\/es\/wp-json\/wp\/v2\/media?parent=17267"}],"curies":[{"name":"wp","href":"https:\/\/api.w.org\/{rel}","templated":true}]}}